{"id":9007,"date":"2022-09-07T14:18:07","date_gmt":"2022-09-07T12:18:07","guid":{"rendered":"https:\/\/www.kristallturm.com\/?page_id=9007"},"modified":"2026-01-22T08:47:27","modified_gmt":"2026-01-22T07:47:27","slug":"tegernsee-phantastisch","status":"publish","type":"page","link":"https:\/\/www.kristallturm.com\/de\/tegernsee-phantastisch\/","title":{"rendered":"Tegernsee Phantastisch"},"content":{"rendered":"\n<div class=\"wp-block-media-text alignfull has-media-on-the-right is-stacked-on-mobile is-vertically-aligned-center is-image-fill-element has-contrast-color has-text-color has-background\" style=\"background-color:#a9c5cc;grid-template-columns:auto 55%\"><div class=\"wp-block-media-text__content\"><div class=\"gb-container gb-container-54fbe327\"><div class=\"gb-inside-container\">\n\n<h1 class=\"gb-headline gb-headline-8d41d4e7 gb-headline-text\"><strong>TEGERNSEE PHANTASTISCH<\/strong><\/h1>\n\n\n\n<p style=\"font-size:18px\"><strong>Eine 2700 m<sup>2 <\/sup>gro\u00dfe Indoor Erlebniswelt am Tegernsee mit zwei kontrastreichen Spiel- und Erlebniswelten. Im Tegernsee Phantastisch werden Wissensvermittlung, Spiel und Sport auf kreative Weise miteinander vereint.<\/strong><\/p>\n\n\n\n<p style=\"font-size:13px\"><span style=\"vertical-align: super; font-size: revert;\">Bilder <span style=\"vertical-align: super; font-size: revert;\"><sub>\u00a9<\/sub><\/span>Urs Golling<\/span> <\/p>\n\n<\/div><\/div><\/div><figure class=\"wp-block-media-text__media\"><img loading=\"lazy\" decoding=\"async\" width=\"1000\" height=\"667\" src=\"https:\/\/www.kristallturm.com\/wp-content\/uploads\/2022\/09\/0413_Tegernsee-Phantastisch_UG_LR-1.jpg\" alt=\"\" class=\"wp-image-9020 size-full\" style=\"object-position:50% 50%\" srcset=\"https:\/\/www.kristallturm.com\/wp-content\/uploads\/2022\/09\/0413_Tegernsee-Phantastisch_UG_LR-1.jpg 1000w, https:\/\/www.kristallturm.com\/wp-content\/uploads\/2022\/09\/0413_Tegernsee-Phantastisch_UG_LR-1-300x200.jpg 300w, https:\/\/www.kristallturm.com\/wp-content\/uploads\/2022\/09\/0413_Tegernsee-Phantastisch_UG_LR-1-768x512.jpg 768w\" sizes=\"auto, (max-width: 1000px) 100vw, 1000px\" \/><\/figure><\/div>\n\n\n\n<div style=\"height:63px\" aria-hidden=\"true\" class=\"wp-block-spacer\"><\/div>\n\n\n<div class=\"gb-container gb-container-fc35d858\"><div class=\"gb-inside-container\">\n<div class=\"gb-container gb-container-1f9c50c3 alignwide\"><div class=\"gb-inside-container\">\n\n<p>2022 durfte KristallTurm<sup>\u00ae <\/sup>bei der Gestaltung des<strong> <em>Tegernsee Phantastisch<\/em><\/strong> mitwirken \u2013 einer einzigartigen, multimedialen Indoor-Erlebniswelt auf rund 2.700 m<sup>2<\/sup> in Oberbayern \u2013 und einen gro\u00dfen Teil der Attraktionen realisieren. Das<em> Tegernsee Phantastisch<\/em> unterteilt sich in zwei kontrastreiche Areas, die <strong><em>TEGERNSEE WORLD<\/em><\/strong> und das <strong><em>TEGERNSEE MAGIC<\/em><\/strong>.<\/p>\n\n\n\n<h2 class=\"gb-headline gb-headline-bb60fd7b\"><span class=\"gb-icon\"><svg class=\"feather feather-minus\" stroke-linejoin=\"round\" stroke-linecap=\"round\" stroke-width=\"2\" stroke=\"currentColor\" fill=\"none\" viewBox=\"0 0 24 24\" height=\"48\" width=\"48\" xmlns=\"http:\/\/www.w3.org\/2000\/svg\"><path d=\"M5 12h14\"><\/path><\/svg><\/span><span class=\"gb-headline-text\"><strong>Tegernsee World<\/strong><\/span><\/h2>\n\n\n\n<p>Die Tegernsee World verspricht Edutainment rund um den Tegernsee. Hier k\u00f6nnen kleine und gro\u00dfe Entdecker mit Spiel, Spa\u00df, Bewegung und Wissen in die Welt des Tegernsees eintauchen. Interaktiv und multimedial aufbereitet, werden Themen wie \u00d6kologie, Flora, Fauna, Topographie und die Unterwasserwelt des Tegernsees spielerisch vermittelt. Nat\u00fcrlich spielt auch die traditionsreiche Kultur des Tegernseer Tals eine zentrale Rolle. Rund um den nachempfundenen See errichtete das KristallTurm<sup>\u00ae<\/sup> Team alle H\u00e4user der Bachmair-Weissach Gruppe in zwei- bis dreist\u00f6ckiger Holzbauweise. Die oberen Bereiche laden zum Erkunden ein und bieten phantastische Ausblicke. Der Rundweg f\u00fchrt \u00fcber Wackelbr\u00fccken, rauf auf den Wallberg und rasant wieder zur\u00fcck zum Tegernsee \u00fcber eine der drei spektakul\u00e4ren Rutschen.<\/p>\n\n\n\n<p>Ein absolutes Highlight ist die &#8222;Wallberg Wall&#8220;, ein Boulderbereich mit der wohl gr\u00f6\u00dften Glas-Boulderwand der Welt. KristallTurm<sup>\u00ae<\/sup> plante und fertigte dieses Areal mit 188 m<sup>2 <\/sup>Kletterfl\u00e4che und \u00fcber 1000 Griffen. Damit bietet sie jede Menge Spa\u00df, eine sportliche Herausforderung sowie eine phantastische Aussicht nach drau\u00dfen in die Natur. F\u00fcr eine weiche Landung sorgt eine individuell gestaltete Matte mit dem topografischen Profil der umliegenden Berge.<\/p>\n\n\n\n<figure class=\"wp-block-gallery has-nested-images columns-default is-cropped wp-block-gallery-1 is-layout-flex wp-block-gallery-is-layout-flex\">\n<figure class=\"wp-block-image size-large\"><img loading=\"lazy\" decoding=\"async\" width=\"600\" height=\"400\" data-id=\"9023\" src=\"https:\/\/www.kristallturm.com\/wp-content\/uploads\/2022\/09\/0414_Tegernsee-Phantastisch_UG_LR.jpg\" alt=\"\" class=\"wp-image-9023\" srcset=\"https:\/\/www.kristallturm.com\/wp-content\/uploads\/2022\/09\/0414_Tegernsee-Phantastisch_UG_LR.jpg 600w, https:\/\/www.kristallturm.com\/wp-content\/uploads\/2022\/09\/0414_Tegernsee-Phantastisch_UG_LR-300x200.jpg 300w\" sizes=\"auto, (max-width: 600px) 100vw, 600px\" \/><\/figure>\n\n\n\n<figure class=\"wp-block-image size-large\"><img loading=\"lazy\" decoding=\"async\" width=\"600\" height=\"400\" data-id=\"9026\" src=\"https:\/\/www.kristallturm.com\/wp-content\/uploads\/2022\/09\/0108_Tegernsee-Phantastisch_UG_LR.jpg\" alt=\"\" class=\"wp-image-9026\" srcset=\"https:\/\/www.kristallturm.com\/wp-content\/uploads\/2022\/09\/0108_Tegernsee-Phantastisch_UG_LR.jpg 600w, https:\/\/www.kristallturm.com\/wp-content\/uploads\/2022\/09\/0108_Tegernsee-Phantastisch_UG_LR-300x200.jpg 300w\" sizes=\"auto, (max-width: 600px) 100vw, 600px\" \/><\/figure>\n\n\n\n<figure class=\"wp-block-image size-large\"><img loading=\"lazy\" decoding=\"async\" width=\"600\" height=\"400\" data-id=\"9029\" src=\"https:\/\/www.kristallturm.com\/wp-content\/uploads\/2022\/09\/0145_Tegernsee-Phantastisch_UG_LR.jpg\" alt=\"\" class=\"wp-image-9029\" srcset=\"https:\/\/www.kristallturm.com\/wp-content\/uploads\/2022\/09\/0145_Tegernsee-Phantastisch_UG_LR.jpg 600w, https:\/\/www.kristallturm.com\/wp-content\/uploads\/2022\/09\/0145_Tegernsee-Phantastisch_UG_LR-300x200.jpg 300w\" sizes=\"auto, (max-width: 600px) 100vw, 600px\" \/><\/figure>\n<figcaption class=\"blocks-gallery-caption wp-element-caption\"><sup><sub><span style=\"vertical-align: super; font-size: revert;\">\u00a9Urs Golling<\/span> <\/sub><\/sup><\/figcaption><\/figure>\n\n\n\n<h2 class=\"gb-headline gb-headline-1b3fdecf\"><span class=\"gb-icon\"><svg class=\"feather feather-minus\" stroke-linejoin=\"round\" stroke-linecap=\"round\" stroke-width=\"2\" stroke=\"currentColor\" fill=\"none\" viewBox=\"0 0 24 24\" height=\"48\" width=\"48\" xmlns=\"http:\/\/www.w3.org\/2000\/svg\"><path d=\"M5 12h14\"><\/path><\/svg><\/span><span class=\"gb-headline-text\"><strong>Tegernsee Magic<\/strong><\/span><\/h2>\n\n\n\n<p>Die <strong><em>TEGERNSEE WORLD<\/em><\/strong> ist durch einen Tunnel mit der mystischen Welt des <strong><em>TEGERNSEE MAGIC<\/em><\/strong> verbunden. Die zweite Area ist komplett verdunkelt. Gigantische, durch Spezialfirmen, installierte Licht- und Soundeffekte und der gr\u00f6\u00dfte Spiegel weltweit lassen diese besondere Welt noch gr\u00f6\u00dfer und besonders mystisch erscheinen. Auch im Tegernsee Magic steuerte KristallTurm<sup>\u00ae<\/sup> mehrere Attraktionen bei:<\/p>\n\n\n\n<p><strong>Hochseilgarten \u201eH\u00f6henweg\u201c<\/strong><br>Die Besucher finden hier einen 8-Mast KristallTurm<sup>\u00ae<\/sup> Hochseilgarten, den sogenannten H\u00f6henweg mit 13 Stationen in den unterschiedlichsten Schwierigkeitsgraden vor. Rundherum sorgen Dunkelheit, Licht- und Soundeffekt f\u00fcr den Extra-Kick. Mit Liebe zum Detail wurden die Stationen passend zur Erlebniswelt <em>Tegernsee Magic<\/em> gestaltet.<\/p>\n\n\n\n<p><strong>Kletterbaum, Pole Walk &amp; Action Kletterpanel<\/strong><br>Noch mehr Action und Kletterspa\u00df garantieren drei weitere Attraktionen: Ein 10 m hoher, nat\u00fcrlich gewachsener Kletterbaum, zwei au\u00dfergew\u00f6hnliche &#8222;Action-Kletterw\u00e4nde&#8220; sowie der Pole Walk. Letzterer verspricht einen ganz besonderen Balance-Akt auf freistehenden Stahlst\u00fctzen. Bei all diesen Attraktionen sorgen modernste Sicherungsautomaten daf\u00fcr, die wagemutigen Kletterer wieder unbeschadet auf den Boden der Tatsachen zur\u00fcckzubringen.<\/p>\n\n\n\n<p><strong>Ninja Parcours \u201eWeissach Warrior\u201c<\/strong><br>Eine weitere actionreiche Attraktion aus dem Hause KristallTurm<sup>\u00ae<\/sup> ist der Weissach Warrior, ein Ninja Parcours, der zum Kr\u00e4ftemessen einl\u00e4dt. Auf zwei parallellaufenden Bahnen k\u00f6nnen die Kontrahenten gegeneinander antreten \u2013 hier z\u00e4hlt jede Millisekunde, um als Erster an den Buzzer zu kommen. Mediale Effekte begleiten den actionreichen Wettkampf und sorgen damit f\u00fcr noch mehr Nervenkitzel.<\/p>\n\n\n\n<p><strong>Interaktive Trampoline \u201eHi Hupfer\u201c<\/strong><br>Im <em>Hi Hupfer<\/em> k\u00f6nnen sich kleine und gro\u00dfe Akrobaten an Front- und Backflips auf speziellen, interaktiven Trampolinen versuchen. Schaffen es mehrere H\u00fcpfer, absolut synchron zu springen, wartet eine visuelle und akustische \u00dcberraschung auf sie. Rund um die Trampolin- und Spielelandschaft schuf KristallTurm<sup>\u00ae <\/sup>weitl\u00e4ufige Zugangs- und Aufenthaltsbereiche mit Sitzgelegenheiten. Dabei wurde gro\u00dfer Wert auf das Design bis ins kleinste Detail gelegt. Neugierig geworden auf diese einzigartige Erlebniswelt? Dann nichts wie auf zum Tegernsee\u2026.<\/p>\n\n<\/div><\/div>\n\n\n<figure class=\"wp-block-gallery has-nested-images columns-default is-cropped wp-block-gallery-2 is-layout-flex wp-block-gallery-is-layout-flex\">\n<figure class=\"wp-block-image size-full\"><img loading=\"lazy\" decoding=\"async\" width=\"600\" height=\"400\" data-id=\"9033\" src=\"https:\/\/www.kristallturm.com\/wp-content\/uploads\/2022\/09\/0363_Tegernsee-Phantastisch_UG_LR.jpg\" alt=\"\" class=\"wp-image-9033\" srcset=\"https:\/\/www.kristallturm.com\/wp-content\/uploads\/2022\/09\/0363_Tegernsee-Phantastisch_UG_LR.jpg 600w, https:\/\/www.kristallturm.com\/wp-content\/uploads\/2022\/09\/0363_Tegernsee-Phantastisch_UG_LR-300x200.jpg 300w\" sizes=\"auto, (max-width: 600px) 100vw, 600px\" \/><\/figure>\n\n\n\n<figure class=\"wp-block-image size-large\"><img loading=\"lazy\" decoding=\"async\" width=\"600\" height=\"400\" data-id=\"9032\" src=\"https:\/\/www.kristallturm.com\/wp-content\/uploads\/2022\/09\/0269_Tegernsee-Phantastisch_UG_LR.jpg\" alt=\"\" class=\"wp-image-9032\" srcset=\"https:\/\/www.kristallturm.com\/wp-content\/uploads\/2022\/09\/0269_Tegernsee-Phantastisch_UG_LR.jpg 600w, https:\/\/www.kristallturm.com\/wp-content\/uploads\/2022\/09\/0269_Tegernsee-Phantastisch_UG_LR-300x200.jpg 300w\" sizes=\"auto, (max-width: 600px) 100vw, 600px\" \/><\/figure>\n\n\n\n<figure class=\"wp-block-image size-full\"><img loading=\"lazy\" decoding=\"async\" width=\"600\" height=\"400\" data-id=\"9034\" src=\"https:\/\/www.kristallturm.com\/wp-content\/uploads\/2022\/09\/0348_Tegernsee-Phantastisch_UG_LR.jpg\" alt=\"\" class=\"wp-image-9034\" srcset=\"https:\/\/www.kristallturm.com\/wp-content\/uploads\/2022\/09\/0348_Tegernsee-Phantastisch_UG_LR.jpg 600w, https:\/\/www.kristallturm.com\/wp-content\/uploads\/2022\/09\/0348_Tegernsee-Phantastisch_UG_LR-300x200.jpg 300w\" sizes=\"auto, (max-width: 600px) 100vw, 600px\" \/><\/figure>\n<figcaption class=\"blocks-gallery-caption wp-element-caption\"><sup> <span style=\"vertical-align: super; font-size: revert;\"><sup><span style=\"vertical-align: super; font-size: revert;\"><sub>\u00a9Urs Golling<\/sub><\/span> <\/sup><\/span> <\/sup><\/figcaption><\/figure>\n\n<\/div><\/div>\n\n\n<p><\/p>\n","protected":false},"excerpt":{"rendered":"<p>2022 durfte KristallTurm\u00ae bei der Gestaltung des Tegernsee Phantastisch mitwirken \u2013 einer einzigartigen, multimedialen Indoor-Erlebniswelt auf rund 2.700 m2 in Oberbayern \u2013 und einen gro\u00dfen Teil der Attraktionen realisieren. Das Tegernsee Phantastisch unterteilt sich in zwei kontrastreiche Areas, die TEGERNSEE WORLD und das TEGERNSEE MAGIC. Tegernsee World Die Tegernsee World verspricht Edutainment rund um den &#8230; <a title=\"Tegernsee Phantastisch\" class=\"read-more\" href=\"https:\/\/www.kristallturm.com\/de\/tegernsee-phantastisch\/\" aria-label=\"Mehr Informationen \u00fcber Tegernsee Phantastisch\">Weiterlesen<\/a><\/p>\n","protected":false},"author":15,"featured_media":9023,"parent":0,"menu_order":0,"comment_status":"closed","ping_status":"closed","template":"","meta":{"_acf_changed":false,"_coblocks_attr":"","_coblocks_dimensions":"","_coblocks_responsive_height":"","_coblocks_accordion_ie_support":"","footnotes":""},"class_list":["post-9007","page","type-page","status-publish","has-post-thumbnail"],"acf":[],"yoast_head":"<!-- This site is optimized with the Yoast SEO plugin v27.4 - https:\/\/yoast.com\/product\/yoast-seo-wordpress\/ -->\n<title>KristallTurm\u00ae\u00a0Tegernsee Phantastisch<\/title>\n<meta name=\"description\" content=\"Die Indoor-Erlebnis-Welt am Tegernsee zum Spielen, Entdecken und Auspowern mit XXL-Glasboulderwand, Ninja-Parkour, Indoor-Hochseilgarten uvm.\" \/>\n<meta name=\"robots\" content=\"index, follow, max-snippet:-1, max-image-preview:large, max-video-preview:-1\" \/>\n<link rel=\"canonical\" href=\"https:\/\/www.kristallturm.com\/de\/tegernsee-phantastisch\/\" \/>\n<meta property=\"og:locale\" content=\"de_DE\" \/>\n<meta property=\"og:type\" content=\"article\" \/>\n<meta property=\"og:title\" content=\"KristallTurm\u00ae\u00a0Tegernsee Phantastisch\" \/>\n<meta property=\"og:description\" content=\"Die Indoor-Erlebnis-Welt am Tegernsee zum Spielen, Entdecken und Auspowern mit XXL-Glasboulderwand, Ninja-Parkour, Indoor-Hochseilgarten uvm.\" \/>\n<meta property=\"og:url\" content=\"https:\/\/www.kristallturm.com\/de\/tegernsee-phantastisch\/\" \/>\n<meta property=\"og:site_name\" content=\"Kristallturm\" \/>\n<meta property=\"article:publisher\" content=\"https:\/\/www.facebook.com\/Kristallturm\/\" \/>\n<meta property=\"article:modified_time\" content=\"2026-01-22T07:47:27+00:00\" \/>\n<meta property=\"og:image\" content=\"https:\/\/www.kristallturm.com\/wp-content\/uploads\/2022\/09\/0414_Tegernsee-Phantastisch_UG_LR.jpg\" \/>\n\t<meta property=\"og:image:width\" content=\"600\" \/>\n\t<meta property=\"og:image:height\" content=\"400\" \/>\n\t<meta property=\"og:image:type\" content=\"image\/jpeg\" \/>\n<meta name=\"twitter:card\" content=\"summary_large_image\" \/>\n<meta name=\"twitter:label1\" content=\"Gesch\u00e4tzte Lesezeit\" \/>\n\t<meta name=\"twitter:data1\" content=\"5\u00a0Minuten\" \/>\n<script type=\"application\/ld+json\" class=\"yoast-schema-graph\">{\"@context\":\"https:\\\/\\\/schema.org\",\"@graph\":[{\"@type\":\"WebPage\",\"@id\":\"https:\\\/\\\/www.kristallturm.com\\\/de\\\/tegernsee-phantastisch\\\/\",\"url\":\"https:\\\/\\\/www.kristallturm.com\\\/de\\\/tegernsee-phantastisch\\\/\",\"name\":\"KristallTurm\u00ae\u00a0Tegernsee Phantastisch\",\"isPartOf\":{\"@id\":\"https:\\\/\\\/www.kristallturm.com\\\/de\\\/#website\"},\"primaryImageOfPage\":{\"@id\":\"https:\\\/\\\/www.kristallturm.com\\\/de\\\/tegernsee-phantastisch\\\/#primaryimage\"},\"image\":{\"@id\":\"https:\\\/\\\/www.kristallturm.com\\\/de\\\/tegernsee-phantastisch\\\/#primaryimage\"},\"thumbnailUrl\":\"https:\\\/\\\/www.kristallturm.com\\\/wp-content\\\/uploads\\\/2022\\\/09\\\/0414_Tegernsee-Phantastisch_UG_LR.jpg\",\"datePublished\":\"2022-09-07T12:18:07+00:00\",\"dateModified\":\"2026-01-22T07:47:27+00:00\",\"description\":\"Die Indoor-Erlebnis-Welt am Tegernsee zum Spielen, Entdecken und Auspowern mit XXL-Glasboulderwand, Ninja-Parkour, Indoor-Hochseilgarten uvm.\",\"breadcrumb\":{\"@id\":\"https:\\\/\\\/www.kristallturm.com\\\/de\\\/tegernsee-phantastisch\\\/#breadcrumb\"},\"inLanguage\":\"de\",\"potentialAction\":[{\"@type\":\"ReadAction\",\"target\":[\"https:\\\/\\\/www.kristallturm.com\\\/de\\\/tegernsee-phantastisch\\\/\"]}]},{\"@type\":\"ImageObject\",\"inLanguage\":\"de\",\"@id\":\"https:\\\/\\\/www.kristallturm.com\\\/de\\\/tegernsee-phantastisch\\\/#primaryimage\",\"url\":\"https:\\\/\\\/www.kristallturm.com\\\/wp-content\\\/uploads\\\/2022\\\/09\\\/0414_Tegernsee-Phantastisch_UG_LR.jpg\",\"contentUrl\":\"https:\\\/\\\/www.kristallturm.com\\\/wp-content\\\/uploads\\\/2022\\\/09\\\/0414_Tegernsee-Phantastisch_UG_LR.jpg\",\"width\":600,\"height\":400,\"caption\":\"KristallTurm im Tegernsee Phantastisch\"},{\"@type\":\"BreadcrumbList\",\"@id\":\"https:\\\/\\\/www.kristallturm.com\\\/de\\\/tegernsee-phantastisch\\\/#breadcrumb\",\"itemListElement\":[{\"@type\":\"ListItem\",\"position\":1,\"name\":\"Home\",\"item\":\"https:\\\/\\\/www.kristallturm.com\\\/de\\\/\"},{\"@type\":\"ListItem\",\"position\":2,\"name\":\"Tegernsee Phantastisch\"}]},{\"@type\":\"WebSite\",\"@id\":\"https:\\\/\\\/www.kristallturm.com\\\/de\\\/#website\",\"url\":\"https:\\\/\\\/www.kristallturm.com\\\/de\\\/\",\"name\":\"Kristallturm\",\"description\":\"THE HIGH ROPES COURSE\",\"publisher\":{\"@id\":\"https:\\\/\\\/www.kristallturm.com\\\/de\\\/#organization\"},\"potentialAction\":[{\"@type\":\"SearchAction\",\"target\":{\"@type\":\"EntryPoint\",\"urlTemplate\":\"https:\\\/\\\/www.kristallturm.com\\\/de\\\/?s={search_term_string}\"},\"query-input\":{\"@type\":\"PropertyValueSpecification\",\"valueRequired\":true,\"valueName\":\"search_term_string\"}}],\"inLanguage\":\"de\"},{\"@type\":\"Organization\",\"@id\":\"https:\\\/\\\/www.kristallturm.com\\\/de\\\/#organization\",\"name\":\"Kristallturm\",\"url\":\"https:\\\/\\\/www.kristallturm.com\\\/de\\\/\",\"logo\":{\"@type\":\"ImageObject\",\"inLanguage\":\"de\",\"@id\":\"https:\\\/\\\/www.kristallturm.com\\\/de\\\/#\\\/schema\\\/logo\\\/image\\\/\",\"url\":\"https:\\\/\\\/www.kristallturm.com\\\/wp-content\\\/uploads\\\/2020\\\/11\\\/KT_Logo-Zusa_ab-2020_en.png\",\"contentUrl\":\"https:\\\/\\\/www.kristallturm.com\\\/wp-content\\\/uploads\\\/2020\\\/11\\\/KT_Logo-Zusa_ab-2020_en.png\",\"width\":1523,\"height\":806,\"caption\":\"Kristallturm\"},\"image\":{\"@id\":\"https:\\\/\\\/www.kristallturm.com\\\/de\\\/#\\\/schema\\\/logo\\\/image\\\/\"},\"sameAs\":[\"https:\\\/\\\/www.facebook.com\\\/Kristallturm\\\/\",\"https:\\\/\\\/www.instagram.com\\\/kristallturm_germany\\\/\"]}]}<\/script>\n<!-- \/ Yoast SEO plugin. -->","yoast_head_json":{"title":"KristallTurm\u00ae\u00a0Tegernsee Phantastisch","description":"Die Indoor-Erlebnis-Welt am Tegernsee zum Spielen, Entdecken und Auspowern mit XXL-Glasboulderwand, Ninja-Parkour, Indoor-Hochseilgarten uvm.","robots":{"index":"index","follow":"follow","max-snippet":"max-snippet:-1","max-image-preview":"max-image-preview:large","max-video-preview":"max-video-preview:-1"},"canonical":"https:\/\/www.kristallturm.com\/de\/tegernsee-phantastisch\/","og_locale":"de_DE","og_type":"article","og_title":"KristallTurm\u00ae\u00a0Tegernsee Phantastisch","og_description":"Die Indoor-Erlebnis-Welt am Tegernsee zum Spielen, Entdecken und Auspowern mit XXL-Glasboulderwand, Ninja-Parkour, Indoor-Hochseilgarten uvm.","og_url":"https:\/\/www.kristallturm.com\/de\/tegernsee-phantastisch\/","og_site_name":"Kristallturm","article_publisher":"https:\/\/www.facebook.com\/Kristallturm\/","article_modified_time":"2026-01-22T07:47:27+00:00","og_image":[{"width":600,"height":400,"url":"https:\/\/www.kristallturm.com\/wp-content\/uploads\/2022\/09\/0414_Tegernsee-Phantastisch_UG_LR.jpg","type":"image\/jpeg"}],"twitter_card":"summary_large_image","twitter_misc":{"Gesch\u00e4tzte Lesezeit":"5\u00a0Minuten"},"schema":{"@context":"https:\/\/schema.org","@graph":[{"@type":"WebPage","@id":"https:\/\/www.kristallturm.com\/de\/tegernsee-phantastisch\/","url":"https:\/\/www.kristallturm.com\/de\/tegernsee-phantastisch\/","name":"KristallTurm\u00ae\u00a0Tegernsee Phantastisch","isPartOf":{"@id":"https:\/\/www.kristallturm.com\/de\/#website"},"primaryImageOfPage":{"@id":"https:\/\/www.kristallturm.com\/de\/tegernsee-phantastisch\/#primaryimage"},"image":{"@id":"https:\/\/www.kristallturm.com\/de\/tegernsee-phantastisch\/#primaryimage"},"thumbnailUrl":"https:\/\/www.kristallturm.com\/wp-content\/uploads\/2022\/09\/0414_Tegernsee-Phantastisch_UG_LR.jpg","datePublished":"2022-09-07T12:18:07+00:00","dateModified":"2026-01-22T07:47:27+00:00","description":"Die Indoor-Erlebnis-Welt am Tegernsee zum Spielen, Entdecken und Auspowern mit XXL-Glasboulderwand, Ninja-Parkour, Indoor-Hochseilgarten uvm.","breadcrumb":{"@id":"https:\/\/www.kristallturm.com\/de\/tegernsee-phantastisch\/#breadcrumb"},"inLanguage":"de","potentialAction":[{"@type":"ReadAction","target":["https:\/\/www.kristallturm.com\/de\/tegernsee-phantastisch\/"]}]},{"@type":"ImageObject","inLanguage":"de","@id":"https:\/\/www.kristallturm.com\/de\/tegernsee-phantastisch\/#primaryimage","url":"https:\/\/www.kristallturm.com\/wp-content\/uploads\/2022\/09\/0414_Tegernsee-Phantastisch_UG_LR.jpg","contentUrl":"https:\/\/www.kristallturm.com\/wp-content\/uploads\/2022\/09\/0414_Tegernsee-Phantastisch_UG_LR.jpg","width":600,"height":400,"caption":"KristallTurm im Tegernsee Phantastisch"},{"@type":"BreadcrumbList","@id":"https:\/\/www.kristallturm.com\/de\/tegernsee-phantastisch\/#breadcrumb","itemListElement":[{"@type":"ListItem","position":1,"name":"Home","item":"https:\/\/www.kristallturm.com\/de\/"},{"@type":"ListItem","position":2,"name":"Tegernsee Phantastisch"}]},{"@type":"WebSite","@id":"https:\/\/www.kristallturm.com\/de\/#website","url":"https:\/\/www.kristallturm.com\/de\/","name":"Kristallturm","description":"THE HIGH ROPES COURSE","publisher":{"@id":"https:\/\/www.kristallturm.com\/de\/#organization"},"potentialAction":[{"@type":"SearchAction","target":{"@type":"EntryPoint","urlTemplate":"https:\/\/www.kristallturm.com\/de\/?s={search_term_string}"},"query-input":{"@type":"PropertyValueSpecification","valueRequired":true,"valueName":"search_term_string"}}],"inLanguage":"de"},{"@type":"Organization","@id":"https:\/\/www.kristallturm.com\/de\/#organization","name":"Kristallturm","url":"https:\/\/www.kristallturm.com\/de\/","logo":{"@type":"ImageObject","inLanguage":"de","@id":"https:\/\/www.kristallturm.com\/de\/#\/schema\/logo\/image\/","url":"https:\/\/www.kristallturm.com\/wp-content\/uploads\/2020\/11\/KT_Logo-Zusa_ab-2020_en.png","contentUrl":"https:\/\/www.kristallturm.com\/wp-content\/uploads\/2020\/11\/KT_Logo-Zusa_ab-2020_en.png","width":1523,"height":806,"caption":"Kristallturm"},"image":{"@id":"https:\/\/www.kristallturm.com\/de\/#\/schema\/logo\/image\/"},"sameAs":["https:\/\/www.facebook.com\/Kristallturm\/","https:\/\/www.instagram.com\/kristallturm_germany\/"]}]}},"_links":{"self":[{"href":"https:\/\/www.kristallturm.com\/de\/wp-json\/wp\/v2\/pages\/9007","targetHints":{"allow":["GET"]}}],"collection":[{"href":"https:\/\/www.kristallturm.com\/de\/wp-json\/wp\/v2\/pages"}],"about":[{"href":"https:\/\/www.kristallturm.com\/de\/wp-json\/wp\/v2\/types\/page"}],"author":[{"embeddable":true,"href":"https:\/\/www.kristallturm.com\/de\/wp-json\/wp\/v2\/users\/15"}],"replies":[{"embeddable":true,"href":"https:\/\/www.kristallturm.com\/de\/wp-json\/wp\/v2\/comments?post=9007"}],"version-history":[{"count":10,"href":"https:\/\/www.kristallturm.com\/de\/wp-json\/wp\/v2\/pages\/9007\/revisions"}],"predecessor-version":[{"id":15323,"href":"https:\/\/www.kristallturm.com\/de\/wp-json\/wp\/v2\/pages\/9007\/revisions\/15323"}],"wp:featuredmedia":[{"embeddable":true,"href":"https:\/\/www.kristallturm.com\/de\/wp-json\/wp\/v2\/media\/9023"}],"wp:attachment":[{"href":"https:\/\/www.kristallturm.com\/de\/wp-json\/wp\/v2\/media?parent=9007"}],"curies":[{"name":"wp","href":"https:\/\/api.w.org\/{rel}","templated":true}]}}