{"id":8967,"date":"2022-09-01T07:05:44","date_gmt":"2022-09-01T05:05:44","guid":{"rendered":"https:\/\/www.kristallturm.com\/?page_id=8967"},"modified":"2022-09-01T07:05:44","modified_gmt":"2022-09-01T05:05:44","slug":"tagderoffenentuer","status":"publish","type":"page","link":"https:\/\/www.kristallturm.com\/de\/tagderoffenentuer\/","title":{"rendered":"Tag der offenen T\u00fcr"},"content":{"rendered":"\n<div class=\"wp-block-media-text alignfull has-media-on-the-right is-stacked-on-mobile is-vertically-aligned-center is-image-fill has-contrast-color has-contrast-3-background-color has-text-color has-background\" style=\"grid-template-columns:auto 55%\"><figure class=\"wp-block-media-text__media\" style=\"background-image:url(https:\/\/www.kristallturm.com\/wp-content\/uploads\/2022\/09\/220825_Aussenansicht-Halle.jpg);background-position:50% 50%\"><img loading=\"lazy\" decoding=\"async\" width=\"900\" height=\"675\" src=\"https:\/\/www.kristallturm.com\/wp-content\/uploads\/2022\/09\/220825_Aussenansicht-Halle.jpg\" alt=\"\" class=\"wp-image-8997 size-full\" srcset=\"https:\/\/www.kristallturm.com\/wp-content\/uploads\/2022\/09\/220825_Aussenansicht-Halle.jpg 900w, https:\/\/www.kristallturm.com\/wp-content\/uploads\/2022\/09\/220825_Aussenansicht-Halle-300x225.jpg 300w, https:\/\/www.kristallturm.com\/wp-content\/uploads\/2022\/09\/220825_Aussenansicht-Halle-768x576.jpg 768w\" sizes=\"auto, (max-width: 900px) 100vw, 900px\" \/><\/figure><div class=\"wp-block-media-text__content\"><div class=\"gb-container gb-container-54fbe327\"><div class=\"gb-inside-container\">\n\n<h2 class=\"gb-headline gb-headline-8d41d4e7 gb-headline-text\"><strong>TAG DER<\/strong><br><strong>OFFENEN T\u00dcR<\/strong><\/h2>\n\n\n\n<p><br>Ihr wolltet schon immer wissen, was KristallTurm<sup>\u00ae<\/sup>\u00a0alles zu bieten hat? Dann schaut doch\u00a0bei unserem Tag der offenen T\u00fcr <strong>am 17. September<\/strong> vorbei!<\/p>\n\n<\/div><\/div><\/div><\/div>\n\n\n\n<div style=\"height:63px\" aria-hidden=\"true\" class=\"wp-block-spacer\"><\/div>\n\n\n<div class=\"gb-container gb-container-fc35d858 alignwide\"><div class=\"gb-inside-container\">\n<div class=\"gb-container gb-container-6cf33725 alignwide\"><div class=\"gb-inside-container\">\n<div class=\"gb-container gb-container-1f9c50c3 alignwide\"><div class=\"gb-inside-container\">\n\n<p class=\"has-text-align-center\"><strong><em>WANN<\/em>:<\/strong> 17. September 2022 von 12.00 bis 16.00 Uhr<br><strong><em>WO:<\/em><\/strong> Achenseestra\u00dfe 583, Achenkirch<\/p>\n\n\n\n<p class=\"has-text-align-center\">Neben der\u00a0<strong>Vorf\u00fchrung unserer Maschinen<\/strong>\u00a0und der\u00a0<strong>Vorstellung unserer Abteilungen<\/strong>\u00a0bieten wir ein umfangreiches Programm f\u00fcr die Kids mit\u00a0<strong>H\u00fcpfburg<\/strong>,\u00a0<strong>Kettenflieger\u00a0<\/strong>und\u00a0<strong>Holztieren zum Anmalen<\/strong>. Begleitet wird das Ganze durch\u00a0die\u00a0<strong>Musikkapelle Jachenau<\/strong>\u00a0und\u00a0f\u00fcr das\u00a0<strong>leibliche Wohl<\/strong>\u00a0sorgen wir nat\u00fcrlich auch!<\/p>\n\n\n\n<p class=\"has-text-align-center\">Mia gfrein uns auf eich!\u00a0<\/p>\n\n<\/div><\/div>\n<\/div><\/div>\n\n\n<div style=\"height:44px\" aria-hidden=\"true\" class=\"wp-block-spacer\"><\/div>\n\n\n\n<div class=\"wp-block-columns is-layout-flex wp-container-core-columns-is-layout-9d6595d7 wp-block-columns-is-layout-flex\"><\/div>\n\n<\/div><\/div>","protected":false},"excerpt":{"rendered":"<p>WANN: 17. September 2022 von 12.00 bis 16.00 UhrWO: Achenseestra\u00dfe 583, Achenkirch Neben der\u00a0Vorf\u00fchrung unserer Maschinen\u00a0und der\u00a0Vorstellung unserer Abteilungen\u00a0bieten wir ein umfangreiches Programm f\u00fcr die Kids mit\u00a0H\u00fcpfburg,\u00a0Kettenflieger\u00a0und\u00a0Holztieren zum Anmalen. Begleitet wird das Ganze durch\u00a0die\u00a0Musikkapelle Jachenau\u00a0und\u00a0f\u00fcr das\u00a0leibliche Wohl\u00a0sorgen wir nat\u00fcrlich auch! Mia gfrein uns auf eich!\u00a0<\/p>\n","protected":false},"author":15,"featured_media":0,"parent":0,"menu_order":0,"comment_status":"closed","ping_status":"closed","template":"","meta":{"_acf_changed":false,"_coblocks_attr":"","_coblocks_dimensions":"","_coblocks_responsive_height":"","_coblocks_accordion_ie_support":"","footnotes":""},"class_list":["post-8967","page","type-page","status-publish"],"acf":[],"yoast_head":"<!-- This site is optimized with the Yoast SEO plugin v27.4 - https:\/\/yoast.com\/product\/yoast-seo-wordpress\/ -->\n<title>KristallTurm\u00ae\u00a0Hochseilgarten am Flughafen M\u00fcnchen<\/title>\n<meta name=\"description\" content=\"Viel Spa\u00df und Action verspricht der mobile Hochseilgarten am Flughafen in M\u00fcnchen f\u00fcr alle gro\u00dfen und kleinen Abenteurer! Jetzt mehr erfahren!\" \/>\n<meta name=\"robots\" content=\"index, follow, max-snippet:-1, max-image-preview:large, max-video-preview:-1\" \/>\n<link rel=\"canonical\" href=\"https:\/\/www.kristallturm.com\/de\/tagderoffenentuer\/\" \/>\n<meta property=\"og:locale\" content=\"de_DE\" \/>\n<meta property=\"og:type\" content=\"article\" \/>\n<meta property=\"og:title\" content=\"KristallTurm\u00ae\u00a0Hochseilgarten am Flughafen M\u00fcnchen\" \/>\n<meta property=\"og:description\" content=\"Viel Spa\u00df und Action verspricht der mobile Hochseilgarten am Flughafen in M\u00fcnchen f\u00fcr alle gro\u00dfen und kleinen Abenteurer! Jetzt mehr erfahren!\" \/>\n<meta property=\"og:url\" content=\"https:\/\/www.kristallturm.com\/de\/tagderoffenentuer\/\" \/>\n<meta property=\"og:site_name\" content=\"Kristallturm\" \/>\n<meta property=\"og:image\" content=\"https:\/\/www.kristallturm.com\/wp-content\/uploads\/2022\/09\/220825_Aussenansicht-Halle.jpg\" \/>\n<meta name=\"twitter:card\" content=\"summary_large_image\" \/>\n<meta name=\"twitter:label1\" content=\"Gesch\u00e4tzte Lesezeit\" \/>\n\t<meta name=\"twitter:data1\" content=\"1\u00a0Minute\" \/>\n<script type=\"application\/ld+json\" class=\"yoast-schema-graph\">{\"@context\":\"https:\\\/\\\/schema.org\",\"@graph\":[{\"@type\":\"WebPage\",\"@id\":\"https:\\\/\\\/www.kristallturm.com\\\/de\\\/tagderoffenentuer\\\/\",\"url\":\"https:\\\/\\\/www.kristallturm.com\\\/de\\\/tagderoffenentuer\\\/\",\"name\":\"KristallTurm\u00ae\u00a0Hochseilgarten am Flughafen M\u00fcnchen\",\"isPartOf\":{\"@id\":\"https:\\\/\\\/www.kristallturm.com\\\/de\\\/#website\"},\"primaryImageOfPage\":{\"@id\":\"https:\\\/\\\/www.kristallturm.com\\\/de\\\/tagderoffenentuer\\\/#primaryimage\"},\"image\":{\"@id\":\"https:\\\/\\\/www.kristallturm.com\\\/de\\\/tagderoffenentuer\\\/#primaryimage\"},\"thumbnailUrl\":\"https:\\\/\\\/www.kristallturm.com\\\/wp-content\\\/uploads\\\/2022\\\/09\\\/220825_Aussenansicht-Halle.jpg\",\"datePublished\":\"2022-09-01T05:05:44+00:00\",\"description\":\"Viel Spa\u00df und Action verspricht der mobile Hochseilgarten am Flughafen in M\u00fcnchen f\u00fcr alle gro\u00dfen und kleinen Abenteurer! Jetzt mehr erfahren!\",\"breadcrumb\":{\"@id\":\"https:\\\/\\\/www.kristallturm.com\\\/de\\\/tagderoffenentuer\\\/#breadcrumb\"},\"inLanguage\":\"de\",\"potentialAction\":[{\"@type\":\"ReadAction\",\"target\":[\"https:\\\/\\\/www.kristallturm.com\\\/de\\\/tagderoffenentuer\\\/\"]}]},{\"@type\":\"ImageObject\",\"inLanguage\":\"de\",\"@id\":\"https:\\\/\\\/www.kristallturm.com\\\/de\\\/tagderoffenentuer\\\/#primaryimage\",\"url\":\"https:\\\/\\\/www.kristallturm.com\\\/wp-content\\\/uploads\\\/2022\\\/09\\\/220825_Aussenansicht-Halle.jpg\",\"contentUrl\":\"https:\\\/\\\/www.kristallturm.com\\\/wp-content\\\/uploads\\\/2022\\\/09\\\/220825_Aussenansicht-Halle.jpg\"},{\"@type\":\"BreadcrumbList\",\"@id\":\"https:\\\/\\\/www.kristallturm.com\\\/de\\\/tagderoffenentuer\\\/#breadcrumb\",\"itemListElement\":[{\"@type\":\"ListItem\",\"position\":1,\"name\":\"Home\",\"item\":\"https:\\\/\\\/www.kristallturm.com\\\/de\\\/\"},{\"@type\":\"ListItem\",\"position\":2,\"name\":\"Tag der offenen T\u00fcr\"}]},{\"@type\":\"WebSite\",\"@id\":\"https:\\\/\\\/www.kristallturm.com\\\/de\\\/#website\",\"url\":\"https:\\\/\\\/www.kristallturm.com\\\/de\\\/\",\"name\":\"Kristallturm\",\"description\":\"THE HIGH ROPES COURSE\",\"potentialAction\":[{\"@type\":\"SearchAction\",\"target\":{\"@type\":\"EntryPoint\",\"urlTemplate\":\"https:\\\/\\\/www.kristallturm.com\\\/de\\\/?s={search_term_string}\"},\"query-input\":{\"@type\":\"PropertyValueSpecification\",\"valueRequired\":true,\"valueName\":\"search_term_string\"}}],\"inLanguage\":\"de\"}]}<\/script>\n<!-- \/ Yoast SEO plugin. -->","yoast_head_json":{"title":"KristallTurm\u00ae\u00a0Hochseilgarten am Flughafen M\u00fcnchen","description":"Viel Spa\u00df und Action verspricht der mobile Hochseilgarten am Flughafen in M\u00fcnchen f\u00fcr alle gro\u00dfen und kleinen Abenteurer! Jetzt mehr erfahren!","robots":{"index":"index","follow":"follow","max-snippet":"max-snippet:-1","max-image-preview":"max-image-preview:large","max-video-preview":"max-video-preview:-1"},"canonical":"https:\/\/www.kristallturm.com\/de\/tagderoffenentuer\/","og_locale":"de_DE","og_type":"article","og_title":"KristallTurm\u00ae\u00a0Hochseilgarten am Flughafen M\u00fcnchen","og_description":"Viel Spa\u00df und Action verspricht der mobile Hochseilgarten am Flughafen in M\u00fcnchen f\u00fcr alle gro\u00dfen und kleinen Abenteurer! Jetzt mehr erfahren!","og_url":"https:\/\/www.kristallturm.com\/de\/tagderoffenentuer\/","og_site_name":"Kristallturm","og_image":[{"url":"https:\/\/www.kristallturm.com\/wp-content\/uploads\/2022\/09\/220825_Aussenansicht-Halle.jpg","type":"","width":"","height":""}],"twitter_card":"summary_large_image","twitter_misc":{"Gesch\u00e4tzte Lesezeit":"1\u00a0Minute"},"schema":{"@context":"https:\/\/schema.org","@graph":[{"@type":"WebPage","@id":"https:\/\/www.kristallturm.com\/de\/tagderoffenentuer\/","url":"https:\/\/www.kristallturm.com\/de\/tagderoffenentuer\/","name":"KristallTurm\u00ae\u00a0Hochseilgarten am Flughafen M\u00fcnchen","isPartOf":{"@id":"https:\/\/www.kristallturm.com\/de\/#website"},"primaryImageOfPage":{"@id":"https:\/\/www.kristallturm.com\/de\/tagderoffenentuer\/#primaryimage"},"image":{"@id":"https:\/\/www.kristallturm.com\/de\/tagderoffenentuer\/#primaryimage"},"thumbnailUrl":"https:\/\/www.kristallturm.com\/wp-content\/uploads\/2022\/09\/220825_Aussenansicht-Halle.jpg","datePublished":"2022-09-01T05:05:44+00:00","description":"Viel Spa\u00df und Action verspricht der mobile Hochseilgarten am Flughafen in M\u00fcnchen f\u00fcr alle gro\u00dfen und kleinen Abenteurer! Jetzt mehr erfahren!","breadcrumb":{"@id":"https:\/\/www.kristallturm.com\/de\/tagderoffenentuer\/#breadcrumb"},"inLanguage":"de","potentialAction":[{"@type":"ReadAction","target":["https:\/\/www.kristallturm.com\/de\/tagderoffenentuer\/"]}]},{"@type":"ImageObject","inLanguage":"de","@id":"https:\/\/www.kristallturm.com\/de\/tagderoffenentuer\/#primaryimage","url":"https:\/\/www.kristallturm.com\/wp-content\/uploads\/2022\/09\/220825_Aussenansicht-Halle.jpg","contentUrl":"https:\/\/www.kristallturm.com\/wp-content\/uploads\/2022\/09\/220825_Aussenansicht-Halle.jpg"},{"@type":"BreadcrumbList","@id":"https:\/\/www.kristallturm.com\/de\/tagderoffenentuer\/#breadcrumb","itemListElement":[{"@type":"ListItem","position":1,"name":"Home","item":"https:\/\/www.kristallturm.com\/de\/"},{"@type":"ListItem","position":2,"name":"Tag der offenen T\u00fcr"}]},{"@type":"WebSite","@id":"https:\/\/www.kristallturm.com\/de\/#website","url":"https:\/\/www.kristallturm.com\/de\/","name":"Kristallturm","description":"THE HIGH ROPES COURSE","potentialAction":[{"@type":"SearchAction","target":{"@type":"EntryPoint","urlTemplate":"https:\/\/www.kristallturm.com\/de\/?s={search_term_string}"},"query-input":{"@type":"PropertyValueSpecification","valueRequired":true,"valueName":"search_term_string"}}],"inLanguage":"de"}]}},"_links":{"self":[{"href":"https:\/\/www.kristallturm.com\/de\/wp-json\/wp\/v2\/pages\/8967","targetHints":{"allow":["GET"]}}],"collection":[{"href":"https:\/\/www.kristallturm.com\/de\/wp-json\/wp\/v2\/pages"}],"about":[{"href":"https:\/\/www.kristallturm.com\/de\/wp-json\/wp\/v2\/types\/page"}],"author":[{"embeddable":true,"href":"https:\/\/www.kristallturm.com\/de\/wp-json\/wp\/v2\/users\/15"}],"replies":[{"embeddable":true,"href":"https:\/\/www.kristallturm.com\/de\/wp-json\/wp\/v2\/comments?post=8967"}],"version-history":[{"count":9,"href":"https:\/\/www.kristallturm.com\/de\/wp-json\/wp\/v2\/pages\/8967\/revisions"}],"predecessor-version":[{"id":9006,"href":"https:\/\/www.kristallturm.com\/de\/wp-json\/wp\/v2\/pages\/8967\/revisions\/9006"}],"wp:attachment":[{"href":"https:\/\/www.kristallturm.com\/de\/wp-json\/wp\/v2\/media?parent=8967"}],"curies":[{"name":"wp","href":"https:\/\/api.w.org\/{rel}","templated":true}]}}