{"id":8640,"date":"2022-07-20T11:03:02","date_gmt":"2022-07-20T09:03:02","guid":{"rendered":"https:\/\/www.kristallturm.com\/?page_id=8640"},"modified":"2022-07-20T14:17:15","modified_gmt":"2022-07-20T12:17:15","slug":"bayerischerstaatspreis","status":"publish","type":"page","link":"https:\/\/www.kristallturm.com\/de\/bayerischerstaatspreis\/","title":{"rendered":"Bayerischer Staatspreis"},"content":{"rendered":"\n<div class=\"wp-block-media-text alignfull has-media-on-the-right is-stacked-on-mobile is-vertically-aligned-center is-image-fill has-contrast-3-background-color has-background\" style=\"grid-template-columns:auto 55%\"><figure class=\"wp-block-media-text__media\" style=\"background-image:url(https:\/\/www.kristallturm.com\/wp-content\/uploads\/2022\/07\/IHM-2022-591-1.jpg);background-position:50% 50%\"><img loading=\"lazy\" decoding=\"async\" width=\"1000\" height=\"667\" src=\"https:\/\/www.kristallturm.com\/wp-content\/uploads\/2022\/07\/IHM-2022-591-1.jpg\" alt=\"\" class=\"wp-image-8653 size-full\" srcset=\"https:\/\/www.kristallturm.com\/wp-content\/uploads\/2022\/07\/IHM-2022-591-1.jpg 1000w, https:\/\/www.kristallturm.com\/wp-content\/uploads\/2022\/07\/IHM-2022-591-1-300x200.jpg 300w, https:\/\/www.kristallturm.com\/wp-content\/uploads\/2022\/07\/IHM-2022-591-1-768x512.jpg 768w\" sizes=\"auto, (max-width: 1000px) 100vw, 1000px\" \/><\/figure><div class=\"wp-block-media-text__content\"><div class=\"gb-container gb-container-54fbe327\"><div class=\"gb-inside-container\">\n\n<figure class=\"wp-block-image size-full is-resized\"><img loading=\"lazy\" decoding=\"async\" src=\"https:\/\/www.kristallturm.com\/wp-content\/uploads\/2022\/07\/Logo_Bay.png\" alt=\"\" class=\"wp-image-8656\" width=\"250\" height=\"145\" srcset=\"https:\/\/www.kristallturm.com\/wp-content\/uploads\/2022\/07\/Logo_Bay.png 500w, https:\/\/www.kristallturm.com\/wp-content\/uploads\/2022\/07\/Logo_Bay-300x174.png 300w\" sizes=\"auto, (max-width: 250px) 100vw, 250px\" \/><\/figure>\n\n\n\n<h2 class=\"gb-headline gb-headline-8d41d4e7 gb-headline-text\"><strong>WIR HABEN GEWONNEN!<\/strong><\/h2>\n\n\n\n<p>Im Rahmen der Internationalen Handwerksmesse  wurde KristallTurm<sup>\u00ae<\/sup> f\u00fcr die Entwicklung eines 3D-Konfigurators mit dem bayerischen Staatspreis 2022 ausgezeichnet. <\/p>\n\n\n<div class=\"gb-button-wrapper gb-button-wrapper-f64d957b\">\n\n<a class=\"gb-button gb-button-27de95c5 gb-button-text\" href=\"https:\/\/konfigurator.kristallturm.de\/\" target=\"_blank\" rel=\"noopener noreferrer\"><strong>Jetzt 3D-Konfigurator ausprobieren<\/strong><\/a>\n\n<\/div>\n<\/div><\/div><\/div><\/div>\n\n\n\n<div style=\"height:63px\" aria-hidden=\"true\" class=\"wp-block-spacer\"><\/div>\n\n\n<div class=\"gb-container gb-container-fc35d858 alignwide\"><div class=\"gb-inside-container\">\n<div class=\"gb-container gb-container-6cf33725 alignwide\"><div class=\"gb-inside-container\">\n<div class=\"gb-container gb-container-1f9c50c3 alignwide\"><div class=\"gb-inside-container\">\n\n<h2 class=\"gb-headline gb-headline-d73d1d6e\"><span class=\"gb-icon\"><svg xmlns=\"http:\/\/www.w3.org\/2000\/svg\" width=\"48\" height=\"48\" viewBox=\"0 0 24 24\" fill=\"none\" stroke=\"currentColor\" stroke-width=\"2\" stroke-linecap=\"round\" stroke-linejoin=\"round\" class=\"feather feather-minus\"><path d=\"M5 12h14\"><\/path><\/svg><\/span><span class=\"gb-headline-text\"><strong>bayerischer staatspreis 2022 <\/strong><\/span><\/h2>\n\n\n\n<p>Im Rahmen der IHM (Internationale Handwerksmesse) werden jedes Jahr die besten Ideen aus dem Handwerk mit den Bayerischen Staatspreisen pr\u00e4miert. Dieser wird f\u00fcr besondere gestalterische und technische Leistungen im Handwerk verliehen. KristallTurm<sup>\u00ae<\/sup> konnte im Bereich der technischen Leistungen mit dem 3D-Hochseilgarten Konfigurator punkten, mit dem sich Kunden Ihren eigenen Hochseilgarten zusammenstellen und konfigurieren k\u00f6nnen. Mit dem Programm haben Interessenten die M\u00f6glichkeit, Ihren individuellen Hochseilgarten von allen Seiten zu betrachten, Ihre Wunschanbauteile hinzuzuf\u00fcgen oder den Turm farblich zu gestalten und daf\u00fcr ein passendes Angebot zu erhalten. KristallTurm<sup>\u00ae<\/sup> entwickelt den Konfigurator stets weiter und in K\u00fcrze wird es sogar einen Profitkalkulator geben, der Aufschluss \u00fcber Kosten und Einnahmen einer jeden Anlage gibt. <\/p>\n\n\n\n<p>In feierlichem Rahmen kamen die Gewinner am Freitag, den 8. Juli 2022 auf dem Messegel\u00e4nde M\u00fcnchen zur offiziellen Verleihung der Bundes- und Staatspreise zusammen. \u00dcberreicht wurden die Auszeichnungen f\u00fcr die Bayerischen Staatspreise durch Ministerialdirigent Dr. Markus Eder, Abteilungsleiter f\u00fcr Mittelstand, Handwerk, Handel und Freie Berufe im Bayerischen Staatsministerium f\u00fcr Wirtschaft, Landesentwicklung und Energie.<\/p>\n\n\n\n<p>Der Bayerische Staatspreis f\u00fcr besondere gestalterische und technische Leistungen im Handwerk wird seit 1952 vom Bayerischen Wirtschaftsministerium vergeben. Die Auszeichnung ging in diesem Jahr an insgesamt 22 \u2013 elf im Bereich Gestaltung, elf im Bereich Technik \u2013 Aussteller der Internationalen Handwerksmesse.<\/p>\n\n\n\n<p>Das ganze KristallTurm<sup>\u00ae<\/sup> Team freut sich sehr \u00fcber diese Auszeichnung.<\/p>\n\n<\/div><\/div>\n<\/div><\/div>\n\n\n<div style=\"height:55px\" aria-hidden=\"true\" class=\"wp-block-spacer\"><\/div>\n\n\n\n<div class=\"wp-block-columns is-layout-flex wp-container-core-columns-is-layout-9d6595d7 wp-block-columns-is-layout-flex\">\n<div class=\"wp-block-column is-layout-flow wp-block-column-is-layout-flow\">\n<figure class=\"wp-block-image size-full\"><img loading=\"lazy\" decoding=\"async\" width=\"700\" height=\"467\" src=\"https:\/\/www.kristallturm.com\/wp-content\/uploads\/2022\/07\/IHM-2022-915.jpg\" alt=\"\" class=\"wp-image-8647\" srcset=\"https:\/\/www.kristallturm.com\/wp-content\/uploads\/2022\/07\/IHM-2022-915.jpg 700w, https:\/\/www.kristallturm.com\/wp-content\/uploads\/2022\/07\/IHM-2022-915-300x200.jpg 300w\" sizes=\"auto, (max-width: 700px) 100vw, 700px\" \/><\/figure>\n<\/div>\n\n\n\n<div class=\"wp-block-column is-layout-flow wp-block-column-is-layout-flow\">\n<figure class=\"wp-block-image size-full\"><img loading=\"lazy\" decoding=\"async\" width=\"700\" height=\"467\" src=\"https:\/\/www.kristallturm.com\/wp-content\/uploads\/2022\/07\/IHM-2022-789.jpg\" alt=\"\" class=\"wp-image-8644\" srcset=\"https:\/\/www.kristallturm.com\/wp-content\/uploads\/2022\/07\/IHM-2022-789.jpg 700w, https:\/\/www.kristallturm.com\/wp-content\/uploads\/2022\/07\/IHM-2022-789-300x200.jpg 300w\" sizes=\"auto, (max-width: 700px) 100vw, 700px\" \/><\/figure>\n<\/div>\n<\/div>\n\n<\/div><\/div>","protected":false},"excerpt":{"rendered":"<p>bayerischer staatspreis 2022 Im Rahmen der IHM (Internationale Handwerksmesse) werden jedes Jahr die besten Ideen aus dem Handwerk mit den Bayerischen Staatspreisen pr\u00e4miert. Dieser wird f\u00fcr besondere gestalterische und technische Leistungen im Handwerk verliehen. KristallTurm\u00ae konnte im Bereich der technischen Leistungen mit dem 3D-Hochseilgarten Konfigurator punkten, mit dem sich Kunden Ihren eigenen Hochseilgarten zusammenstellen und &#8230; <a title=\"Bayerischer Staatspreis\" class=\"read-more\" href=\"https:\/\/www.kristallturm.com\/de\/bayerischerstaatspreis\/\" aria-label=\"Mehr Informationen \u00fcber Bayerischer Staatspreis\">Weiterlesen<\/a><\/p>\n","protected":false},"author":15,"featured_media":0,"parent":0,"menu_order":0,"comment_status":"closed","ping_status":"closed","template":"","meta":{"_acf_changed":false,"_coblocks_attr":"","_coblocks_dimensions":"","_coblocks_responsive_height":"","_coblocks_accordion_ie_support":"","footnotes":""},"class_list":["post-8640","page","type-page","status-publish"],"acf":[],"yoast_head":"<!-- This site is optimized with the Yoast SEO plugin v27.6 - https:\/\/yoast.com\/product\/yoast-seo-wordpress\/ -->\n<title>KristallTurm\u00ae\u00a0gewinnt den Bayerischen Staatspreis 2022<\/title>\n<meta name=\"description\" content=\"Der KristallTurm\u00ae 3D Konfigurator wurde mit dem bayerischen Staatspreis 2022 ausgezeichnet! Jetzt mehr erfahren.\" \/>\n<meta name=\"robots\" content=\"index, follow, max-snippet:-1, max-image-preview:large, max-video-preview:-1\" \/>\n<link rel=\"canonical\" href=\"https:\/\/www.kristallturm.com\/de\/bayerischerstaatspreis\/\" \/>\n<meta property=\"og:locale\" content=\"de_DE\" \/>\n<meta property=\"og:type\" content=\"article\" \/>\n<meta property=\"og:title\" content=\"KristallTurm\u00ae\u00a0gewinnt den Bayerischen Staatspreis 2022\" \/>\n<meta property=\"og:description\" content=\"Der KristallTurm\u00ae 3D Konfigurator wurde mit dem bayerischen Staatspreis 2022 ausgezeichnet! Jetzt mehr erfahren.\" \/>\n<meta property=\"og:url\" content=\"https:\/\/www.kristallturm.com\/de\/bayerischerstaatspreis\/\" \/>\n<meta property=\"og:site_name\" content=\"Kristallturm\" \/>\n<meta property=\"article:publisher\" content=\"https:\/\/www.facebook.com\/Kristallturm\/\" \/>\n<meta property=\"article:modified_time\" content=\"2022-07-20T12:17:15+00:00\" \/>\n<meta property=\"og:image\" content=\"https:\/\/www.kristallturm.com\/wp-content\/uploads\/2022\/07\/IHM-2022-591-1.jpg\" \/>\n<meta name=\"twitter:card\" content=\"summary_large_image\" \/>\n<meta name=\"twitter:label1\" content=\"Gesch\u00e4tzte Lesezeit\" \/>\n\t<meta name=\"twitter:data1\" content=\"3\u00a0Minuten\" \/>\n<script type=\"application\/ld+json\" class=\"yoast-schema-graph\">{\"@context\":\"https:\\\/\\\/schema.org\",\"@graph\":[{\"@type\":\"WebPage\",\"@id\":\"https:\\\/\\\/www.kristallturm.com\\\/de\\\/bayerischerstaatspreis\\\/\",\"url\":\"https:\\\/\\\/www.kristallturm.com\\\/de\\\/bayerischerstaatspreis\\\/\",\"name\":\"KristallTurm\u00ae\u00a0gewinnt den Bayerischen Staatspreis 2022\",\"isPartOf\":{\"@id\":\"https:\\\/\\\/www.kristallturm.com\\\/de\\\/#website\"},\"primaryImageOfPage\":{\"@id\":\"https:\\\/\\\/www.kristallturm.com\\\/de\\\/bayerischerstaatspreis\\\/#primaryimage\"},\"image\":{\"@id\":\"https:\\\/\\\/www.kristallturm.com\\\/de\\\/bayerischerstaatspreis\\\/#primaryimage\"},\"thumbnailUrl\":\"https:\\\/\\\/www.kristallturm.com\\\/wp-content\\\/uploads\\\/2022\\\/07\\\/IHM-2022-591-1.jpg\",\"datePublished\":\"2022-07-20T09:03:02+00:00\",\"dateModified\":\"2022-07-20T12:17:15+00:00\",\"description\":\"Der KristallTurm\u00ae 3D Konfigurator wurde mit dem bayerischen Staatspreis 2022 ausgezeichnet! Jetzt mehr erfahren.\",\"breadcrumb\":{\"@id\":\"https:\\\/\\\/www.kristallturm.com\\\/de\\\/bayerischerstaatspreis\\\/#breadcrumb\"},\"inLanguage\":\"de\",\"potentialAction\":[{\"@type\":\"ReadAction\",\"target\":[\"https:\\\/\\\/www.kristallturm.com\\\/de\\\/bayerischerstaatspreis\\\/\"]}]},{\"@type\":\"ImageObject\",\"inLanguage\":\"de\",\"@id\":\"https:\\\/\\\/www.kristallturm.com\\\/de\\\/bayerischerstaatspreis\\\/#primaryimage\",\"url\":\"https:\\\/\\\/www.kristallturm.com\\\/wp-content\\\/uploads\\\/2022\\\/07\\\/IHM-2022-591-1.jpg\",\"contentUrl\":\"https:\\\/\\\/www.kristallturm.com\\\/wp-content\\\/uploads\\\/2022\\\/07\\\/IHM-2022-591-1.jpg\"},{\"@type\":\"BreadcrumbList\",\"@id\":\"https:\\\/\\\/www.kristallturm.com\\\/de\\\/bayerischerstaatspreis\\\/#breadcrumb\",\"itemListElement\":[{\"@type\":\"ListItem\",\"position\":1,\"name\":\"Home\",\"item\":\"https:\\\/\\\/www.kristallturm.com\\\/de\\\/\"},{\"@type\":\"ListItem\",\"position\":2,\"name\":\"Bayerischer Staatspreis\"}]},{\"@type\":\"WebSite\",\"@id\":\"https:\\\/\\\/www.kristallturm.com\\\/de\\\/#website\",\"url\":\"https:\\\/\\\/www.kristallturm.com\\\/de\\\/\",\"name\":\"Kristallturm\",\"description\":\"THE HIGH ROPES COURSE\",\"publisher\":{\"@id\":\"https:\\\/\\\/www.kristallturm.com\\\/de\\\/#organization\"},\"potentialAction\":[{\"@type\":\"SearchAction\",\"target\":{\"@type\":\"EntryPoint\",\"urlTemplate\":\"https:\\\/\\\/www.kristallturm.com\\\/de\\\/?s={search_term_string}\"},\"query-input\":{\"@type\":\"PropertyValueSpecification\",\"valueRequired\":true,\"valueName\":\"search_term_string\"}}],\"inLanguage\":\"de\"},{\"@type\":\"Organization\",\"@id\":\"https:\\\/\\\/www.kristallturm.com\\\/de\\\/#organization\",\"name\":\"Kristallturm\",\"url\":\"https:\\\/\\\/www.kristallturm.com\\\/de\\\/\",\"logo\":{\"@type\":\"ImageObject\",\"inLanguage\":\"de\",\"@id\":\"https:\\\/\\\/www.kristallturm.com\\\/de\\\/#\\\/schema\\\/logo\\\/image\\\/\",\"url\":\"https:\\\/\\\/www.kristallturm.com\\\/wp-content\\\/uploads\\\/2020\\\/11\\\/KT_Logo-Zusa_ab-2020_en.png\",\"contentUrl\":\"https:\\\/\\\/www.kristallturm.com\\\/wp-content\\\/uploads\\\/2020\\\/11\\\/KT_Logo-Zusa_ab-2020_en.png\",\"width\":1523,\"height\":806,\"caption\":\"Kristallturm\"},\"image\":{\"@id\":\"https:\\\/\\\/www.kristallturm.com\\\/de\\\/#\\\/schema\\\/logo\\\/image\\\/\"},\"sameAs\":[\"https:\\\/\\\/www.facebook.com\\\/Kristallturm\\\/\",\"https:\\\/\\\/www.instagram.com\\\/kristallturm_germany\\\/\"]}]}<\/script>\n<!-- \/ Yoast SEO plugin. -->","yoast_head_json":{"title":"KristallTurm\u00ae\u00a0gewinnt den Bayerischen Staatspreis 2022","description":"Der KristallTurm\u00ae 3D Konfigurator wurde mit dem bayerischen Staatspreis 2022 ausgezeichnet! Jetzt mehr erfahren.","robots":{"index":"index","follow":"follow","max-snippet":"max-snippet:-1","max-image-preview":"max-image-preview:large","max-video-preview":"max-video-preview:-1"},"canonical":"https:\/\/www.kristallturm.com\/de\/bayerischerstaatspreis\/","og_locale":"de_DE","og_type":"article","og_title":"KristallTurm\u00ae\u00a0gewinnt den Bayerischen Staatspreis 2022","og_description":"Der KristallTurm\u00ae 3D Konfigurator wurde mit dem bayerischen Staatspreis 2022 ausgezeichnet! Jetzt mehr erfahren.","og_url":"https:\/\/www.kristallturm.com\/de\/bayerischerstaatspreis\/","og_site_name":"Kristallturm","article_publisher":"https:\/\/www.facebook.com\/Kristallturm\/","article_modified_time":"2022-07-20T12:17:15+00:00","og_image":[{"url":"https:\/\/www.kristallturm.com\/wp-content\/uploads\/2022\/07\/IHM-2022-591-1.jpg","type":"","width":"","height":""}],"twitter_card":"summary_large_image","twitter_misc":{"Gesch\u00e4tzte Lesezeit":"3\u00a0Minuten"},"schema":{"@context":"https:\/\/schema.org","@graph":[{"@type":"WebPage","@id":"https:\/\/www.kristallturm.com\/de\/bayerischerstaatspreis\/","url":"https:\/\/www.kristallturm.com\/de\/bayerischerstaatspreis\/","name":"KristallTurm\u00ae\u00a0gewinnt den Bayerischen Staatspreis 2022","isPartOf":{"@id":"https:\/\/www.kristallturm.com\/de\/#website"},"primaryImageOfPage":{"@id":"https:\/\/www.kristallturm.com\/de\/bayerischerstaatspreis\/#primaryimage"},"image":{"@id":"https:\/\/www.kristallturm.com\/de\/bayerischerstaatspreis\/#primaryimage"},"thumbnailUrl":"https:\/\/www.kristallturm.com\/wp-content\/uploads\/2022\/07\/IHM-2022-591-1.jpg","datePublished":"2022-07-20T09:03:02+00:00","dateModified":"2022-07-20T12:17:15+00:00","description":"Der KristallTurm\u00ae 3D Konfigurator wurde mit dem bayerischen Staatspreis 2022 ausgezeichnet! Jetzt mehr erfahren.","breadcrumb":{"@id":"https:\/\/www.kristallturm.com\/de\/bayerischerstaatspreis\/#breadcrumb"},"inLanguage":"de","potentialAction":[{"@type":"ReadAction","target":["https:\/\/www.kristallturm.com\/de\/bayerischerstaatspreis\/"]}]},{"@type":"ImageObject","inLanguage":"de","@id":"https:\/\/www.kristallturm.com\/de\/bayerischerstaatspreis\/#primaryimage","url":"https:\/\/www.kristallturm.com\/wp-content\/uploads\/2022\/07\/IHM-2022-591-1.jpg","contentUrl":"https:\/\/www.kristallturm.com\/wp-content\/uploads\/2022\/07\/IHM-2022-591-1.jpg"},{"@type":"BreadcrumbList","@id":"https:\/\/www.kristallturm.com\/de\/bayerischerstaatspreis\/#breadcrumb","itemListElement":[{"@type":"ListItem","position":1,"name":"Home","item":"https:\/\/www.kristallturm.com\/de\/"},{"@type":"ListItem","position":2,"name":"Bayerischer Staatspreis"}]},{"@type":"WebSite","@id":"https:\/\/www.kristallturm.com\/de\/#website","url":"https:\/\/www.kristallturm.com\/de\/","name":"Kristallturm","description":"THE HIGH ROPES COURSE","publisher":{"@id":"https:\/\/www.kristallturm.com\/de\/#organization"},"potentialAction":[{"@type":"SearchAction","target":{"@type":"EntryPoint","urlTemplate":"https:\/\/www.kristallturm.com\/de\/?s={search_term_string}"},"query-input":{"@type":"PropertyValueSpecification","valueRequired":true,"valueName":"search_term_string"}}],"inLanguage":"de"},{"@type":"Organization","@id":"https:\/\/www.kristallturm.com\/de\/#organization","name":"Kristallturm","url":"https:\/\/www.kristallturm.com\/de\/","logo":{"@type":"ImageObject","inLanguage":"de","@id":"https:\/\/www.kristallturm.com\/de\/#\/schema\/logo\/image\/","url":"https:\/\/www.kristallturm.com\/wp-content\/uploads\/2020\/11\/KT_Logo-Zusa_ab-2020_en.png","contentUrl":"https:\/\/www.kristallturm.com\/wp-content\/uploads\/2020\/11\/KT_Logo-Zusa_ab-2020_en.png","width":1523,"height":806,"caption":"Kristallturm"},"image":{"@id":"https:\/\/www.kristallturm.com\/de\/#\/schema\/logo\/image\/"},"sameAs":["https:\/\/www.facebook.com\/Kristallturm\/","https:\/\/www.instagram.com\/kristallturm_germany\/"]}]}},"_links":{"self":[{"href":"https:\/\/www.kristallturm.com\/de\/wp-json\/wp\/v2\/pages\/8640","targetHints":{"allow":["GET"]}}],"collection":[{"href":"https:\/\/www.kristallturm.com\/de\/wp-json\/wp\/v2\/pages"}],"about":[{"href":"https:\/\/www.kristallturm.com\/de\/wp-json\/wp\/v2\/types\/page"}],"author":[{"embeddable":true,"href":"https:\/\/www.kristallturm.com\/de\/wp-json\/wp\/v2\/users\/15"}],"replies":[{"embeddable":true,"href":"https:\/\/www.kristallturm.com\/de\/wp-json\/wp\/v2\/comments?post=8640"}],"version-history":[{"count":23,"href":"https:\/\/www.kristallturm.com\/de\/wp-json\/wp\/v2\/pages\/8640\/revisions"}],"predecessor-version":[{"id":8744,"href":"https:\/\/www.kristallturm.com\/de\/wp-json\/wp\/v2\/pages\/8640\/revisions\/8744"}],"wp:attachment":[{"href":"https:\/\/www.kristallturm.com\/de\/wp-json\/wp\/v2\/media?parent=8640"}],"curies":[{"name":"wp","href":"https:\/\/api.w.org\/{rel}","templated":true}]}}