{"id":8441,"date":"2022-05-31T11:06:06","date_gmt":"2022-05-31T09:06:06","guid":{"rendered":"https:\/\/www.kristallturm.com\/?page_id=8441"},"modified":"2025-09-29T09:47:39","modified_gmt":"2025-09-29T07:47:39","slug":"stellenanzeigen-kristallturm","status":"publish","type":"page","link":"https:\/\/www.kristallturm.com\/de\/stellenanzeigen-kristallturm\/","title":{"rendered":"Stellenanzeigen"},"content":{"rendered":"<div class=\"gb-container gb-container-a54bb988\">\n\n<h1 class=\"gb-headline gb-headline-b52b42d2\"><span class=\"gb-icon\"><svg class=\"feather feather-minus\" stroke-linejoin=\"round\" stroke-linecap=\"round\" stroke-width=\"2\" stroke=\"currentColor\" fill=\"none\" viewBox=\"0 0 24 24\" height=\"48\" width=\"48\" xmlns=\"http:\/\/www.w3.org\/2000\/svg\"><path d=\"M5 12h14\"><\/path><\/svg><\/span><span class=\"gb-headline-text\"><strong>DEIN JOB BEI KRISTALLTURM<sup>\u00ae<\/sup><\/strong><\/span><\/h1>\n\n\n\n<h2 class=\"gb-headline gb-headline-15dc7c8f gb-headline-text\">Unsere Stellenanzeigen<\/h2>\n\n<\/div>\n\n<div class=\"gb-container gb-container-5f38a56d\"><div class=\"gb-inside-container\">\n<div class=\"gb-container gb-container-b6e4449c\"><div class=\"gb-inside-container\">\n\n<p class=\"has-text-align-center\">Finde Deinen Job bei KristallTurm<sup>\u00ae<\/sup>! Wir bieten die volle Bandbreite: von Praktikum und Ausbildung \u00fcber Berufseinstieg, bis hin zu Jobs in F\u00fchrungspositionen. Klick Dich durch unsere Stellenanzeigen und entdecke, was wir <a href=\"http:\/\/kristallturm.com\/de\/ueber-uns\/karriere\/\">Dir bieten k\u00f6nnen<\/a> und \u00fcberzeuge Dich von unseren <a href=\"https:\/\/www.kristallturm.com\/de\/ueber-uns\/karriere\/\">Karrierem\u00f6glichkeiten<\/a>!<\/p>\n\n\n\n<p class=\"has-text-align-center\"><strong>Nicht das passende dabei? Wir freuen uns trotzdem auf Deine Initiativbewerbung.<\/strong><br><strong> <\/strong>Schreibe uns \u00fcber das <a href=\"https:\/\/www.kristallturm.com\/de\/kontakt\/\">Kontaktformular<\/a> oder schicke deine Unterlagen an <a href=\"mailto:service@kristallturm.de\">service@kristallturm.de<\/a>.<\/p>\n\n\n<div class=\"gb-container gb-container-901475f9\"><div class=\"gb-inside-container\">\n<div class=\"gb-grid-wrapper gb-grid-wrapper-5dceacea\">\n<div class=\"gb-grid-column gb-grid-column-3c1f9d1a\"><div class=\"gb-container gb-container-3c1f9d1a\"><div class=\"gb-inside-container\">\n\n<div class=\"wp-block-cover is-light\" style=\"min-height:265px;aspect-ratio:unset;\"><img loading=\"lazy\" decoding=\"async\" width=\"500\" height=\"333\" class=\"wp-block-cover__image-background wp-image-5846\" alt=\"\" src=\"https:\/\/www.kristallturm.com\/wp-content\/uploads\/2021\/02\/Zimmerei_2.jpg\" data-object-fit=\"cover\" srcset=\"https:\/\/www.kristallturm.com\/wp-content\/uploads\/2021\/02\/Zimmerei_2.jpg 500w, https:\/\/www.kristallturm.com\/wp-content\/uploads\/2021\/02\/Zimmerei_2-300x200.jpg 300w\" sizes=\"auto, (max-width: 500px) 100vw, 500px\" \/><span aria-hidden=\"true\" class=\"wp-block-cover__background has-contrast-2-background-color has-background-dim\"><\/span><div class=\"wp-block-cover__inner-container is-layout-flow wp-block-cover-is-layout-flow\">\n<h2 class=\"gb-headline gb-headline-72e262fb gb-headline-text\"><strong><a href=\"https:\/\/www.kristallturm.com\/de\/stellenanzeigen#ausbildung\">Ausbildung<\/a><\/strong><\/h2>\n<\/div><\/div>\n\n<\/div><\/div><\/div>\n\n<div class=\"gb-grid-column gb-grid-column-c3c7cf84\"><div class=\"gb-container gb-container-c3c7cf84\"><div class=\"gb-inside-container\">\n\n<div class=\"wp-block-cover is-light\" style=\"min-height:265px;aspect-ratio:unset;\"><img loading=\"lazy\" decoding=\"async\" width=\"500\" height=\"333\" class=\"wp-block-cover__image-background wp-image-5843\" alt=\"\" src=\"https:\/\/www.kristallturm.com\/wp-content\/uploads\/2021\/02\/Zimmerei.jpg\" data-object-fit=\"cover\" srcset=\"https:\/\/www.kristallturm.com\/wp-content\/uploads\/2021\/02\/Zimmerei.jpg 500w, https:\/\/www.kristallturm.com\/wp-content\/uploads\/2021\/02\/Zimmerei-300x200.jpg 300w\" sizes=\"auto, (max-width: 500px) 100vw, 500px\" \/><span aria-hidden=\"true\" class=\"wp-block-cover__background has-contrast-2-background-color has-background-dim\"><\/span><div class=\"wp-block-cover__inner-container is-layout-flow wp-block-cover-is-layout-flow\">\n<h2 class=\"gb-headline gb-headline-c3009d34 gb-headline-text\"><strong><a href=\"https:\/\/www.kristallturm.com\/de\/stellenanzeigen#handwerk\">Handwerk<\/a><\/strong><\/h2>\n<\/div><\/div>\n\n<\/div><\/div><\/div>\n\n<div class=\"gb-grid-column gb-grid-column-4d390bce\"><div class=\"gb-container gb-container-4d390bce\"><div class=\"gb-inside-container\">\n\n<div class=\"wp-block-cover is-light\" style=\"min-height:267px;aspect-ratio:unset;\"><img loading=\"lazy\" decoding=\"async\" width=\"500\" height=\"334\" class=\"wp-block-cover__image-background wp-image-3734\" alt=\"\" src=\"https:\/\/www.kristallturm.com\/wp-content\/uploads\/2020\/11\/1_entwicklung_web.jpg\" data-object-fit=\"cover\" srcset=\"https:\/\/www.kristallturm.com\/wp-content\/uploads\/2020\/11\/1_entwicklung_web.jpg 500w, https:\/\/www.kristallturm.com\/wp-content\/uploads\/2020\/11\/1_entwicklung_web-300x200.jpg 300w\" sizes=\"auto, (max-width: 500px) 100vw, 500px\" \/><span aria-hidden=\"true\" class=\"wp-block-cover__background has-contrast-2-background-color has-background-dim\"><\/span><div class=\"wp-block-cover__inner-container is-layout-flow wp-block-cover-is-layout-flow\">\n<h2 class=\"gb-headline gb-headline-4b401f74 gb-headline-text\"><strong><a href=\"https:\/\/www.kristallturm.com\/de\/stellenanzeigen#b\u00fcro\">B\u00fcro<\/a><\/strong><\/h2>\n<\/div><\/div>\n\n<\/div><\/div><\/div>\n<\/div>\n<\/div><\/div>\n\n<div class=\"gb-button-wrapper gb-button-wrapper-fe93c707\">\n\n<a class=\"gb-button gb-button-cec8c4e6 gb-button-text\" href=\"https:\/\/www.kristallturm.com\/de\/ueber-uns\/karriere\/\" target=\"_blank\" rel=\"noopener noreferrer\"><strong>KRISTALLTURM<sup>\u00ae<\/sup> BENEFITS ENTDECKEN<\/strong><\/a>\n\n<\/div>\n\n\n<div style=\"height:40px\" aria-hidden=\"true\" class=\"wp-block-spacer\"><\/div>\n\n\n\n<div id=\"handwerk\" class=\"sprung\"><\/div>\n\n\n\n<div id=\"b\u00fcro\" class=\"sprung\"><\/div>\n\n\n\n<div id=\"ausbildung\" class=\"sprung\"><\/div>\n\n<\/div><\/div>\n<\/div><\/div>","protected":false},"excerpt":{"rendered":"<p>DEIN JOB BEI KRISTALLTURM\u00ae Unsere Stellenanzeigen Finde Deinen Job bei KristallTurm\u00ae! Wir bieten die volle Bandbreite: von Praktikum und Ausbildung \u00fcber Berufseinstieg, bis hin zu Jobs in F\u00fchrungspositionen. Klick Dich durch unsere Stellenanzeigen und entdecke, was wir Dir bieten k\u00f6nnen und \u00fcberzeuge Dich von unseren Karrierem\u00f6glichkeiten! Nicht das passende dabei? Wir freuen uns trotzdem auf &#8230; <a title=\"Stellenanzeigen\" class=\"read-more\" href=\"https:\/\/www.kristallturm.com\/de\/stellenanzeigen-kristallturm\/\" aria-label=\"Mehr Informationen \u00fcber Stellenanzeigen\">Weiterlesen<\/a><\/p>\n","protected":false},"author":15,"featured_media":0,"parent":0,"menu_order":0,"comment_status":"closed","ping_status":"closed","template":"","meta":{"_acf_changed":false,"_coblocks_attr":"","_coblocks_dimensions":"","_coblocks_responsive_height":"","_coblocks_accordion_ie_support":"","footnotes":""},"class_list":["post-8441","page","type-page","status-publish"],"acf":[],"yoast_head":"<!-- This site is optimized with the Yoast SEO plugin v27.5 - https:\/\/yoast.com\/product\/yoast-seo-wordpress\/ -->\n<title>Dein Job bei KristallTurm\u00ae | Unsere Stellenanzeigen<\/title>\n<meta name=\"description\" content=\"Entdecke unsere Karrierem\u00f6glichkeiten \u27a4 Zimmerer \u27a4 Schreiner \u27a4 Monteure \u27a4 Ausbildung \u27a4 Wir freuen uns auf dich!\" \/>\n<meta name=\"robots\" content=\"index, follow, max-snippet:-1, max-image-preview:large, max-video-preview:-1\" \/>\n<link rel=\"canonical\" href=\"https:\/\/www.kristallturm.com\/de\/stellenanzeigen-kristallturm\/\" \/>\n<meta property=\"og:locale\" content=\"de_DE\" \/>\n<meta property=\"og:type\" content=\"article\" \/>\n<meta property=\"og:title\" content=\"Dein Job bei KristallTurm\u00ae | Unsere Stellenanzeigen\" \/>\n<meta property=\"og:description\" content=\"Entdecke unsere Karrierem\u00f6glichkeiten \u27a4 Zimmerer \u27a4 Schreiner \u27a4 Monteure \u27a4 Ausbildung \u27a4 Wir freuen uns auf dich!\" \/>\n<meta property=\"og:url\" content=\"https:\/\/www.kristallturm.com\/de\/stellenanzeigen-kristallturm\/\" \/>\n<meta property=\"og:site_name\" content=\"Kristallturm\" \/>\n<meta property=\"article:publisher\" content=\"https:\/\/www.facebook.com\/Kristallturm\/\" \/>\n<meta property=\"article:modified_time\" content=\"2025-09-29T07:47:39+00:00\" \/>\n<meta property=\"og:image\" content=\"https:\/\/www.kristallturm.com\/wp-content\/uploads\/2021\/02\/Zimmerei_2.jpg\" \/>\n\t<meta property=\"og:image:width\" content=\"500\" \/>\n\t<meta property=\"og:image:height\" content=\"333\" \/>\n\t<meta property=\"og:image:type\" content=\"image\/jpeg\" \/>\n<meta name=\"twitter:card\" content=\"summary_large_image\" \/>\n<meta name=\"twitter:label1\" content=\"Gesch\u00e4tzte Lesezeit\" \/>\n\t<meta name=\"twitter:data1\" content=\"2\u00a0Minuten\" \/>\n<script type=\"application\/ld+json\" class=\"yoast-schema-graph\">{\"@context\":\"https:\\\/\\\/schema.org\",\"@graph\":[{\"@type\":\"WebPage\",\"@id\":\"https:\\\/\\\/www.kristallturm.com\\\/de\\\/stellenanzeigen-kristallturm\\\/\",\"url\":\"https:\\\/\\\/www.kristallturm.com\\\/de\\\/stellenanzeigen-kristallturm\\\/\",\"name\":\"Dein Job bei KristallTurm\u00ae | Unsere Stellenanzeigen\",\"isPartOf\":{\"@id\":\"https:\\\/\\\/www.kristallturm.com\\\/de\\\/#website\"},\"primaryImageOfPage\":{\"@id\":\"https:\\\/\\\/www.kristallturm.com\\\/de\\\/stellenanzeigen-kristallturm\\\/#primaryimage\"},\"image\":{\"@id\":\"https:\\\/\\\/www.kristallturm.com\\\/de\\\/stellenanzeigen-kristallturm\\\/#primaryimage\"},\"thumbnailUrl\":\"https:\\\/\\\/www.kristallturm.com\\\/wp-content\\\/uploads\\\/2021\\\/02\\\/Zimmerei_2.jpg\",\"datePublished\":\"2022-05-31T09:06:06+00:00\",\"dateModified\":\"2025-09-29T07:47:39+00:00\",\"description\":\"Entdecke unsere Karrierem\u00f6glichkeiten \u27a4 Zimmerer \u27a4 Schreiner \u27a4 Monteure \u27a4 Ausbildung \u27a4 Wir freuen uns auf dich!\",\"breadcrumb\":{\"@id\":\"https:\\\/\\\/www.kristallturm.com\\\/de\\\/stellenanzeigen-kristallturm\\\/#breadcrumb\"},\"inLanguage\":\"de\",\"potentialAction\":[{\"@type\":\"ReadAction\",\"target\":[\"https:\\\/\\\/www.kristallturm.com\\\/de\\\/stellenanzeigen-kristallturm\\\/\"]}]},{\"@type\":\"ImageObject\",\"inLanguage\":\"de\",\"@id\":\"https:\\\/\\\/www.kristallturm.com\\\/de\\\/stellenanzeigen-kristallturm\\\/#primaryimage\",\"url\":\"https:\\\/\\\/www.kristallturm.com\\\/wp-content\\\/uploads\\\/2021\\\/02\\\/Zimmerei_2.jpg\",\"contentUrl\":\"https:\\\/\\\/www.kristallturm.com\\\/wp-content\\\/uploads\\\/2021\\\/02\\\/Zimmerei_2.jpg\"},{\"@type\":\"BreadcrumbList\",\"@id\":\"https:\\\/\\\/www.kristallturm.com\\\/de\\\/stellenanzeigen-kristallturm\\\/#breadcrumb\",\"itemListElement\":[{\"@type\":\"ListItem\",\"position\":1,\"name\":\"Home\",\"item\":\"https:\\\/\\\/www.kristallturm.com\\\/de\\\/\"},{\"@type\":\"ListItem\",\"position\":2,\"name\":\"Stellenanzeigen\"}]},{\"@type\":\"WebSite\",\"@id\":\"https:\\\/\\\/www.kristallturm.com\\\/de\\\/#website\",\"url\":\"https:\\\/\\\/www.kristallturm.com\\\/de\\\/\",\"name\":\"Kristallturm\",\"description\":\"THE HIGH ROPES COURSE\",\"publisher\":{\"@id\":\"https:\\\/\\\/www.kristallturm.com\\\/de\\\/#organization\"},\"potentialAction\":[{\"@type\":\"SearchAction\",\"target\":{\"@type\":\"EntryPoint\",\"urlTemplate\":\"https:\\\/\\\/www.kristallturm.com\\\/de\\\/?s={search_term_string}\"},\"query-input\":{\"@type\":\"PropertyValueSpecification\",\"valueRequired\":true,\"valueName\":\"search_term_string\"}}],\"inLanguage\":\"de\"},{\"@type\":\"Organization\",\"@id\":\"https:\\\/\\\/www.kristallturm.com\\\/de\\\/#organization\",\"name\":\"Kristallturm\",\"url\":\"https:\\\/\\\/www.kristallturm.com\\\/de\\\/\",\"logo\":{\"@type\":\"ImageObject\",\"inLanguage\":\"de\",\"@id\":\"https:\\\/\\\/www.kristallturm.com\\\/de\\\/#\\\/schema\\\/logo\\\/image\\\/\",\"url\":\"https:\\\/\\\/www.kristallturm.com\\\/wp-content\\\/uploads\\\/2020\\\/11\\\/KT_Logo-Zusa_ab-2020_en.png\",\"contentUrl\":\"https:\\\/\\\/www.kristallturm.com\\\/wp-content\\\/uploads\\\/2020\\\/11\\\/KT_Logo-Zusa_ab-2020_en.png\",\"width\":1523,\"height\":806,\"caption\":\"Kristallturm\"},\"image\":{\"@id\":\"https:\\\/\\\/www.kristallturm.com\\\/de\\\/#\\\/schema\\\/logo\\\/image\\\/\"},\"sameAs\":[\"https:\\\/\\\/www.facebook.com\\\/Kristallturm\\\/\",\"https:\\\/\\\/www.instagram.com\\\/kristallturm_germany\\\/\"]}]}<\/script>\n<!-- \/ Yoast SEO plugin. -->","yoast_head_json":{"title":"Dein Job bei KristallTurm\u00ae | Unsere Stellenanzeigen","description":"Entdecke unsere Karrierem\u00f6glichkeiten \u27a4 Zimmerer \u27a4 Schreiner \u27a4 Monteure \u27a4 Ausbildung \u27a4 Wir freuen uns auf dich!","robots":{"index":"index","follow":"follow","max-snippet":"max-snippet:-1","max-image-preview":"max-image-preview:large","max-video-preview":"max-video-preview:-1"},"canonical":"https:\/\/www.kristallturm.com\/de\/stellenanzeigen-kristallturm\/","og_locale":"de_DE","og_type":"article","og_title":"Dein Job bei KristallTurm\u00ae | Unsere Stellenanzeigen","og_description":"Entdecke unsere Karrierem\u00f6glichkeiten \u27a4 Zimmerer \u27a4 Schreiner \u27a4 Monteure \u27a4 Ausbildung \u27a4 Wir freuen uns auf dich!","og_url":"https:\/\/www.kristallturm.com\/de\/stellenanzeigen-kristallturm\/","og_site_name":"Kristallturm","article_publisher":"https:\/\/www.facebook.com\/Kristallturm\/","article_modified_time":"2025-09-29T07:47:39+00:00","og_image":[{"width":500,"height":333,"url":"https:\/\/www.kristallturm.com\/wp-content\/uploads\/2021\/02\/Zimmerei_2.jpg","type":"image\/jpeg"}],"twitter_card":"summary_large_image","twitter_misc":{"Gesch\u00e4tzte Lesezeit":"2\u00a0Minuten"},"schema":{"@context":"https:\/\/schema.org","@graph":[{"@type":"WebPage","@id":"https:\/\/www.kristallturm.com\/de\/stellenanzeigen-kristallturm\/","url":"https:\/\/www.kristallturm.com\/de\/stellenanzeigen-kristallturm\/","name":"Dein Job bei KristallTurm\u00ae | Unsere Stellenanzeigen","isPartOf":{"@id":"https:\/\/www.kristallturm.com\/de\/#website"},"primaryImageOfPage":{"@id":"https:\/\/www.kristallturm.com\/de\/stellenanzeigen-kristallturm\/#primaryimage"},"image":{"@id":"https:\/\/www.kristallturm.com\/de\/stellenanzeigen-kristallturm\/#primaryimage"},"thumbnailUrl":"https:\/\/www.kristallturm.com\/wp-content\/uploads\/2021\/02\/Zimmerei_2.jpg","datePublished":"2022-05-31T09:06:06+00:00","dateModified":"2025-09-29T07:47:39+00:00","description":"Entdecke unsere Karrierem\u00f6glichkeiten \u27a4 Zimmerer \u27a4 Schreiner \u27a4 Monteure \u27a4 Ausbildung \u27a4 Wir freuen uns auf dich!","breadcrumb":{"@id":"https:\/\/www.kristallturm.com\/de\/stellenanzeigen-kristallturm\/#breadcrumb"},"inLanguage":"de","potentialAction":[{"@type":"ReadAction","target":["https:\/\/www.kristallturm.com\/de\/stellenanzeigen-kristallturm\/"]}]},{"@type":"ImageObject","inLanguage":"de","@id":"https:\/\/www.kristallturm.com\/de\/stellenanzeigen-kristallturm\/#primaryimage","url":"https:\/\/www.kristallturm.com\/wp-content\/uploads\/2021\/02\/Zimmerei_2.jpg","contentUrl":"https:\/\/www.kristallturm.com\/wp-content\/uploads\/2021\/02\/Zimmerei_2.jpg"},{"@type":"BreadcrumbList","@id":"https:\/\/www.kristallturm.com\/de\/stellenanzeigen-kristallturm\/#breadcrumb","itemListElement":[{"@type":"ListItem","position":1,"name":"Home","item":"https:\/\/www.kristallturm.com\/de\/"},{"@type":"ListItem","position":2,"name":"Stellenanzeigen"}]},{"@type":"WebSite","@id":"https:\/\/www.kristallturm.com\/de\/#website","url":"https:\/\/www.kristallturm.com\/de\/","name":"Kristallturm","description":"THE HIGH ROPES COURSE","publisher":{"@id":"https:\/\/www.kristallturm.com\/de\/#organization"},"potentialAction":[{"@type":"SearchAction","target":{"@type":"EntryPoint","urlTemplate":"https:\/\/www.kristallturm.com\/de\/?s={search_term_string}"},"query-input":{"@type":"PropertyValueSpecification","valueRequired":true,"valueName":"search_term_string"}}],"inLanguage":"de"},{"@type":"Organization","@id":"https:\/\/www.kristallturm.com\/de\/#organization","name":"Kristallturm","url":"https:\/\/www.kristallturm.com\/de\/","logo":{"@type":"ImageObject","inLanguage":"de","@id":"https:\/\/www.kristallturm.com\/de\/#\/schema\/logo\/image\/","url":"https:\/\/www.kristallturm.com\/wp-content\/uploads\/2020\/11\/KT_Logo-Zusa_ab-2020_en.png","contentUrl":"https:\/\/www.kristallturm.com\/wp-content\/uploads\/2020\/11\/KT_Logo-Zusa_ab-2020_en.png","width":1523,"height":806,"caption":"Kristallturm"},"image":{"@id":"https:\/\/www.kristallturm.com\/de\/#\/schema\/logo\/image\/"},"sameAs":["https:\/\/www.facebook.com\/Kristallturm\/","https:\/\/www.instagram.com\/kristallturm_germany\/"]}]}},"_links":{"self":[{"href":"https:\/\/www.kristallturm.com\/de\/wp-json\/wp\/v2\/pages\/8441","targetHints":{"allow":["GET"]}}],"collection":[{"href":"https:\/\/www.kristallturm.com\/de\/wp-json\/wp\/v2\/pages"}],"about":[{"href":"https:\/\/www.kristallturm.com\/de\/wp-json\/wp\/v2\/types\/page"}],"author":[{"embeddable":true,"href":"https:\/\/www.kristallturm.com\/de\/wp-json\/wp\/v2\/users\/15"}],"replies":[{"embeddable":true,"href":"https:\/\/www.kristallturm.com\/de\/wp-json\/wp\/v2\/comments?post=8441"}],"version-history":[{"count":104,"href":"https:\/\/www.kristallturm.com\/de\/wp-json\/wp\/v2\/pages\/8441\/revisions"}],"predecessor-version":[{"id":14364,"href":"https:\/\/www.kristallturm.com\/de\/wp-json\/wp\/v2\/pages\/8441\/revisions\/14364"}],"wp:attachment":[{"href":"https:\/\/www.kristallturm.com\/de\/wp-json\/wp\/v2\/media?parent=8441"}],"curies":[{"name":"wp","href":"https:\/\/api.w.org\/{rel}","templated":true}]}}