{"id":8269,"date":"2022-05-11T11:01:24","date_gmt":"2022-05-11T09:01:24","guid":{"rendered":"https:\/\/www.kristallturm.com\/?page_id=8269"},"modified":"2022-05-11T11:17:42","modified_gmt":"2022-05-11T09:17:42","slug":"projektablauf","status":"publish","type":"page","link":"https:\/\/www.kristallturm.com\/de\/projektablauf\/","title":{"rendered":"Projektablauf"},"content":{"rendered":"\n<div class=\"wp-block-media-text alignfull has-media-on-the-right is-stacked-on-mobile is-vertically-aligned-center has-background\" style=\"background-color:#9bac9e;grid-template-columns:auto 55%\"><figure class=\"wp-block-media-text__media\"><img loading=\"lazy\" decoding=\"async\" width=\"1000\" height=\"750\" src=\"https:\/\/www.kristallturm.com\/wp-content\/uploads\/2022\/05\/Osaka-1.jpg\" alt=\"\" class=\"wp-image-8252 size-full\" srcset=\"https:\/\/www.kristallturm.com\/wp-content\/uploads\/2022\/05\/Osaka-1.jpg 1000w, https:\/\/www.kristallturm.com\/wp-content\/uploads\/2022\/05\/Osaka-1-300x225.jpg 300w, https:\/\/www.kristallturm.com\/wp-content\/uploads\/2022\/05\/Osaka-1-768x576.jpg 768w\" sizes=\"auto, (max-width: 1000px) 100vw, 1000px\" \/><\/figure><div class=\"wp-block-media-text__content\"><div class=\"gb-container gb-container-54fbe327\"><div class=\"gb-inside-container\">\n\n<h2 class=\"gb-headline gb-headline-8d41d4e7 gb-headline-text\"><strong>PROJEKTABLAUF<\/strong><\/h2>\n\n\n\n<p>Die folgende \u00dcbersicht begleitet Sie auf Ihrem Weg zu einem KristallTurm<sup>\u00ae<\/sup> Hochseilgarten. Sie erfahren Schritt f\u00fcr Schritt, welche Aufgaben bis zur Fertigstellung des Projekts anstehen und wie wir Sie dabei unterst\u00fctzen. Laden Sie jetzt unser Whitepaper herunter f\u00fcr detaillierte Informationen.<\/p>\n\n\n<div class=\"gb-button-wrapper gb-button-wrapper-f64d957b\">\n\n<a class=\"gb-button gb-button-27de95c5 gb-button-text\" href=\"https:\/\/www.kristallturm.com\/de\/download-projektablauf\/\" target=\"_blank\" rel=\"noopener noreferrer\"><strong>Whitepaper<\/strong><\/a>\n\n<\/div>\n<\/div><\/div><\/div><\/div>\n\n\n\n<div style=\"height:63px\" aria-hidden=\"true\" class=\"wp-block-spacer\"><\/div>\n\n\n\n<h2 class=\"gb-headline gb-headline-d73d1d6e\"><span class=\"gb-icon\"><svg xmlns=\"http:\/\/www.w3.org\/2000\/svg\" width=\"48\" height=\"48\" viewBox=\"0 0 24 24\" fill=\"none\" stroke=\"currentColor\" stroke-width=\"2\" stroke-linecap=\"round\" stroke-linejoin=\"round\" class=\"feather feather-minus\"><path d=\"M5 12h14\"><\/path><\/svg><\/span><span class=\"gb-headline-text\"><strong>projektschritte<\/strong><\/span><\/h2>\n\n\n\n<div style=\"height:37px\" aria-hidden=\"true\" class=\"wp-block-spacer\"><\/div>\n\n\n<div class=\"gb-container gb-container-fc35d858 alignwide\"><div class=\"gb-inside-container\">\n<div class=\"gb-container gb-container-c51d1364 alignwide\"><div class=\"gb-inside-container\">\n<div class=\"gb-grid-wrapper gb-grid-wrapper-f2d51fe7\">\n<div class=\"gb-grid-column gb-grid-column-b498ec6f\"><div class=\"gb-container gb-container-b498ec6f column-shadow\"><div class=\"gb-inside-container\">\n\n<div style=\"height:43px\" aria-hidden=\"true\" class=\"wp-block-spacer\"><\/div>\n\n\n\n<div class=\"wp-block-image\"><figure class=\"aligncenter size-full is-resized\"><img loading=\"lazy\" decoding=\"async\" src=\"https:\/\/www.kristallturm.com\/wp-content\/uploads\/2022\/05\/Standort.png\" alt=\"\" class=\"wp-image-8228\" width=\"68\" height=\"113\"\/><\/figure><\/div>\n\n\n\n<div style=\"height:43px\" aria-hidden=\"true\" class=\"wp-block-spacer\"><\/div>\n\n\n\n<h3 class=\"gb-headline gb-headline-5f28d901 gb-headline-text\">Standort &amp; Turmgr\u00f6\u00dfe<\/h3>\n\n\n\n<p class=\"has-text-align-center\">Entscheidend ist am Anfang die Auswahl der richtigen Turmgr\u00f6\u00dfe f\u00fcr den jeweiligen Standort. Lage, Einzugskreis und die umliegende Infrastruktur sind hier wichtige Faktoren.<\/p>\n\n<\/div><\/div><\/div>\n\n<div class=\"gb-grid-column gb-grid-column-bf946ce2\"><div class=\"gb-container gb-container-bf946ce2 column-shadow\"><div class=\"gb-inside-container\">\n\n<div style=\"height:43px\" aria-hidden=\"true\" class=\"wp-block-spacer\"><\/div>\n\n\n\n<div class=\"wp-block-image\"><figure class=\"aligncenter size-full is-resized\"><img loading=\"lazy\" decoding=\"async\" src=\"https:\/\/www.kristallturm.com\/wp-content\/uploads\/2022\/05\/Visualisierung.png\" alt=\"\" class=\"wp-image-8231\" width=\"113\" height=\"113\"\/><\/figure><\/div>\n\n\n\n<div style=\"height:43px\" aria-hidden=\"true\" class=\"wp-block-spacer\"><\/div>\n\n\n\n<h3 class=\"gb-headline gb-headline-39bb45f2 gb-headline-text\">Visualisierung<\/h3>\n\n\n\n<p class=\"has-text-align-center\">F\u00fcr eine anschauliche Vorstellung und die Einreichung von Pl\u00e4nen erstellen wir Visualisierungen des Hochseilgartens in der gew\u00fcnschten Umgebung. Gerade f\u00fcr Entscheidungstr\u00e4ger ist dies ein ausschlaggebender Punkt.<\/p>\n\n<\/div><\/div><\/div>\n\n<div class=\"gb-grid-column gb-grid-column-9bf8f4f7\"><div class=\"gb-container gb-container-9bf8f4f7 column-shadow\"><div class=\"gb-inside-container\">\n\n<div style=\"height:43px\" aria-hidden=\"true\" class=\"wp-block-spacer\"><\/div>\n\n\n\n<div class=\"wp-block-image\"><figure class=\"aligncenter size-full is-resized\"><img loading=\"lazy\" decoding=\"async\" src=\"https:\/\/www.kristallturm.com\/wp-content\/uploads\/2022\/05\/Planung.png\" alt=\"\" class=\"wp-image-8234\" width=\"114\" height=\"113\" srcset=\"https:\/\/www.kristallturm.com\/wp-content\/uploads\/2022\/05\/Planung.png 152w, https:\/\/www.kristallturm.com\/wp-content\/uploads\/2022\/05\/Planung-150x150.png 150w\" sizes=\"auto, (max-width: 114px) 100vw, 114px\" \/><\/figure><\/div>\n\n\n\n<div style=\"height:43px\" aria-hidden=\"true\" class=\"wp-block-spacer\"><\/div>\n\n\n\n<h3 class=\"gb-headline gb-headline-8d1b07a4 gb-headline-text\">Planung<\/h3>\n\n\n\n<p class=\"has-text-align-center\">Die Planung beinhaltet sowohl die genaue Turmplanung, als auch die Planung drumherum wie z.B. Parkpl\u00e4tze, Umgebungsgestaltung und Personal.<\/p>\n\n<\/div><\/div><\/div>\n<\/div>\n<\/div><\/div>\n<\/div><\/div>\n\n<div class=\"gb-container gb-container-6cf33725 alignwide\"><div class=\"gb-inside-container\">\n<div class=\"gb-container gb-container-1f9c50c3 alignwide\"><div class=\"gb-inside-container\">\n\n<div class=\"wp-block-columns is-layout-flex wp-container-core-columns-is-layout-9d6595d7 wp-block-columns-is-layout-flex\">\n<div class=\"wp-block-column is-layout-flow wp-block-column-is-layout-flow\" style=\"flex-basis:100%\"><div class=\"gb-grid-wrapper gb-grid-wrapper-f0884779\">\n<div class=\"gb-grid-column gb-grid-column-cb649621\"><div class=\"gb-container gb-container-cb649621 column-shadow\"><div class=\"gb-inside-container\">\n\n<div style=\"height:43px\" aria-hidden=\"true\" class=\"wp-block-spacer\"><\/div>\n\n\n\n<div class=\"wp-block-image\"><figure class=\"aligncenter size-full is-resized\"><img loading=\"lazy\" decoding=\"async\" src=\"https:\/\/www.kristallturm.com\/wp-content\/uploads\/2022\/05\/Baustelle.png\" alt=\"\" class=\"wp-image-8237\" width=\"105\" height=\"113\"\/><\/figure><\/div>\n\n\n\n<div style=\"height:43px\" aria-hidden=\"true\" class=\"wp-block-spacer\"><\/div>\n\n\n\n<h3 class=\"gb-headline gb-headline-22d9136b gb-headline-text\">Baustelle<\/h3>\n\n\n\n<p class=\"has-text-align-center\">Vor Beginn der Baustelle m\u00fcssen noch einige Vorbereitungen getroffen werden. Dazu geh\u00f6ren u.a. die Bauplatzvorbereitung, die Fundamente und die Organisation eines Krans. Dann kann die eigentliche Montage durch unser Team starten.<\/p>\n\n<\/div><\/div><\/div>\n\n<div class=\"gb-grid-column gb-grid-column-fe5b80b3\"><div class=\"gb-container gb-container-fe5b80b3 column-shadow\"><div class=\"gb-inside-container\">\n\n<div style=\"height:43px\" aria-hidden=\"true\" class=\"wp-block-spacer\"><\/div>\n\n\n\n<div class=\"wp-block-image\"><figure class=\"aligncenter size-full is-resized\"><img loading=\"lazy\" decoding=\"async\" src=\"https:\/\/www.kristallturm.com\/wp-content\/uploads\/2022\/05\/Eroffnung-1.png\" alt=\"\" class=\"wp-image-8243\" width=\"97\" height=\"113\"\/><\/figure><\/div>\n\n\n\n<div style=\"height:43px\" aria-hidden=\"true\" class=\"wp-block-spacer\"><\/div>\n\n\n\n<h3 class=\"gb-headline gb-headline-bcc9f11f gb-headline-text\">Inbetriebnahme<\/h3>\n\n\n\n<p class=\"has-text-align-center\">Nach der ersten Inspektion folgt die Schulung des Personals und die Ticketorganisation, um einen reibungslosen Ablauf zu gew\u00e4hrleisten. Endlich steht der Er\u00f6ffnung Ihrer Anlage nichts mehr im Weg!<\/p>\n\n<\/div><\/div><\/div>\n<\/div><\/div>\n<\/div>\n\n<\/div><\/div>\n<\/div><\/div>\n\n<div class=\"gb-grid-wrapper gb-grid-wrapper-7700d4a2\"><\/div>\n\n<div class=\"gb-button-wrapper gb-button-wrapper-74f41bd5\">\n\n<a class=\"gb-button gb-button-451455e5 gb-button-text\" href=\"https:\/\/www.kristallturm.com\/de\/download-projektablauf\/\" target=\"_blank\" rel=\"noopener noreferrer\"><strong>Jetzt Projektablauf f\u00fcr weitere Informationen herunterladen!<\/strong><\/a>\n\n<\/div>\n\n\n<p><\/p>\n","protected":false},"excerpt":{"rendered":"<p>projektschritte<\/p>\n","protected":false},"author":15,"featured_media":0,"parent":0,"menu_order":0,"comment_status":"closed","ping_status":"closed","template":"","meta":{"_acf_changed":false,"_coblocks_attr":"","_coblocks_dimensions":"","_coblocks_responsive_height":"","_coblocks_accordion_ie_support":"","footnotes":""},"class_list":["post-8269","page","type-page","status-publish"],"acf":[],"yoast_head":"<!-- This site is optimized with the Yoast SEO plugin v27.3 - https:\/\/yoast.com\/product\/yoast-seo-wordpress\/ -->\n<title>Projektablauf f\u00fcr deinen eigenen KristallTurm\u00ae Hochseilgarten<\/title>\n<meta name=\"description\" content=\"Jetzt erfahren wie Sie Ihren eigenen KristallTurm\u00ae-Hochseilgarten realisieren \u27a4 Weitere Infos in der Schritt-f\u00fcr-Schritt-Anleitung!\" \/>\n<meta name=\"robots\" content=\"index, follow, max-snippet:-1, max-image-preview:large, max-video-preview:-1\" \/>\n<link rel=\"canonical\" href=\"https:\/\/www.kristallturm.com\/de\/projektablauf\/\" \/>\n<meta property=\"og:locale\" content=\"de_DE\" \/>\n<meta property=\"og:type\" content=\"article\" \/>\n<meta property=\"og:title\" content=\"Projektablauf f\u00fcr deinen eigenen KristallTurm\u00ae Hochseilgarten\" \/>\n<meta property=\"og:description\" content=\"Jetzt erfahren wie Sie Ihren eigenen KristallTurm\u00ae-Hochseilgarten realisieren \u27a4 Weitere Infos in der Schritt-f\u00fcr-Schritt-Anleitung!\" \/>\n<meta property=\"og:url\" content=\"https:\/\/www.kristallturm.com\/de\/projektablauf\/\" \/>\n<meta property=\"og:site_name\" content=\"Kristallturm\" \/>\n<meta property=\"article:modified_time\" content=\"2022-05-11T09:17:42+00:00\" \/>\n<meta property=\"og:image\" content=\"https:\/\/www.kristallturm.com\/wp-content\/uploads\/2022\/05\/Osaka-1.jpg\" \/>\n<meta name=\"twitter:card\" content=\"summary_large_image\" \/>\n<meta name=\"twitter:label1\" content=\"Gesch\u00e4tzte Lesezeit\" \/>\n\t<meta name=\"twitter:data1\" content=\"3\u00a0Minuten\" \/>\n<script type=\"application\/ld+json\" class=\"yoast-schema-graph\">{\"@context\":\"https:\\\/\\\/schema.org\",\"@graph\":[{\"@type\":\"WebPage\",\"@id\":\"https:\\\/\\\/www.kristallturm.com\\\/de\\\/projektablauf\\\/\",\"url\":\"https:\\\/\\\/www.kristallturm.com\\\/de\\\/projektablauf\\\/\",\"name\":\"Projektablauf f\u00fcr deinen eigenen KristallTurm\u00ae Hochseilgarten\",\"isPartOf\":{\"@id\":\"https:\\\/\\\/www.kristallturm.com\\\/de\\\/#website\"},\"primaryImageOfPage\":{\"@id\":\"https:\\\/\\\/www.kristallturm.com\\\/de\\\/projektablauf\\\/#primaryimage\"},\"image\":{\"@id\":\"https:\\\/\\\/www.kristallturm.com\\\/de\\\/projektablauf\\\/#primaryimage\"},\"thumbnailUrl\":\"https:\\\/\\\/www.kristallturm.com\\\/wp-content\\\/uploads\\\/2022\\\/05\\\/Osaka-1.jpg\",\"datePublished\":\"2022-05-11T09:01:24+00:00\",\"dateModified\":\"2022-05-11T09:17:42+00:00\",\"description\":\"Jetzt erfahren wie Sie Ihren eigenen KristallTurm\u00ae-Hochseilgarten realisieren \u27a4 Weitere Infos in der Schritt-f\u00fcr-Schritt-Anleitung!\",\"breadcrumb\":{\"@id\":\"https:\\\/\\\/www.kristallturm.com\\\/de\\\/projektablauf\\\/#breadcrumb\"},\"inLanguage\":\"de\",\"potentialAction\":[{\"@type\":\"ReadAction\",\"target\":[\"https:\\\/\\\/www.kristallturm.com\\\/de\\\/projektablauf\\\/\"]}]},{\"@type\":\"ImageObject\",\"inLanguage\":\"de\",\"@id\":\"https:\\\/\\\/www.kristallturm.com\\\/de\\\/projektablauf\\\/#primaryimage\",\"url\":\"https:\\\/\\\/www.kristallturm.com\\\/wp-content\\\/uploads\\\/2022\\\/05\\\/Osaka-1.jpg\",\"contentUrl\":\"https:\\\/\\\/www.kristallturm.com\\\/wp-content\\\/uploads\\\/2022\\\/05\\\/Osaka-1.jpg\"},{\"@type\":\"BreadcrumbList\",\"@id\":\"https:\\\/\\\/www.kristallturm.com\\\/de\\\/projektablauf\\\/#breadcrumb\",\"itemListElement\":[{\"@type\":\"ListItem\",\"position\":1,\"name\":\"Home\",\"item\":\"https:\\\/\\\/www.kristallturm.com\\\/de\\\/\"},{\"@type\":\"ListItem\",\"position\":2,\"name\":\"Projektablauf\"}]},{\"@type\":\"WebSite\",\"@id\":\"https:\\\/\\\/www.kristallturm.com\\\/de\\\/#website\",\"url\":\"https:\\\/\\\/www.kristallturm.com\\\/de\\\/\",\"name\":\"Kristallturm\",\"description\":\"THE HIGH ROPES COURSE\",\"potentialAction\":[{\"@type\":\"SearchAction\",\"target\":{\"@type\":\"EntryPoint\",\"urlTemplate\":\"https:\\\/\\\/www.kristallturm.com\\\/de\\\/?s={search_term_string}\"},\"query-input\":{\"@type\":\"PropertyValueSpecification\",\"valueRequired\":true,\"valueName\":\"search_term_string\"}}],\"inLanguage\":\"de\"}]}<\/script>\n<!-- \/ Yoast SEO plugin. -->","yoast_head_json":{"title":"Projektablauf f\u00fcr deinen eigenen KristallTurm\u00ae Hochseilgarten","description":"Jetzt erfahren wie Sie Ihren eigenen KristallTurm\u00ae-Hochseilgarten realisieren \u27a4 Weitere Infos in der Schritt-f\u00fcr-Schritt-Anleitung!","robots":{"index":"index","follow":"follow","max-snippet":"max-snippet:-1","max-image-preview":"max-image-preview:large","max-video-preview":"max-video-preview:-1"},"canonical":"https:\/\/www.kristallturm.com\/de\/projektablauf\/","og_locale":"de_DE","og_type":"article","og_title":"Projektablauf f\u00fcr deinen eigenen KristallTurm\u00ae Hochseilgarten","og_description":"Jetzt erfahren wie Sie Ihren eigenen KristallTurm\u00ae-Hochseilgarten realisieren \u27a4 Weitere Infos in der Schritt-f\u00fcr-Schritt-Anleitung!","og_url":"https:\/\/www.kristallturm.com\/de\/projektablauf\/","og_site_name":"Kristallturm","article_modified_time":"2022-05-11T09:17:42+00:00","og_image":[{"url":"https:\/\/www.kristallturm.com\/wp-content\/uploads\/2022\/05\/Osaka-1.jpg","type":"","width":"","height":""}],"twitter_card":"summary_large_image","twitter_misc":{"Gesch\u00e4tzte Lesezeit":"3\u00a0Minuten"},"schema":{"@context":"https:\/\/schema.org","@graph":[{"@type":"WebPage","@id":"https:\/\/www.kristallturm.com\/de\/projektablauf\/","url":"https:\/\/www.kristallturm.com\/de\/projektablauf\/","name":"Projektablauf f\u00fcr deinen eigenen KristallTurm\u00ae Hochseilgarten","isPartOf":{"@id":"https:\/\/www.kristallturm.com\/de\/#website"},"primaryImageOfPage":{"@id":"https:\/\/www.kristallturm.com\/de\/projektablauf\/#primaryimage"},"image":{"@id":"https:\/\/www.kristallturm.com\/de\/projektablauf\/#primaryimage"},"thumbnailUrl":"https:\/\/www.kristallturm.com\/wp-content\/uploads\/2022\/05\/Osaka-1.jpg","datePublished":"2022-05-11T09:01:24+00:00","dateModified":"2022-05-11T09:17:42+00:00","description":"Jetzt erfahren wie Sie Ihren eigenen KristallTurm\u00ae-Hochseilgarten realisieren \u27a4 Weitere Infos in der Schritt-f\u00fcr-Schritt-Anleitung!","breadcrumb":{"@id":"https:\/\/www.kristallturm.com\/de\/projektablauf\/#breadcrumb"},"inLanguage":"de","potentialAction":[{"@type":"ReadAction","target":["https:\/\/www.kristallturm.com\/de\/projektablauf\/"]}]},{"@type":"ImageObject","inLanguage":"de","@id":"https:\/\/www.kristallturm.com\/de\/projektablauf\/#primaryimage","url":"https:\/\/www.kristallturm.com\/wp-content\/uploads\/2022\/05\/Osaka-1.jpg","contentUrl":"https:\/\/www.kristallturm.com\/wp-content\/uploads\/2022\/05\/Osaka-1.jpg"},{"@type":"BreadcrumbList","@id":"https:\/\/www.kristallturm.com\/de\/projektablauf\/#breadcrumb","itemListElement":[{"@type":"ListItem","position":1,"name":"Home","item":"https:\/\/www.kristallturm.com\/de\/"},{"@type":"ListItem","position":2,"name":"Projektablauf"}]},{"@type":"WebSite","@id":"https:\/\/www.kristallturm.com\/de\/#website","url":"https:\/\/www.kristallturm.com\/de\/","name":"Kristallturm","description":"THE HIGH ROPES COURSE","potentialAction":[{"@type":"SearchAction","target":{"@type":"EntryPoint","urlTemplate":"https:\/\/www.kristallturm.com\/de\/?s={search_term_string}"},"query-input":{"@type":"PropertyValueSpecification","valueRequired":true,"valueName":"search_term_string"}}],"inLanguage":"de"}]}},"_links":{"self":[{"href":"https:\/\/www.kristallturm.com\/de\/wp-json\/wp\/v2\/pages\/8269","targetHints":{"allow":["GET"]}}],"collection":[{"href":"https:\/\/www.kristallturm.com\/de\/wp-json\/wp\/v2\/pages"}],"about":[{"href":"https:\/\/www.kristallturm.com\/de\/wp-json\/wp\/v2\/types\/page"}],"author":[{"embeddable":true,"href":"https:\/\/www.kristallturm.com\/de\/wp-json\/wp\/v2\/users\/15"}],"replies":[{"embeddable":true,"href":"https:\/\/www.kristallturm.com\/de\/wp-json\/wp\/v2\/comments?post=8269"}],"version-history":[{"count":11,"href":"https:\/\/www.kristallturm.com\/de\/wp-json\/wp\/v2\/pages\/8269\/revisions"}],"predecessor-version":[{"id":8332,"href":"https:\/\/www.kristallturm.com\/de\/wp-json\/wp\/v2\/pages\/8269\/revisions\/8332"}],"wp:attachment":[{"href":"https:\/\/www.kristallturm.com\/de\/wp-json\/wp\/v2\/media?parent=8269"}],"curies":[{"name":"wp","href":"https:\/\/api.w.org\/{rel}","templated":true}]}}