{"id":8140,"date":"2022-03-02T14:56:48","date_gmt":"2022-03-02T13:56:48","guid":{"rendered":"https:\/\/www.kristallturm.com\/?page_id=8140"},"modified":"2022-03-08T12:40:20","modified_gmt":"2022-03-08T11:40:20","slug":"freizeitparks","status":"publish","type":"page","link":"https:\/\/www.kristallturm.com\/de\/freizeitparks\/","title":{"rendered":"Freizeitparks"},"content":{"rendered":"\n<div class=\"wp-block-media-text alignfull has-media-on-the-right is-stacked-on-mobile is-vertically-aligned-center has-background\" style=\"background-color:#ede3e7;grid-template-columns:auto 55%\"><figure class=\"wp-block-media-text__media\"><img loading=\"lazy\" decoding=\"async\" width=\"1500\" height=\"1000\" src=\"https:\/\/www.kristallturm.com\/wp-content\/uploads\/2022\/02\/Titelbild_Layout.jpg\" alt=\"\" class=\"wp-image-7929 size-full\" srcset=\"https:\/\/www.kristallturm.com\/wp-content\/uploads\/2022\/02\/Titelbild_Layout.jpg 1500w, https:\/\/www.kristallturm.com\/wp-content\/uploads\/2022\/02\/Titelbild_Layout-300x200.jpg 300w, https:\/\/www.kristallturm.com\/wp-content\/uploads\/2022\/02\/Titelbild_Layout-1024x683.jpg 1024w, https:\/\/www.kristallturm.com\/wp-content\/uploads\/2022\/02\/Titelbild_Layout-768x512.jpg 768w\" sizes=\"auto, (max-width: 1500px) 100vw, 1500px\" \/><\/figure><div class=\"wp-block-media-text__content\"><div class=\"gb-container gb-container-54fbe327\"><div class=\"gb-inside-container\">\n\n<h2 class=\"gb-headline gb-headline-8d41d4e7 gb-headline-text\"><strong>FREIZEITPARKS<\/strong><\/h2>\n\n\n\n<p class=\"has-text-align-left\">Erg\u00e4nze das Abenteuer am Boden um den Nervenkitzel hoch in der Luft. Mit einem freistehenden Hochseilgarten bieten wir Dir ein rentables und spannendes Gesch\u00e4ftsmodell, das nicht nur Deine Kunden, deren Familien &amp; Freunde begeistern wird, sondern sich auch individuell an die Anforderungen Deines Freizeitparks anpassen l\u00e4sst.<\/p>\n\n<\/div><\/div><\/div><\/div>\n\n\n\n<div style=\"height:63px\" aria-hidden=\"true\" class=\"wp-block-spacer\"><\/div>\n\n\n\n<h2 class=\"gb-headline gb-headline-d73d1d6e\"><span class=\"gb-icon\"><svg xmlns=\"http:\/\/www.w3.org\/2000\/svg\" width=\"48\" height=\"48\" viewBox=\"0 0 24 24\" fill=\"none\" stroke=\"currentColor\" stroke-width=\"2\" stroke-linecap=\"round\" stroke-linejoin=\"round\" class=\"feather feather-minus\"><path d=\"M5 12h14\"><\/path><\/svg><\/span><span class=\"gb-headline-text\"><strong>warum einen kristallturm<sup>\u00ae<\/sup> hochseilgarten<\/strong><\/span><\/h2>\n\n\n\n<div style=\"height:37px\" aria-hidden=\"true\" class=\"wp-block-spacer\"><\/div>\n\n\n<div class=\"gb-container gb-container-fc35d858 alignwide\"><div class=\"gb-inside-container\">\n<div class=\"gb-container gb-container-c51d1364 alignwide\"><div class=\"gb-inside-container\">\n<div class=\"gb-grid-wrapper gb-grid-wrapper-f2d51fe7\">\n<div class=\"gb-grid-column gb-grid-column-b498ec6f\"><div class=\"gb-container gb-container-b498ec6f column-shadow\"><div class=\"gb-inside-container\">\n\n<div style=\"height:43px\" aria-hidden=\"true\" class=\"wp-block-spacer\"><\/div>\n\n\n\n<div class=\"wp-block-image\"><figure class=\"aligncenter size-full is-resized\"><img loading=\"lazy\" decoding=\"async\" src=\"https:\/\/www.kristallturm.com\/wp-content\/uploads\/2022\/02\/Infrastruktur_Freizeitpark.png\" alt=\"\" class=\"wp-image-8059\" width=\"86\" height=\"77\"\/><\/figure><\/div>\n\n\n\n<div style=\"height:43px\" aria-hidden=\"true\" class=\"wp-block-spacer\"><\/div>\n\n\n\n<h3 class=\"gb-headline gb-headline-5f28d901 gb-headline-text\">Auslastung Deiner Infrastruktur<\/h3>\n\n\n\n<p class=\"has-text-align-center\">Ein Hochseilgarten f\u00fchrt zu einer optimalen Auslastung Deiner bereits vorhanden Infrastruktur.<\/p>\n\n<\/div><\/div><\/div>\n\n<div class=\"gb-grid-column gb-grid-column-bf946ce2\"><div class=\"gb-container gb-container-bf946ce2 column-shadow\"><div class=\"gb-inside-container\">\n\n<div style=\"height:43px\" aria-hidden=\"true\" class=\"wp-block-spacer\"><\/div>\n\n\n\n<div class=\"wp-block-image\"><figure class=\"aligncenter size-full is-resized\"><img loading=\"lazy\" decoding=\"async\" src=\"https:\/\/www.kristallturm.com\/wp-content\/uploads\/2022\/02\/Ga\u0308ste_Freizeitparks.png\" alt=\"\" class=\"wp-image-8056\" width=\"90\" height=\"77\"\/><\/figure><\/div>\n\n\n\n<div style=\"height:43px\" aria-hidden=\"true\" class=\"wp-block-spacer\"><\/div>\n\n\n\n<h3 class=\"gb-headline gb-headline-39bb45f2 gb-headline-text\">Mehr G\u00e4ste &amp; <br>Umsatz<\/h3>\n\n\n\n<p class=\"has-text-align-center\">Ein Hochseilgarten erweitert Deine Zielgruppe, verl\u00e4ngert die Aufenthaltsdauer Deiner bestehenden G\u00e4ste und steigert daher Deinen Umsatz.<\/p>\n\n<\/div><\/div><\/div>\n\n<div class=\"gb-grid-column gb-grid-column-9bf8f4f7\"><div class=\"gb-container gb-container-9bf8f4f7 column-shadow\"><div class=\"gb-inside-container\">\n\n<div style=\"height:43px\" aria-hidden=\"true\" class=\"wp-block-spacer\"><\/div>\n\n\n\n<div class=\"wp-block-image\"><figure class=\"aligncenter size-full is-resized\"><img loading=\"lazy\" decoding=\"async\" src=\"https:\/\/www.kristallturm.com\/wp-content\/uploads\/2022\/03\/Muskel.png\" alt=\"\" class=\"wp-image-8135\" width=\"85\" height=\"77\"\/><\/figure><\/div>\n\n\n\n<div style=\"height:43px\" aria-hidden=\"true\" class=\"wp-block-spacer\"><\/div>\n\n\n\n<h3 class=\"gb-headline gb-headline-8d1b07a4 gb-headline-text\">Erweiterung um eine aktive Attraktion<\/h3>\n\n\n\n<p class=\"has-text-align-center\">Im Gegensatz zu den meisten Attraktionen in einem Freizeitpark stellt der Hochseilgarten eine aktive Attraktion dar, in der Jung und Alt ihre physische Fitness herausfordern k\u00f6nnen.<\/p>\n\n<\/div><\/div><\/div>\n\n<div class=\"gb-grid-column gb-grid-column-098eb39c\"><div class=\"gb-container gb-container-098eb39c\"><div class=\"gb-inside-container\"><\/div><\/div><\/div>\n\n<div class=\"gb-grid-column gb-grid-column-b9ec4a86\"><div class=\"gb-container gb-container-b9ec4a86\"><div class=\"gb-inside-container\"><\/div><\/div><\/div>\n\n<div class=\"gb-grid-column gb-grid-column-c7dc5275\"><div class=\"gb-container gb-container-c7dc5275\"><div class=\"gb-inside-container\"><\/div><\/div><\/div>\n<\/div>\n<\/div><\/div>\n<\/div><\/div>\n\n<div class=\"gb-button-wrapper gb-button-wrapper-74f41bd5\">\n\n<a class=\"gb-button gb-button-451455e5 gb-button-text\" href=\"https:\/\/www.kristallturm.com\/de\/\"><strong>Jetzt mehr herausfinden \u00fcber die Vorteile unserer Hochseilg\u00e4rten<\/strong><\/a>\n\n<\/div>\n\n\n<div style=\"height:69px\" aria-hidden=\"true\" class=\"wp-block-spacer\"><\/div>\n\n\n\n<div class=\"wp-block-group has-background\" style=\"background-color:#f0f3f5\"><div class=\"wp-block-group__inner-container is-layout-flow wp-block-group-is-layout-flow\">\n<div class=\"wp-block-columns alignwide is-layout-flex wp-container-core-columns-is-layout-9d6595d7 wp-block-columns-is-layout-flex\">\n<div class=\"wp-block-column is-layout-flow wp-block-column-is-layout-flow\">\n<div style=\"height:53px\" aria-hidden=\"true\" class=\"wp-block-spacer\"><\/div>\n\n\n\n<h1 class=\"gb-headline gb-headline-3cc1c534 gb-headline-text\"><strong>ERFOLGSGESCHICHTEN <\/strong><\/h1>\n\n\n\n<div style=\"height:5px\" aria-hidden=\"true\" class=\"wp-block-spacer\"><\/div>\n<\/div>\n<\/div>\n\n\n\n<div class=\"wp-block-columns alignwide is-layout-flex wp-container-core-columns-is-layout-9d6595d7 wp-block-columns-is-layout-flex\">\n<div class=\"wp-block-column is-layout-flow wp-block-column-is-layout-flow\" style=\"flex-basis:33.38%\">\n<p class=\"has-medium-font-size\"><strong><strong><strong>Adventure Tower, <\/strong><\/strong><\/strong><em>Lalandia, Billund, D\u00e4nemark<\/em><\/p>\n\n\n\n<p class=\"has-text-color has-extra-small-font-size\" style=\"color:#000000\">Lalandia, ein Freizeit- und Ferienpark mit Spielland, Wasserpark, Winterwelt, Wellnesseinrichtungen, Restaurants und Gesch\u00e4ften ist seit Mai 2019 um eine weitere Attraktion reicher. Ein 7-Mast Hochseilgarten mit 36 Kletterelementen erg\u00e4nzt das vielf\u00e4ltige Programm im Park um ein tolles Kletterabenteuer. Daneben sorgen die Anbauteile f\u00fcr einen zus\u00e4tzlichen Adrenalinkick. Gro\u00dfe und kleine Kletterer genie\u00dfen die spannende Abwechslung, die der Hochseilgarten bereit h\u00e4lt.&nbsp;<\/p>\n\n\n\n<p class=\"has-contrast-2-color has-text-color\"><strong><a href=\"https:\/\/www.kristallturm.com\/de\/erfolgsbeispiele\/\" target=\"_blank\" rel=\"noreferrer noopener\">Mehr Informationen \u2192<\/a><\/strong><\/p>\n<\/div>\n\n\n\n<div class=\"wp-block-column is-layout-flow wp-block-column-is-layout-flow\" style=\"flex-basis:33%\">\n<div style=\"height:100px\" aria-hidden=\"true\" class=\"wp-block-spacer\"><\/div>\n\n\n\n<figure class=\"wp-block-image size-full\"><img loading=\"lazy\" decoding=\"async\" width=\"534\" height=\"800\" src=\"https:\/\/www.kristallturm.com\/wp-content\/uploads\/2022\/02\/PHOTO-2020-06-20-11-52-1814-2.jpg\" alt=\"\" class=\"wp-image-8035\" srcset=\"https:\/\/www.kristallturm.com\/wp-content\/uploads\/2022\/02\/PHOTO-2020-06-20-11-52-1814-2.jpg 534w, https:\/\/www.kristallturm.com\/wp-content\/uploads\/2022\/02\/PHOTO-2020-06-20-11-52-1814-2-200x300.jpg 200w\" sizes=\"auto, (max-width: 534px) 100vw, 534px\" \/><\/figure>\n<\/div>\n\n\n\n<div class=\"wp-block-column is-layout-flow wp-block-column-is-layout-flow\" style=\"flex-basis:33.62%\">\n<figure class=\"wp-block-image size-full\"><img loading=\"lazy\" decoding=\"async\" width=\"533\" height=\"800\" src=\"https:\/\/www.kristallturm.com\/wp-content\/uploads\/2022\/02\/IMG_2201.jpg\" alt=\"\" class=\"wp-image-8032\" srcset=\"https:\/\/www.kristallturm.com\/wp-content\/uploads\/2022\/02\/IMG_2201.jpg 533w, https:\/\/www.kristallturm.com\/wp-content\/uploads\/2022\/02\/IMG_2201-200x300.jpg 200w\" sizes=\"auto, (max-width: 533px) 100vw, 533px\" \/><\/figure>\n<\/div>\n<\/div>\n\n\n\n<hr class=\"wp-block-separator has-text-color has-background has-contrast-2-background-color has-contrast-2-color\"\/>\n\n\n\n<div class=\"wp-block-columns alignwide is-layout-flex wp-container-core-columns-is-layout-9d6595d7 wp-block-columns-is-layout-flex\">\n<div class=\"wp-block-column is-vertically-aligned-center is-layout-flow wp-block-column-is-layout-flow\" style=\"flex-basis:67%\">\n<figure class=\"wp-block-image alignwide size-full\"><img loading=\"lazy\" decoding=\"async\" width=\"1024\" height=\"683\" src=\"https:\/\/www.kristallturm.com\/wp-content\/uploads\/2022\/02\/DJI_0006-2.jpg\" alt=\"\" class=\"wp-image-8029\" srcset=\"https:\/\/www.kristallturm.com\/wp-content\/uploads\/2022\/02\/DJI_0006-2.jpg 1024w, https:\/\/www.kristallturm.com\/wp-content\/uploads\/2022\/02\/DJI_0006-2-300x200.jpg 300w, https:\/\/www.kristallturm.com\/wp-content\/uploads\/2022\/02\/DJI_0006-2-768x512.jpg 768w\" sizes=\"auto, (max-width: 1024px) 100vw, 1024px\" \/><\/figure>\n<\/div>\n\n\n\n<div class=\"wp-block-column is-vertically-aligned-center is-layout-flow wp-block-column-is-layout-flow\" style=\"flex-basis:33%\">\n<p class=\"has-medium-font-size\"><strong><strong><strong><strong>Muscle Monster, <\/strong><\/strong><\/strong><\/strong><em>Fujikyu, Sagamihara, Japan&nbsp;<\/em><\/p>\n\n\n\n<p class=\"has-text-color has-extra-small-font-size\" style=\"color:#000000\">Seit M\u00e4rz 2017 erg\u00e4nzt der KristallTurm<sup>\u00ae<\/sup> \u201eMuscle Monster\u201c den Freizeitpark Sagamiko, der hei\u00dfe Quellen, Grillpl\u00e4tze, Camping und den Themenpark \u201ePaddington Town\u201c bietet, um noch mehr Spa\u00df und&nbsp; Nervenkitzel. Neben den 90 Kletterstationen verf\u00fcgt er zus\u00e4tzlich \u00fcber eine Riesenschaukel, eine Boden- und Aussichtsplattform, von der man den perfekten Blick \u00fcber den Sagamisee genie\u00dfen kann. Sportbegeisterte und Familien k\u00f6nnen sich hier gleicherma\u00dfen austoben.&nbsp;<\/p>\n\n\n\n<p class=\"has-contrast-2-color has-text-color\"><strong><a href=\"https:\/\/www.kristallturm.com\/de\/erfolgsbeispiele\/\">Mehr Informationen \u2192<\/a><\/strong><\/p>\n<\/div>\n<\/div>\n<\/div><\/div>\n\n\n\n<div style=\"height:70px\" aria-hidden=\"true\" class=\"wp-block-spacer\"><\/div>\n\n\n\n<h2 class=\"gb-headline gb-headline-8d991646\"><span class=\"gb-icon\"><svg xmlns=\"http:\/\/www.w3.org\/2000\/svg\" width=\"48\" height=\"48\" viewBox=\"0 0 24 24\" fill=\"none\" stroke=\"currentColor\" stroke-width=\"2\" stroke-linecap=\"round\" stroke-linejoin=\"round\" class=\"feather feather-minus\"><path d=\"M5 12h14\"><\/path><\/svg><\/span><span class=\"gb-headline-text\"><strong>berechne die wirtschaftlichkeit deines kristallturms<sup>\u00ae<\/sup><\/strong><\/span><\/h2>\n\n\n\n<p class=\"has-text-align-center\">Berechne jetzt den Business Case Deines individuellen KristallTurms<sup>\u00ae<\/sup>&nbsp;oder erstelle dir Deinen individuellen Hochseilgarten mit unserem 3D-Konfigurator!<\/p>\n\n\n\n<div style=\"height:29px\" aria-hidden=\"true\" class=\"wp-block-spacer\"><\/div>\n\n\n<div class=\"gb-container gb-container-8bc4fa33 alignwide\"><div class=\"gb-inside-container\">\n<div class=\"gb-grid-wrapper gb-grid-wrapper-22180d7f\">\n<div class=\"gb-grid-column gb-grid-column-f86c6dde\"><div class=\"gb-container gb-container-f86c6dde\"><div class=\"gb-inside-container\">\n<div class=\"gb-button-wrapper gb-button-wrapper-f275f4d4\">\n\n<a class=\"gb-button gb-button-286eb2f0 gb-button-text\" href=\"https:\/\/www.kristallturm.com\/de\/business-case\/\"><strong>Wirtschaftlichkeit berechnen<\/strong><\/a>\n\n<\/div>\n<\/div><\/div><\/div>\n\n<div class=\"gb-grid-column gb-grid-column-a83871bf\"><div class=\"gb-container gb-container-a83871bf\"><div class=\"gb-inside-container\">\n<div class=\"gb-button-wrapper gb-button-wrapper-2290d2fe\">\n\n<a class=\"gb-button gb-button-609b65e8 gb-button-text\" href=\"https:\/\/konfigurator.kristallturm.de\/\"><strong>Eigenen Hochseilgarten konfigurieren<\/strong><\/a>\n\n<\/div>\n<\/div><\/div><\/div>\n<\/div>\n<\/div><\/div>\n\n\n<div style=\"height:70px\" aria-hidden=\"true\" class=\"wp-block-spacer\"><\/div>\n","protected":false},"excerpt":{"rendered":"<p>warum einen kristallturm\u00ae hochseilgarten ERFOLGSGESCHICHTEN Adventure Tower, Lalandia, Billund, D\u00e4nemark Lalandia, ein Freizeit- und Ferienpark mit Spielland, Wasserpark, Winterwelt, Wellnesseinrichtungen, Restaurants und Gesch\u00e4ften ist seit Mai 2019 um eine weitere Attraktion reicher. Ein 7-Mast Hochseilgarten mit 36 Kletterelementen erg\u00e4nzt das vielf\u00e4ltige Programm im Park um ein tolles Kletterabenteuer. Daneben sorgen die Anbauteile f\u00fcr einen zus\u00e4tzlichen &#8230; <a title=\"Freizeitparks\" class=\"read-more\" href=\"https:\/\/www.kristallturm.com\/de\/freizeitparks\/\" aria-label=\"Mehr Informationen \u00fcber Freizeitparks\">Weiterlesen<\/a><\/p>\n","protected":false},"author":15,"featured_media":0,"parent":0,"menu_order":0,"comment_status":"closed","ping_status":"closed","template":"","meta":{"_acf_changed":false,"_coblocks_attr":"","_coblocks_dimensions":"","_coblocks_responsive_height":"","_coblocks_accordion_ie_support":"","footnotes":""},"class_list":["post-8140","page","type-page","status-publish"],"acf":[],"yoast_head":"<!-- This site is optimized with the Yoast SEO plugin v27.4 - https:\/\/yoast.com\/product\/yoast-seo-wordpress\/ -->\n<title>Freizeitparks - Kristallturm<\/title>\n<meta name=\"robots\" content=\"index, follow, max-snippet:-1, max-image-preview:large, max-video-preview:-1\" \/>\n<link rel=\"canonical\" href=\"https:\/\/www.kristallturm.com\/de\/freizeitparks\/\" \/>\n<meta property=\"og:locale\" content=\"de_DE\" \/>\n<meta property=\"og:type\" content=\"article\" \/>\n<meta property=\"og:title\" content=\"Freizeitparks - Kristallturm\" \/>\n<meta property=\"og:description\" content=\"warum einen kristallturm\u00ae hochseilgarten ERFOLGSGESCHICHTEN Adventure Tower, Lalandia, Billund, D\u00e4nemark Lalandia, ein Freizeit- und Ferienpark mit Spielland, Wasserpark, Winterwelt, Wellnesseinrichtungen, Restaurants und Gesch\u00e4ften ist seit Mai 2019 um eine weitere Attraktion reicher. Ein 7-Mast Hochseilgarten mit 36 Kletterelementen erg\u00e4nzt das vielf\u00e4ltige Programm im Park um ein tolles Kletterabenteuer. Daneben sorgen die Anbauteile f\u00fcr einen zus\u00e4tzlichen ... Weiterlesen\" \/>\n<meta property=\"og:url\" content=\"https:\/\/www.kristallturm.com\/de\/freizeitparks\/\" \/>\n<meta property=\"og:site_name\" content=\"Kristallturm\" \/>\n<meta property=\"article:modified_time\" content=\"2022-03-08T11:40:20+00:00\" \/>\n<meta property=\"og:image\" content=\"https:\/\/www.kristallturm.com\/wp-content\/uploads\/2022\/02\/Titelbild_Layout.jpg\" \/>\n<meta name=\"twitter:card\" content=\"summary_large_image\" \/>\n<meta name=\"twitter:label1\" content=\"Gesch\u00e4tzte Lesezeit\" \/>\n\t<meta name=\"twitter:data1\" content=\"4\u00a0Minuten\" \/>\n<script type=\"application\/ld+json\" class=\"yoast-schema-graph\">{\"@context\":\"https:\\\/\\\/schema.org\",\"@graph\":[{\"@type\":\"WebPage\",\"@id\":\"https:\\\/\\\/www.kristallturm.com\\\/de\\\/freizeitparks\\\/\",\"url\":\"https:\\\/\\\/www.kristallturm.com\\\/de\\\/freizeitparks\\\/\",\"name\":\"Freizeitparks - Kristallturm\",\"isPartOf\":{\"@id\":\"https:\\\/\\\/www.kristallturm.com\\\/de\\\/#website\"},\"primaryImageOfPage\":{\"@id\":\"https:\\\/\\\/www.kristallturm.com\\\/de\\\/freizeitparks\\\/#primaryimage\"},\"image\":{\"@id\":\"https:\\\/\\\/www.kristallturm.com\\\/de\\\/freizeitparks\\\/#primaryimage\"},\"thumbnailUrl\":\"https:\\\/\\\/www.kristallturm.com\\\/wp-content\\\/uploads\\\/2022\\\/02\\\/Titelbild_Layout.jpg\",\"datePublished\":\"2022-03-02T13:56:48+00:00\",\"dateModified\":\"2022-03-08T11:40:20+00:00\",\"breadcrumb\":{\"@id\":\"https:\\\/\\\/www.kristallturm.com\\\/de\\\/freizeitparks\\\/#breadcrumb\"},\"inLanguage\":\"de\",\"potentialAction\":[{\"@type\":\"ReadAction\",\"target\":[\"https:\\\/\\\/www.kristallturm.com\\\/de\\\/freizeitparks\\\/\"]}]},{\"@type\":\"ImageObject\",\"inLanguage\":\"de\",\"@id\":\"https:\\\/\\\/www.kristallturm.com\\\/de\\\/freizeitparks\\\/#primaryimage\",\"url\":\"https:\\\/\\\/www.kristallturm.com\\\/wp-content\\\/uploads\\\/2022\\\/02\\\/Titelbild_Layout.jpg\",\"contentUrl\":\"https:\\\/\\\/www.kristallturm.com\\\/wp-content\\\/uploads\\\/2022\\\/02\\\/Titelbild_Layout.jpg\"},{\"@type\":\"BreadcrumbList\",\"@id\":\"https:\\\/\\\/www.kristallturm.com\\\/de\\\/freizeitparks\\\/#breadcrumb\",\"itemListElement\":[{\"@type\":\"ListItem\",\"position\":1,\"name\":\"Home\",\"item\":\"https:\\\/\\\/www.kristallturm.com\\\/de\\\/\"},{\"@type\":\"ListItem\",\"position\":2,\"name\":\"Freizeitparks\"}]},{\"@type\":\"WebSite\",\"@id\":\"https:\\\/\\\/www.kristallturm.com\\\/de\\\/#website\",\"url\":\"https:\\\/\\\/www.kristallturm.com\\\/de\\\/\",\"name\":\"Kristallturm\",\"description\":\"THE HIGH ROPES COURSE\",\"potentialAction\":[{\"@type\":\"SearchAction\",\"target\":{\"@type\":\"EntryPoint\",\"urlTemplate\":\"https:\\\/\\\/www.kristallturm.com\\\/de\\\/?s={search_term_string}\"},\"query-input\":{\"@type\":\"PropertyValueSpecification\",\"valueRequired\":true,\"valueName\":\"search_term_string\"}}],\"inLanguage\":\"de\"}]}<\/script>\n<!-- \/ Yoast SEO plugin. -->","yoast_head_json":{"title":"Freizeitparks - Kristallturm","robots":{"index":"index","follow":"follow","max-snippet":"max-snippet:-1","max-image-preview":"max-image-preview:large","max-video-preview":"max-video-preview:-1"},"canonical":"https:\/\/www.kristallturm.com\/de\/freizeitparks\/","og_locale":"de_DE","og_type":"article","og_title":"Freizeitparks - Kristallturm","og_description":"warum einen kristallturm\u00ae hochseilgarten ERFOLGSGESCHICHTEN Adventure Tower, Lalandia, Billund, D\u00e4nemark Lalandia, ein Freizeit- und Ferienpark mit Spielland, Wasserpark, Winterwelt, Wellnesseinrichtungen, Restaurants und Gesch\u00e4ften ist seit Mai 2019 um eine weitere Attraktion reicher. Ein 7-Mast Hochseilgarten mit 36 Kletterelementen erg\u00e4nzt das vielf\u00e4ltige Programm im Park um ein tolles Kletterabenteuer. Daneben sorgen die Anbauteile f\u00fcr einen zus\u00e4tzlichen ... Weiterlesen","og_url":"https:\/\/www.kristallturm.com\/de\/freizeitparks\/","og_site_name":"Kristallturm","article_modified_time":"2022-03-08T11:40:20+00:00","og_image":[{"url":"https:\/\/www.kristallturm.com\/wp-content\/uploads\/2022\/02\/Titelbild_Layout.jpg","type":"","width":"","height":""}],"twitter_card":"summary_large_image","twitter_misc":{"Gesch\u00e4tzte Lesezeit":"4\u00a0Minuten"},"schema":{"@context":"https:\/\/schema.org","@graph":[{"@type":"WebPage","@id":"https:\/\/www.kristallturm.com\/de\/freizeitparks\/","url":"https:\/\/www.kristallturm.com\/de\/freizeitparks\/","name":"Freizeitparks - Kristallturm","isPartOf":{"@id":"https:\/\/www.kristallturm.com\/de\/#website"},"primaryImageOfPage":{"@id":"https:\/\/www.kristallturm.com\/de\/freizeitparks\/#primaryimage"},"image":{"@id":"https:\/\/www.kristallturm.com\/de\/freizeitparks\/#primaryimage"},"thumbnailUrl":"https:\/\/www.kristallturm.com\/wp-content\/uploads\/2022\/02\/Titelbild_Layout.jpg","datePublished":"2022-03-02T13:56:48+00:00","dateModified":"2022-03-08T11:40:20+00:00","breadcrumb":{"@id":"https:\/\/www.kristallturm.com\/de\/freizeitparks\/#breadcrumb"},"inLanguage":"de","potentialAction":[{"@type":"ReadAction","target":["https:\/\/www.kristallturm.com\/de\/freizeitparks\/"]}]},{"@type":"ImageObject","inLanguage":"de","@id":"https:\/\/www.kristallturm.com\/de\/freizeitparks\/#primaryimage","url":"https:\/\/www.kristallturm.com\/wp-content\/uploads\/2022\/02\/Titelbild_Layout.jpg","contentUrl":"https:\/\/www.kristallturm.com\/wp-content\/uploads\/2022\/02\/Titelbild_Layout.jpg"},{"@type":"BreadcrumbList","@id":"https:\/\/www.kristallturm.com\/de\/freizeitparks\/#breadcrumb","itemListElement":[{"@type":"ListItem","position":1,"name":"Home","item":"https:\/\/www.kristallturm.com\/de\/"},{"@type":"ListItem","position":2,"name":"Freizeitparks"}]},{"@type":"WebSite","@id":"https:\/\/www.kristallturm.com\/de\/#website","url":"https:\/\/www.kristallturm.com\/de\/","name":"Kristallturm","description":"THE HIGH ROPES COURSE","potentialAction":[{"@type":"SearchAction","target":{"@type":"EntryPoint","urlTemplate":"https:\/\/www.kristallturm.com\/de\/?s={search_term_string}"},"query-input":{"@type":"PropertyValueSpecification","valueRequired":true,"valueName":"search_term_string"}}],"inLanguage":"de"}]}},"_links":{"self":[{"href":"https:\/\/www.kristallturm.com\/de\/wp-json\/wp\/v2\/pages\/8140","targetHints":{"allow":["GET"]}}],"collection":[{"href":"https:\/\/www.kristallturm.com\/de\/wp-json\/wp\/v2\/pages"}],"about":[{"href":"https:\/\/www.kristallturm.com\/de\/wp-json\/wp\/v2\/types\/page"}],"author":[{"embeddable":true,"href":"https:\/\/www.kristallturm.com\/de\/wp-json\/wp\/v2\/users\/15"}],"replies":[{"embeddable":true,"href":"https:\/\/www.kristallturm.com\/de\/wp-json\/wp\/v2\/comments?post=8140"}],"version-history":[{"count":14,"href":"https:\/\/www.kristallturm.com\/de\/wp-json\/wp\/v2\/pages\/8140\/revisions"}],"predecessor-version":[{"id":12127,"href":"https:\/\/www.kristallturm.com\/de\/wp-json\/wp\/v2\/pages\/8140\/revisions\/12127"}],"wp:attachment":[{"href":"https:\/\/www.kristallturm.com\/de\/wp-json\/wp\/v2\/media?parent=8140"}],"curies":[{"name":"wp","href":"https:\/\/api.w.org\/{rel}","templated":true}]}}