{"id":4257,"date":"2020-12-01T10:31:23","date_gmt":"2020-12-01T09:31:23","guid":{"rendered":"https:\/\/www.kristallturm.com\/?page_id=4257"},"modified":"2025-07-01T10:56:06","modified_gmt":"2025-07-01T08:56:06","slug":"sonderausfuehrungen","status":"publish","type":"page","link":"https:\/\/www.kristallturm.com\/de\/hochseilgaerten\/sonderausfuehrungen\/","title":{"rendered":"Sonderausf\u00fchrungen"},"content":{"rendered":"<div class=\"gb-container gb-container-c16c0483\"><div class=\"gb-inside-container\">\n<div class=\"gb-container gb-container-d65c9045\"><div class=\"gb-inside-container\">\n\n<h1 class=\"gb-headline gb-headline-e58c34c1\"><span class=\"gb-icon\"><svg class=\"feather feather-minus\" stroke-linejoin=\"round\" stroke-linecap=\"round\" stroke-width=\"2\" stroke=\"currentColor\" fill=\"none\" viewBox=\"0 0 24 24\" height=\"48\" width=\"48\" xmlns=\"http:\/\/www.w3.org\/2000\/svg\"><path d=\"M5 12h14\"><\/path><\/svg><\/span><span class=\"gb-headline-text\"><strong>SONDERAUSF\u00dcHRUNGEN<\/strong><\/span><\/h1>\n\n\n\n<p>F\u00fcr Standorte mit besonderen Anspr\u00fcchen planen und bauen wir auch Anlagen abseits unseres Standard-Systems. Diese werden daher individuell von uns konzipiert und an die jeweiligen Voraussetzungen und Gegebenheiten angepasst. Vor allem bei Indoor Einrichtungen kann oftmals nicht mit dem Standard System gearbeitet werden, wodurch alternative Konstruktionen notwendig sind. So k\u00f6nnen die Kletterstationen z.B. h\u00e4ngend von der Decke installiert werden, um nur eine M\u00f6glichkeit aufzuf\u00fchren. <\/p>\n\n\n\n<figure class=\"wp-block-gallery has-nested-images columns-default is-cropped wp-block-gallery-1 is-layout-flex wp-block-gallery-is-layout-flex\">\n<figure class=\"wp-block-image size-large\"><img loading=\"lazy\" decoding=\"async\" width=\"500\" height=\"333\" data-id=\"3792\" src=\"https:\/\/www.kristallturm.com\/wp-content\/uploads\/2020\/11\/Kiddy-Dome.jpg\" alt=\"Indoor Hochseilgarten\" class=\"wp-image-3792\" srcset=\"https:\/\/www.kristallturm.com\/wp-content\/uploads\/2020\/11\/Kiddy-Dome.jpg 500w, https:\/\/www.kristallturm.com\/wp-content\/uploads\/2020\/11\/Kiddy-Dome-300x200.jpg 300w\" sizes=\"auto, (max-width: 500px) 100vw, 500px\" \/><\/figure>\n\n\n\n<figure class=\"wp-block-image size-large\"><img loading=\"lazy\" decoding=\"async\" width=\"500\" height=\"333\" data-id=\"4267\" src=\"https:\/\/www.kristallturm.com\/wp-content\/uploads\/2020\/12\/playtown-3177-web.jpg\" alt=\"Indoor Hochseilgarten Fireman Sam\" class=\"wp-image-4267\" srcset=\"https:\/\/www.kristallturm.com\/wp-content\/uploads\/2020\/12\/playtown-3177-web.jpg 500w, https:\/\/www.kristallturm.com\/wp-content\/uploads\/2020\/12\/playtown-3177-web-300x200.jpg 300w\" sizes=\"auto, (max-width: 500px) 100vw, 500px\" \/><\/figure>\n\n\n\n<figure class=\"wp-block-image size-large\"><img loading=\"lazy\" decoding=\"async\" width=\"700\" height=\"466\" data-id=\"3784\" src=\"https:\/\/www.kristallturm.com\/wp-content\/uploads\/2020\/11\/AIDA-Perla_1.jpg\" alt=\"AIDA Hochseilgarten\" class=\"wp-image-3784\" srcset=\"https:\/\/www.kristallturm.com\/wp-content\/uploads\/2020\/11\/AIDA-Perla_1.jpg 700w, https:\/\/www.kristallturm.com\/wp-content\/uploads\/2020\/11\/AIDA-Perla_1-300x200.jpg 300w\" sizes=\"auto, (max-width: 700px) 100vw, 700px\" \/><\/figure>\n<\/figure>\n\n\n\n<div style=\"height:20px\" aria-hidden=\"true\" class=\"wp-block-spacer\"><\/div>\n\n\n<div class=\"gb-button-wrapper gb-button-wrapper-04179218\">\n\n<a class=\"gb-button gb-button-27622115 gb-button-text\" href=\"https:\/\/www.kristallturm.com\/de\/kontakt\/\"><strong>kontaktieren sie uns jetzt f\u00fcr weitere informationen zu unseren sonderausf\u00fchrungen<\/strong><\/a>\n\n<\/div>\n<\/div><\/div>\n<\/div><\/div>\n\n<div class=\"gb-container gb-container-97a00a94\"><div class=\"gb-inside-container\">\n\n<h3 class=\"gb-headline gb-headline-5f57d5cb\"><span class=\"gb-icon\"><svg class=\"feather feather-minus\" stroke-linejoin=\"round\" stroke-linecap=\"round\" stroke-width=\"2\" stroke=\"currentColor\" fill=\"none\" viewBox=\"0 0 24 24\" height=\"48\" width=\"48\" xmlns=\"http:\/\/www.w3.org\/2000\/svg\"><path d=\"M5 12h14\"><\/path><\/svg><\/span><span class=\"gb-headline-text\">PROJEKTBEISPIEL<br\/>aida prima &amp; perla<\/span><\/h3>\n\n\n\n<p>Nicht nur an Land, sondern auch auf dem Wasser ist der Bau eines KristallTurm<sup>\u00ae<\/sup> Hochseilgartens m\u00f6glich. Seit 2016 begleiten zwei unserer Hochseilg\u00e4rten die AIDA auf der Fahrt durch die Weltmeere. Die insgesamt 16 Kletterstationen bieten jede Menge Spa\u00df und Action. Mit seinen thematisch gestalteten Kletterstationen passt sich der Klettergarten perfekt in das Ambiente des Activity- Decks &#8222;Four Elements&#8220; ein. Ob auf einem fliegenden Teppich, einer Rakete oder auf dem Sternenweg garantiert diese au\u00dfergew\u00f6hnliche Hochseilanlage wetterunabh\u00e4ngig einzigartige Unterhaltung und unbeschreibliche Erlebnisse an Bord der AIDA-Schiffe Prima und Perla. <\/p>\n\n\n\n<h2 class=\"gb-headline gb-headline-9775d3e5 gb-headline-text\"><strong>Eckdaten<\/strong><\/h2>\n\n\n\n<figure class=\"wp-block-table eckdaten\"><table><tbody><tr><td><strong>Location<\/strong><\/td><td>AIDA Prima &amp; Perla<\/td><\/tr><tr><td><strong>Er\u00f6ffnung<\/strong><\/td><td>2016<\/td><\/tr><tr><td><strong>Gr\u00f6\u00dfe<\/strong><\/td><td>Sonderausf\u00fchrung mit 16 Kletterstationen<\/td><\/tr><tr><td><strong>Betrieb<\/strong><\/td><td>ganzj\u00e4hrig<\/td><\/tr><\/tbody><\/table><\/figure>\n\n\n<div class=\"gb-grid-wrapper gb-grid-wrapper-03d430cc\"><\/div>\n\n\n<figure class=\"wp-block-gallery has-nested-images columns-default is-cropped wp-block-gallery-2 is-layout-flex wp-block-gallery-is-layout-flex\">\n<figure class=\"wp-block-image size-large\"><img loading=\"lazy\" decoding=\"async\" width=\"700\" height=\"466\" data-id=\"3784\" src=\"https:\/\/www.kristallturm.com\/wp-content\/uploads\/2020\/11\/AIDA-Perla_1.jpg\" alt=\"AIDA Hochseilgarten\" class=\"wp-image-3784\" srcset=\"https:\/\/www.kristallturm.com\/wp-content\/uploads\/2020\/11\/AIDA-Perla_1.jpg 700w, https:\/\/www.kristallturm.com\/wp-content\/uploads\/2020\/11\/AIDA-Perla_1-300x200.jpg 300w\" sizes=\"auto, (max-width: 700px) 100vw, 700px\" \/><\/figure>\n\n\n\n<figure class=\"wp-block-image size-large\"><img loading=\"lazy\" decoding=\"async\" width=\"700\" height=\"466\" data-id=\"3786\" src=\"https:\/\/www.kristallturm.com\/wp-content\/uploads\/2020\/11\/AIDA-Prima_1.jpg\" alt=\"AIDA Hochseilgarten\" class=\"wp-image-3786\" srcset=\"https:\/\/www.kristallturm.com\/wp-content\/uploads\/2020\/11\/AIDA-Prima_1.jpg 700w, https:\/\/www.kristallturm.com\/wp-content\/uploads\/2020\/11\/AIDA-Prima_1-300x200.jpg 300w\" sizes=\"auto, (max-width: 700px) 100vw, 700px\" \/><\/figure>\n<\/figure>\n\n\n\n<div style=\"height:20px\" aria-hidden=\"true\" class=\"wp-block-spacer\"><\/div>\n\n\n<div class=\"gb-button-wrapper gb-button-wrapper-4d58563b\">\n\n<a class=\"gb-button gb-button-bc0a58ae gb-button-text\" href=\"https:\/\/www.kristallturm.com\/de\/erfolgsgeschichten\/\"><strong>mehr erfolgsbeispiele entdecken<\/strong><\/a>\n\n<\/div>\n<\/div><\/div>\n\n\n<p><\/p>\n","protected":false},"excerpt":{"rendered":"<p>SONDERAUSF\u00dcHRUNGEN F\u00fcr Standorte mit besonderen Anspr\u00fcchen planen und bauen wir auch Anlagen abseits unseres Standard-Systems. Diese werden daher individuell von uns konzipiert und an die jeweiligen Voraussetzungen und Gegebenheiten angepasst. Vor allem bei Indoor Einrichtungen kann oftmals nicht mit dem Standard System gearbeitet werden, wodurch alternative Konstruktionen notwendig sind. So k\u00f6nnen die Kletterstationen z.B. h\u00e4ngend &#8230; <a title=\"Sonderausf\u00fchrungen\" class=\"read-more\" href=\"https:\/\/www.kristallturm.com\/de\/hochseilgaerten\/sonderausfuehrungen\/\" aria-label=\"Mehr Informationen \u00fcber Sonderausf\u00fchrungen\">Weiterlesen<\/a><\/p>\n","protected":false},"author":15,"featured_media":0,"parent":1306,"menu_order":0,"comment_status":"closed","ping_status":"closed","template":"","meta":{"_acf_changed":false,"_coblocks_attr":"","_coblocks_dimensions":"","_coblocks_responsive_height":"","_coblocks_accordion_ie_support":"","footnotes":""},"class_list":["post-4257","page","type-page","status-publish"],"acf":[],"yoast_head":"<!-- This site is optimized with the Yoast SEO plugin v27.4 - https:\/\/yoast.com\/product\/yoast-seo-wordpress\/ -->\n<title>KristallTurm\u00ae f\u00fcr Ihren Hochseilgarten | Sonderausf\u00fchrungen<\/title>\n<meta name=\"description\" content=\"Professionelle Konzeption und Umsetzung Ihres individuellen Hochseilgartens \u27a4 Sonderausf\u00fchrungen \u27a4 Jetzt informieren!\" \/>\n<meta name=\"robots\" content=\"index, follow, max-snippet:-1, max-image-preview:large, max-video-preview:-1\" \/>\n<link rel=\"canonical\" href=\"https:\/\/www.kristallturm.com\/de\/hochseilgaerten\/sonderausfuehrungen\/\" \/>\n<meta property=\"og:locale\" content=\"de_DE\" \/>\n<meta property=\"og:type\" content=\"article\" \/>\n<meta property=\"og:title\" content=\"KristallTurm\u00ae f\u00fcr Ihren Hochseilgarten | Sonderausf\u00fchrungen\" \/>\n<meta property=\"og:description\" content=\"Professionelle Konzeption und Umsetzung Ihres individuellen Hochseilgartens \u27a4 Sonderausf\u00fchrungen \u27a4 Jetzt informieren!\" \/>\n<meta property=\"og:url\" content=\"https:\/\/www.kristallturm.com\/de\/hochseilgaerten\/sonderausfuehrungen\/\" \/>\n<meta property=\"og:site_name\" content=\"Kristallturm\" \/>\n<meta property=\"article:modified_time\" content=\"2025-07-01T08:56:06+00:00\" \/>\n<meta property=\"og:image\" content=\"https:\/\/www.kristallturm.com\/wp-content\/uploads\/2020\/11\/Kiddy-Dome.jpg\" \/>\n\t<meta property=\"og:image:width\" content=\"500\" \/>\n\t<meta property=\"og:image:height\" content=\"333\" \/>\n\t<meta property=\"og:image:type\" content=\"image\/jpeg\" \/>\n<meta name=\"twitter:card\" content=\"summary_large_image\" \/>\n<meta name=\"twitter:label1\" content=\"Gesch\u00e4tzte Lesezeit\" \/>\n\t<meta name=\"twitter:data1\" content=\"3\u00a0Minuten\" \/>\n<script type=\"application\/ld+json\" class=\"yoast-schema-graph\">{\"@context\":\"https:\\\/\\\/schema.org\",\"@graph\":[{\"@type\":\"WebPage\",\"@id\":\"https:\\\/\\\/www.kristallturm.com\\\/de\\\/hochseilgaerten\\\/sonderausfuehrungen\\\/\",\"url\":\"https:\\\/\\\/www.kristallturm.com\\\/de\\\/hochseilgaerten\\\/sonderausfuehrungen\\\/\",\"name\":\"KristallTurm\u00ae f\u00fcr Ihren Hochseilgarten | Sonderausf\u00fchrungen\",\"isPartOf\":{\"@id\":\"https:\\\/\\\/www.kristallturm.com\\\/de\\\/#website\"},\"primaryImageOfPage\":{\"@id\":\"https:\\\/\\\/www.kristallturm.com\\\/de\\\/hochseilgaerten\\\/sonderausfuehrungen\\\/#primaryimage\"},\"image\":{\"@id\":\"https:\\\/\\\/www.kristallturm.com\\\/de\\\/hochseilgaerten\\\/sonderausfuehrungen\\\/#primaryimage\"},\"thumbnailUrl\":\"https:\\\/\\\/www.kristallturm.com\\\/wp-content\\\/uploads\\\/2020\\\/11\\\/Kiddy-Dome.jpg\",\"datePublished\":\"2020-12-01T09:31:23+00:00\",\"dateModified\":\"2025-07-01T08:56:06+00:00\",\"description\":\"Professionelle Konzeption und Umsetzung Ihres individuellen Hochseilgartens \u27a4 Sonderausf\u00fchrungen \u27a4 Jetzt informieren!\",\"breadcrumb\":{\"@id\":\"https:\\\/\\\/www.kristallturm.com\\\/de\\\/hochseilgaerten\\\/sonderausfuehrungen\\\/#breadcrumb\"},\"inLanguage\":\"de\",\"potentialAction\":[{\"@type\":\"ReadAction\",\"target\":[\"https:\\\/\\\/www.kristallturm.com\\\/de\\\/hochseilgaerten\\\/sonderausfuehrungen\\\/\"]}]},{\"@type\":\"ImageObject\",\"inLanguage\":\"de\",\"@id\":\"https:\\\/\\\/www.kristallturm.com\\\/de\\\/hochseilgaerten\\\/sonderausfuehrungen\\\/#primaryimage\",\"url\":\"https:\\\/\\\/www.kristallturm.com\\\/wp-content\\\/uploads\\\/2020\\\/11\\\/Kiddy-Dome.jpg\",\"contentUrl\":\"https:\\\/\\\/www.kristallturm.com\\\/wp-content\\\/uploads\\\/2020\\\/11\\\/Kiddy-Dome.jpg\"},{\"@type\":\"BreadcrumbList\",\"@id\":\"https:\\\/\\\/www.kristallturm.com\\\/de\\\/hochseilgaerten\\\/sonderausfuehrungen\\\/#breadcrumb\",\"itemListElement\":[{\"@type\":\"ListItem\",\"position\":1,\"name\":\"Home\",\"item\":\"https:\\\/\\\/www.kristallturm.com\\\/de\\\/\"},{\"@type\":\"ListItem\",\"position\":2,\"name\":\"Unsere Hochseilg\u00e4rten\",\"item\":\"https:\\\/\\\/www.kristallturm.com\\\/de\\\/hochseilgaerten\\\/\"},{\"@type\":\"ListItem\",\"position\":3,\"name\":\"Sonderausf\u00fchrungen\"}]},{\"@type\":\"WebSite\",\"@id\":\"https:\\\/\\\/www.kristallturm.com\\\/de\\\/#website\",\"url\":\"https:\\\/\\\/www.kristallturm.com\\\/de\\\/\",\"name\":\"Kristallturm\",\"description\":\"THE HIGH ROPES COURSE\",\"potentialAction\":[{\"@type\":\"SearchAction\",\"target\":{\"@type\":\"EntryPoint\",\"urlTemplate\":\"https:\\\/\\\/www.kristallturm.com\\\/de\\\/?s={search_term_string}\"},\"query-input\":{\"@type\":\"PropertyValueSpecification\",\"valueRequired\":true,\"valueName\":\"search_term_string\"}}],\"inLanguage\":\"de\"}]}<\/script>\n<!-- \/ Yoast SEO plugin. -->","yoast_head_json":{"title":"KristallTurm\u00ae f\u00fcr Ihren Hochseilgarten | Sonderausf\u00fchrungen","description":"Professionelle Konzeption und Umsetzung Ihres individuellen Hochseilgartens \u27a4 Sonderausf\u00fchrungen \u27a4 Jetzt informieren!","robots":{"index":"index","follow":"follow","max-snippet":"max-snippet:-1","max-image-preview":"max-image-preview:large","max-video-preview":"max-video-preview:-1"},"canonical":"https:\/\/www.kristallturm.com\/de\/hochseilgaerten\/sonderausfuehrungen\/","og_locale":"de_DE","og_type":"article","og_title":"KristallTurm\u00ae f\u00fcr Ihren Hochseilgarten | Sonderausf\u00fchrungen","og_description":"Professionelle Konzeption und Umsetzung Ihres individuellen Hochseilgartens \u27a4 Sonderausf\u00fchrungen \u27a4 Jetzt informieren!","og_url":"https:\/\/www.kristallturm.com\/de\/hochseilgaerten\/sonderausfuehrungen\/","og_site_name":"Kristallturm","article_modified_time":"2025-07-01T08:56:06+00:00","og_image":[{"width":500,"height":333,"url":"https:\/\/www.kristallturm.com\/wp-content\/uploads\/2020\/11\/Kiddy-Dome.jpg","type":"image\/jpeg"}],"twitter_card":"summary_large_image","twitter_misc":{"Gesch\u00e4tzte Lesezeit":"3\u00a0Minuten"},"schema":{"@context":"https:\/\/schema.org","@graph":[{"@type":"WebPage","@id":"https:\/\/www.kristallturm.com\/de\/hochseilgaerten\/sonderausfuehrungen\/","url":"https:\/\/www.kristallturm.com\/de\/hochseilgaerten\/sonderausfuehrungen\/","name":"KristallTurm\u00ae f\u00fcr Ihren Hochseilgarten | Sonderausf\u00fchrungen","isPartOf":{"@id":"https:\/\/www.kristallturm.com\/de\/#website"},"primaryImageOfPage":{"@id":"https:\/\/www.kristallturm.com\/de\/hochseilgaerten\/sonderausfuehrungen\/#primaryimage"},"image":{"@id":"https:\/\/www.kristallturm.com\/de\/hochseilgaerten\/sonderausfuehrungen\/#primaryimage"},"thumbnailUrl":"https:\/\/www.kristallturm.com\/wp-content\/uploads\/2020\/11\/Kiddy-Dome.jpg","datePublished":"2020-12-01T09:31:23+00:00","dateModified":"2025-07-01T08:56:06+00:00","description":"Professionelle Konzeption und Umsetzung Ihres individuellen Hochseilgartens \u27a4 Sonderausf\u00fchrungen \u27a4 Jetzt informieren!","breadcrumb":{"@id":"https:\/\/www.kristallturm.com\/de\/hochseilgaerten\/sonderausfuehrungen\/#breadcrumb"},"inLanguage":"de","potentialAction":[{"@type":"ReadAction","target":["https:\/\/www.kristallturm.com\/de\/hochseilgaerten\/sonderausfuehrungen\/"]}]},{"@type":"ImageObject","inLanguage":"de","@id":"https:\/\/www.kristallturm.com\/de\/hochseilgaerten\/sonderausfuehrungen\/#primaryimage","url":"https:\/\/www.kristallturm.com\/wp-content\/uploads\/2020\/11\/Kiddy-Dome.jpg","contentUrl":"https:\/\/www.kristallturm.com\/wp-content\/uploads\/2020\/11\/Kiddy-Dome.jpg"},{"@type":"BreadcrumbList","@id":"https:\/\/www.kristallturm.com\/de\/hochseilgaerten\/sonderausfuehrungen\/#breadcrumb","itemListElement":[{"@type":"ListItem","position":1,"name":"Home","item":"https:\/\/www.kristallturm.com\/de\/"},{"@type":"ListItem","position":2,"name":"Unsere Hochseilg\u00e4rten","item":"https:\/\/www.kristallturm.com\/de\/hochseilgaerten\/"},{"@type":"ListItem","position":3,"name":"Sonderausf\u00fchrungen"}]},{"@type":"WebSite","@id":"https:\/\/www.kristallturm.com\/de\/#website","url":"https:\/\/www.kristallturm.com\/de\/","name":"Kristallturm","description":"THE HIGH ROPES COURSE","potentialAction":[{"@type":"SearchAction","target":{"@type":"EntryPoint","urlTemplate":"https:\/\/www.kristallturm.com\/de\/?s={search_term_string}"},"query-input":{"@type":"PropertyValueSpecification","valueRequired":true,"valueName":"search_term_string"}}],"inLanguage":"de"}]}},"_links":{"self":[{"href":"https:\/\/www.kristallturm.com\/de\/wp-json\/wp\/v2\/pages\/4257","targetHints":{"allow":["GET"]}}],"collection":[{"href":"https:\/\/www.kristallturm.com\/de\/wp-json\/wp\/v2\/pages"}],"about":[{"href":"https:\/\/www.kristallturm.com\/de\/wp-json\/wp\/v2\/types\/page"}],"author":[{"embeddable":true,"href":"https:\/\/www.kristallturm.com\/de\/wp-json\/wp\/v2\/users\/15"}],"replies":[{"embeddable":true,"href":"https:\/\/www.kristallturm.com\/de\/wp-json\/wp\/v2\/comments?post=4257"}],"version-history":[{"count":13,"href":"https:\/\/www.kristallturm.com\/de\/wp-json\/wp\/v2\/pages\/4257\/revisions"}],"predecessor-version":[{"id":13463,"href":"https:\/\/www.kristallturm.com\/de\/wp-json\/wp\/v2\/pages\/4257\/revisions\/13463"}],"up":[{"embeddable":true,"href":"https:\/\/www.kristallturm.com\/de\/wp-json\/wp\/v2\/pages\/1306"}],"wp:attachment":[{"href":"https:\/\/www.kristallturm.com\/de\/wp-json\/wp\/v2\/media?parent=4257"}],"curies":[{"name":"wp","href":"https:\/\/api.w.org\/{rel}","templated":true}]}}