{"id":3829,"date":"2020-11-23T11:25:32","date_gmt":"2020-11-23T10:25:32","guid":{"rendered":"https:\/\/www.kristallturm.com\/?page_id=3829"},"modified":"2020-12-08T23:25:19","modified_gmt":"2020-12-08T22:25:19","slug":"newsletter","status":"publish","type":"page","link":"https:\/\/www.kristallturm.com\/de\/newsletter\/","title":{"rendered":"Newsletter"},"content":{"rendered":"\n<h1 class=\"gb-headline gb-headline-478e07e1\"><span class=\"gb-icon\"><svg xmlns=\"http:\/\/www.w3.org\/2000\/svg\" width=\"48\" height=\"48\" viewBox=\"0 0 24 24\" fill=\"none\" stroke=\"currentColor\" stroke-width=\"2\" stroke-linecap=\"round\" stroke-linejoin=\"round\" class=\"feather feather-minus\"><path d=\"M5 12h14\"><\/path><\/svg><\/span><span class=\"gb-headline-text\"><strong>Newsletter<\/strong><\/span><\/h1>\n\n\n<div class=\"gb-container gb-container-84e88a9a\"><div class=\"gb-inside-container\">\n<script>(function() {\n\twindow.mc4wp = window.mc4wp || {\n\t\tlisteners: [],\n\t\tforms: {\n\t\t\ton: function(evt, cb) {\n\t\t\t\twindow.mc4wp.listeners.push(\n\t\t\t\t\t{\n\t\t\t\t\t\tevent   : evt,\n\t\t\t\t\t\tcallback: cb\n\t\t\t\t\t}\n\t\t\t\t);\n\t\t\t}\n\t\t}\n\t}\n})();\n<\/script><!-- Mailchimp for WordPress v4.12.2 - https:\/\/wordpress.org\/plugins\/mailchimp-for-wp\/ --><form id=\"mc4wp-form-1\" class=\"mc4wp-form mc4wp-form-5243\" method=\"post\" data-id=\"5243\" data-name=\"Newsletter-DE\" ><div class=\"mc4wp-form-fields\"><p>\r\n\t<label>E-Mail-Adresse *\r\n\t\t<input type=\"email\" name=\"EMAIL\" required \/>\r\n<\/label>\r\n<\/p>\r\n\r\n<p>\r\n    <label>Vorname<\/label>\r\n    <input type=\"text\" name=\"FNAME\">\r\n<\/p>\r\n\r\n<p>\r\n    <label>Nachname<\/label>\r\n    <input type=\"text\" name=\"LNAME\">\r\n<\/p>\r\n\r\n\r\n<p>\r\n    <strong>Welche Informationen interessieren Sie besonders?<\/strong><br\/>\r\n    <label>\r\n        <input name=\"MMERGE3\" type=\"radio\" value=\"Allgemeine Informationen der Firma KristallTurm\u00ae und Kletterparks.\"\r\n        required=\"\"> <span>Allgemeine Informationen der Firma KristallTurm\u00ae und Kletterparks.<\/span>\r\n    <\/label><br\/>\r\n    <label>\r\n        <input name=\"MMERGE3\" type=\"radio\" value=\"KristallTurm\u00ae Gesch\u00e4ftsm\u00f6glichkeiten.\"\r\n        required=\"\"> <span>KristallTurm\u00ae Gesch\u00e4ftsm\u00f6glichkeiten.<\/span>\r\n    <\/label><br\/>\r\n    <label>\r\n        <input name=\"MMERGE3\" type=\"radio\" value=\"KristallTurm\u00ae Produktneuigkeiten.\"\r\n        required=\"\"> <span>KristallTurm\u00ae Produktneuigkeiten.<\/span>\r\n    <\/label><br\/>\r\n    <label>\r\n        <input name=\"MMERGE3\" type=\"radio\" value=\"Kristallturm\u00ae Veranstaltungen und Messen.\"\r\n        required=\"\"> <span>Kristallturm\u00ae Veranstaltungen und Messen.<\/span>\r\n    <\/label><br\/>\r\n<\/p>\r\n\r\n<p>\r\n    <strong>Wie haben Sie uns gefunden?<\/strong><br\/>\r\n    <label>\r\n        <input name=\"INTERESTS[a56a7eb98b][]\" type=\"checkbox\" value=\"978a9506f4\"> <span>Google oder andere Suchmaschine<\/span>\r\n    <\/label><br\/>\r\n    <label>\r\n        <input name=\"INTERESTS[a56a7eb98b][]\" type=\"checkbox\" value=\"cc9c449971\"> <span>Besuch eines Kletterturms<\/span>\r\n    <\/label><br\/>\r\n    <label>\r\n        <input name=\"INTERESTS[a56a7eb98b][]\" type=\"checkbox\" value=\"35d3ccb60a\"> <span>Werbung \/ Anzeigen<\/span>\r\n    <\/label><br\/>\r\n    <label>\r\n        <input name=\"INTERESTS[a56a7eb98b][]\" type=\"checkbox\" value=\"ecae26ab81\"> <span>Freunde<\/span>\r\n    <\/label><br\/>\r\n    <label>\r\n        <input name=\"INTERESTS[a56a7eb98b][]\" type=\"checkbox\" value=\"b38c786dc5\"> <span>Messebesuch<\/span>\r\n    <\/label><br\/>\r\n    <label>\r\n        <input name=\"INTERESTS[a56a7eb98b][]\" type=\"checkbox\" value=\"db4187d7f6\"> <span>Sonstiges<\/span>\r\n    <\/label><br\/>\r\n<\/p>\r\n\r\n<p>\r\n  Erlaubnis zum Marketing<br\/>\r\nKristallTurm GmbH &#038; Co. KG wird die Informationen, die Sie in diesem Formular angeben, dazu verwenden, mit Ihnen in Kontakt zu bleiben und Ihnen Updates zu unseren Produkten, Informationen zu Messen und Marketingaktivit\u00e4ten zu \u00fcbermitteln. Bitte lassen Sie uns wissen, auf welche Art und Weise Sie von uns h\u00f6ren m\u00f6chten.\r\n<br\/><br\/>\r\n  \r\nSie k\u00f6nnen Ihre Meinung jederzeit \u00e4ndern, indem Sie auf den Abbestellungs-Link klicken, den Sie in der Fu\u00dfzeile jeder E-Mail, die Sie von uns erhalten, finden k\u00f6nnen, oder indem Sie uns unter service@kristallturm.de kontaktieren. Wir werden Ihre Informationen mit Sorgfalt und Respekt behandeln. Weitere Informationen zu unseren Datenschutzpraktiken finden Sie auf unserer Website. Indem Sie unten klicken, erkl\u00e4ren Sie sich damit einverstanden, dass wir Ihre Informationen in \u00dcbereinstimmung mit diesen Bedingungen verarbeiten d\u00fcrfen.\r\n<br\/><br\/>\r\nWe use Mailchimp as our marketing platform. By clicking below to subscribe, you acknowledge that your information will be transferred to Mailchimp for processing. <a href=\"https:\/\/mailchimp.com\/legal\/\" target=\"_blank\">Learn more about Mailchimp\u2019s privacy practices here<\/a>.\r\n<\/p>\r\n\r\n\r\n<p>\r\n\t<input type=\"submit\" value=\"ANMELDEN\" \/> * = Pflichtfelder\r\n<\/p><\/div><label style=\"display: none !important;\">Wenn du ein Mensch bist, lasse das Feld leer: <input type=\"text\" name=\"_mc4wp_honeypot\" value=\"\" tabindex=\"-1\" autocomplete=\"off\" \/><\/label><input type=\"hidden\" name=\"_mc4wp_timestamp\" value=\"1777701088\" \/><input type=\"hidden\" name=\"_mc4wp_form_id\" value=\"5243\" \/><input type=\"hidden\" name=\"_mc4wp_form_element_id\" value=\"mc4wp-form-1\" \/><div class=\"mc4wp-response\"><\/div><\/form><!-- \/ Mailchimp for WordPress Plugin -->\n<\/div><\/div>\n\n\n<p><\/p>\n","protected":false},"excerpt":{"rendered":"<p>Melden Sie sich an unserem Newsletter an.<\/p>\n","protected":false},"author":1,"featured_media":0,"parent":0,"menu_order":0,"comment_status":"closed","ping_status":"closed","template":"","meta":{"_acf_changed":false,"_coblocks_attr":"","_coblocks_dimensions":"","_coblocks_responsive_height":"","_coblocks_accordion_ie_support":"","footnotes":""},"class_list":["post-3829","page","type-page","status-publish"],"acf":[],"yoast_head":"<!-- This site is optimized with the Yoast SEO plugin v27.5 - https:\/\/yoast.com\/product\/yoast-seo-wordpress\/ -->\n<title>Newsletter - Kristallturm<\/title>\n<meta name=\"robots\" content=\"index, follow, max-snippet:-1, max-image-preview:large, max-video-preview:-1\" \/>\n<link rel=\"canonical\" href=\"https:\/\/www.kristallturm.com\/de\/newsletter\/\" \/>\n<meta property=\"og:locale\" content=\"de_DE\" \/>\n<meta property=\"og:type\" content=\"article\" \/>\n<meta property=\"og:title\" content=\"Newsletter - Kristallturm\" \/>\n<meta property=\"og:description\" content=\"Melden Sie sich an unserem Newsletter an.\" \/>\n<meta property=\"og:url\" content=\"https:\/\/www.kristallturm.com\/de\/newsletter\/\" \/>\n<meta property=\"og:site_name\" content=\"Kristallturm\" \/>\n<meta property=\"article:publisher\" content=\"https:\/\/www.facebook.com\/Kristallturm\/\" \/>\n<meta property=\"article:modified_time\" content=\"2020-12-08T22:25:19+00:00\" \/>\n<meta name=\"twitter:card\" content=\"summary_large_image\" \/>\n<script type=\"application\/ld+json\" class=\"yoast-schema-graph\">{\"@context\":\"https:\\\/\\\/schema.org\",\"@graph\":[{\"@type\":\"WebPage\",\"@id\":\"https:\\\/\\\/www.kristallturm.com\\\/de\\\/newsletter\\\/\",\"url\":\"https:\\\/\\\/www.kristallturm.com\\\/de\\\/newsletter\\\/\",\"name\":\"Newsletter - Kristallturm\",\"isPartOf\":{\"@id\":\"https:\\\/\\\/www.kristallturm.com\\\/de\\\/#website\"},\"datePublished\":\"2020-11-23T10:25:32+00:00\",\"dateModified\":\"2020-12-08T22:25:19+00:00\",\"breadcrumb\":{\"@id\":\"https:\\\/\\\/www.kristallturm.com\\\/de\\\/newsletter\\\/#breadcrumb\"},\"inLanguage\":\"de\",\"potentialAction\":[{\"@type\":\"ReadAction\",\"target\":[\"https:\\\/\\\/www.kristallturm.com\\\/de\\\/newsletter\\\/\"]}]},{\"@type\":\"BreadcrumbList\",\"@id\":\"https:\\\/\\\/www.kristallturm.com\\\/de\\\/newsletter\\\/#breadcrumb\",\"itemListElement\":[{\"@type\":\"ListItem\",\"position\":1,\"name\":\"Home\",\"item\":\"https:\\\/\\\/www.kristallturm.com\\\/de\\\/\"},{\"@type\":\"ListItem\",\"position\":2,\"name\":\"Newsletter\"}]},{\"@type\":\"WebSite\",\"@id\":\"https:\\\/\\\/www.kristallturm.com\\\/de\\\/#website\",\"url\":\"https:\\\/\\\/www.kristallturm.com\\\/de\\\/\",\"name\":\"Kristallturm\",\"description\":\"THE HIGH ROPES COURSE\",\"publisher\":{\"@id\":\"https:\\\/\\\/www.kristallturm.com\\\/de\\\/#organization\"},\"potentialAction\":[{\"@type\":\"SearchAction\",\"target\":{\"@type\":\"EntryPoint\",\"urlTemplate\":\"https:\\\/\\\/www.kristallturm.com\\\/de\\\/?s={search_term_string}\"},\"query-input\":{\"@type\":\"PropertyValueSpecification\",\"valueRequired\":true,\"valueName\":\"search_term_string\"}}],\"inLanguage\":\"de\"},{\"@type\":\"Organization\",\"@id\":\"https:\\\/\\\/www.kristallturm.com\\\/de\\\/#organization\",\"name\":\"Kristallturm\",\"url\":\"https:\\\/\\\/www.kristallturm.com\\\/de\\\/\",\"logo\":{\"@type\":\"ImageObject\",\"inLanguage\":\"de\",\"@id\":\"https:\\\/\\\/www.kristallturm.com\\\/de\\\/#\\\/schema\\\/logo\\\/image\\\/\",\"url\":\"https:\\\/\\\/www.kristallturm.com\\\/wp-content\\\/uploads\\\/2020\\\/11\\\/KT_Logo-Zusa_ab-2020_en.png\",\"contentUrl\":\"https:\\\/\\\/www.kristallturm.com\\\/wp-content\\\/uploads\\\/2020\\\/11\\\/KT_Logo-Zusa_ab-2020_en.png\",\"width\":1523,\"height\":806,\"caption\":\"Kristallturm\"},\"image\":{\"@id\":\"https:\\\/\\\/www.kristallturm.com\\\/de\\\/#\\\/schema\\\/logo\\\/image\\\/\"},\"sameAs\":[\"https:\\\/\\\/www.facebook.com\\\/Kristallturm\\\/\",\"https:\\\/\\\/www.instagram.com\\\/kristallturm_germany\\\/\"]}]}<\/script>\n<!-- \/ Yoast SEO plugin. -->","yoast_head_json":{"title":"Newsletter - Kristallturm","robots":{"index":"index","follow":"follow","max-snippet":"max-snippet:-1","max-image-preview":"max-image-preview:large","max-video-preview":"max-video-preview:-1"},"canonical":"https:\/\/www.kristallturm.com\/de\/newsletter\/","og_locale":"de_DE","og_type":"article","og_title":"Newsletter - Kristallturm","og_description":"Melden Sie sich an unserem Newsletter an.","og_url":"https:\/\/www.kristallturm.com\/de\/newsletter\/","og_site_name":"Kristallturm","article_publisher":"https:\/\/www.facebook.com\/Kristallturm\/","article_modified_time":"2020-12-08T22:25:19+00:00","twitter_card":"summary_large_image","schema":{"@context":"https:\/\/schema.org","@graph":[{"@type":"WebPage","@id":"https:\/\/www.kristallturm.com\/de\/newsletter\/","url":"https:\/\/www.kristallturm.com\/de\/newsletter\/","name":"Newsletter - Kristallturm","isPartOf":{"@id":"https:\/\/www.kristallturm.com\/de\/#website"},"datePublished":"2020-11-23T10:25:32+00:00","dateModified":"2020-12-08T22:25:19+00:00","breadcrumb":{"@id":"https:\/\/www.kristallturm.com\/de\/newsletter\/#breadcrumb"},"inLanguage":"de","potentialAction":[{"@type":"ReadAction","target":["https:\/\/www.kristallturm.com\/de\/newsletter\/"]}]},{"@type":"BreadcrumbList","@id":"https:\/\/www.kristallturm.com\/de\/newsletter\/#breadcrumb","itemListElement":[{"@type":"ListItem","position":1,"name":"Home","item":"https:\/\/www.kristallturm.com\/de\/"},{"@type":"ListItem","position":2,"name":"Newsletter"}]},{"@type":"WebSite","@id":"https:\/\/www.kristallturm.com\/de\/#website","url":"https:\/\/www.kristallturm.com\/de\/","name":"Kristallturm","description":"THE HIGH ROPES COURSE","publisher":{"@id":"https:\/\/www.kristallturm.com\/de\/#organization"},"potentialAction":[{"@type":"SearchAction","target":{"@type":"EntryPoint","urlTemplate":"https:\/\/www.kristallturm.com\/de\/?s={search_term_string}"},"query-input":{"@type":"PropertyValueSpecification","valueRequired":true,"valueName":"search_term_string"}}],"inLanguage":"de"},{"@type":"Organization","@id":"https:\/\/www.kristallturm.com\/de\/#organization","name":"Kristallturm","url":"https:\/\/www.kristallturm.com\/de\/","logo":{"@type":"ImageObject","inLanguage":"de","@id":"https:\/\/www.kristallturm.com\/de\/#\/schema\/logo\/image\/","url":"https:\/\/www.kristallturm.com\/wp-content\/uploads\/2020\/11\/KT_Logo-Zusa_ab-2020_en.png","contentUrl":"https:\/\/www.kristallturm.com\/wp-content\/uploads\/2020\/11\/KT_Logo-Zusa_ab-2020_en.png","width":1523,"height":806,"caption":"Kristallturm"},"image":{"@id":"https:\/\/www.kristallturm.com\/de\/#\/schema\/logo\/image\/"},"sameAs":["https:\/\/www.facebook.com\/Kristallturm\/","https:\/\/www.instagram.com\/kristallturm_germany\/"]}]}},"_links":{"self":[{"href":"https:\/\/www.kristallturm.com\/de\/wp-json\/wp\/v2\/pages\/3829","targetHints":{"allow":["GET"]}}],"collection":[{"href":"https:\/\/www.kristallturm.com\/de\/wp-json\/wp\/v2\/pages"}],"about":[{"href":"https:\/\/www.kristallturm.com\/de\/wp-json\/wp\/v2\/types\/page"}],"author":[{"embeddable":true,"href":"https:\/\/www.kristallturm.com\/de\/wp-json\/wp\/v2\/users\/1"}],"replies":[{"embeddable":true,"href":"https:\/\/www.kristallturm.com\/de\/wp-json\/wp\/v2\/comments?post=3829"}],"version-history":[{"count":17,"href":"https:\/\/www.kristallturm.com\/de\/wp-json\/wp\/v2\/pages\/3829\/revisions"}],"predecessor-version":[{"id":5247,"href":"https:\/\/www.kristallturm.com\/de\/wp-json\/wp\/v2\/pages\/3829\/revisions\/5247"}],"wp:attachment":[{"href":"https:\/\/www.kristallturm.com\/de\/wp-json\/wp\/v2\/media?parent=3829"}],"curies":[{"name":"wp","href":"https:\/\/api.w.org\/{rel}","templated":true}]}}