{"id":1631,"date":"2020-10-19T16:00:32","date_gmt":"2020-10-19T14:00:32","guid":{"rendered":"https:\/\/www.kristallturm.com\/?page_id=1631"},"modified":"2026-02-03T13:49:26","modified_gmt":"2026-02-03T12:49:26","slug":"hochseilgarten-bauen","status":"publish","type":"page","link":"https:\/\/www.kristallturm.com\/de\/hochseilgaerten\/hochseilgarten-bauen\/","title":{"rendered":"Hochseilg\u00e4rten bauen"},"content":{"rendered":"<div class=\"gb-container gb-container-64546b75\"><div class=\"gb-inside-container\">\n\n<h1 class=\"gb-headline gb-headline-42f99002\"><span class=\"gb-icon\"><svg class=\"feather feather-minus\" stroke-linejoin=\"round\" stroke-linecap=\"round\" stroke-width=\"2\" stroke=\"currentColor\" fill=\"none\" viewBox=\"0 0 24 24\" height=\"48\" width=\"48\" xmlns=\"http:\/\/www.w3.org\/2000\/svg\"><path d=\"M5 12h14\"><\/path><\/svg><\/span><span class=\"gb-headline-text\"><strong>schritte zum eigenen hochseilgarten<\/strong><\/span><\/h1>\n\n\n<div class=\"gb-grid-wrapper gb-grid-wrapper-dce07de6\">\n<div class=\"gb-grid-column gb-grid-column-07fa37b9\"><div class=\"gb-container gb-container-07fa37b9\"><div class=\"gb-inside-container\">\n\n<p>Seit \u00fcber 10 Jahren bieten wir Expertise im Hochseilgartenbau und realisieren die Tr\u00e4ume unserer Kunden. KristallTurm<sup>\u00ae<\/sup> Hochseilg\u00e4rten sind eine sichere Investition mit guter Rendite und minimalstem Aufwand. Wir bieten Ihnen ein schl\u00fcsselfertiges Gesch\u00e4ftsmodell, das nur noch in Betrieb genommen werden muss.<\/p>\n\n\n\n<p>Wir begleiten Sie vom ersten Kontakt \u00fcber Planung, Konzeption, Genehmigungsverfahren, Rentabilit\u00e4tsrechnung bis hin zur Montage und dem Betrieb des Hochseilgartens.<\/p>\n\n\n\n<div style=\"height:35px\" aria-hidden=\"true\" class=\"wp-block-spacer\"><\/div>\n\n\n<div class=\"gb-button-wrapper gb-button-wrapper-e0ca634b\">\n\n<a class=\"gb-button gb-button-d9367e02 gb-button-text\" href=\"https:\/\/www.kristallturm.com\/de\/kontakt\/\"><strong>kontaktieren Sie uns gerne f\u00fcr weitere informationen<\/strong><\/a>\n\n<\/div>\n<\/div><\/div><\/div>\n\n<div class=\"gb-grid-column gb-grid-column-85252a71\"><div class=\"gb-container gb-container-85252a71\"><div class=\"gb-inside-container\">\n\n<figure class=\"wp-block-image size-large is-resized\"><img loading=\"lazy\" decoding=\"async\" width=\"507\" height=\"393\" src=\"https:\/\/www.kristallturm.com\/wp-content\/uploads\/2020\/11\/Web-1-3-e1605615652781.jpg\" alt=\"\" class=\"wp-image-3615\" style=\"width:452px;height:350px\" srcset=\"https:\/\/www.kristallturm.com\/wp-content\/uploads\/2020\/11\/Web-1-3-e1605615652781.jpg 507w, https:\/\/www.kristallturm.com\/wp-content\/uploads\/2020\/11\/Web-1-3-e1605615652781-300x233.jpg 300w\" sizes=\"auto, (max-width: 507px) 100vw, 507px\" \/><\/figure>\n\n<\/div><\/div><\/div>\n<\/div>\n<\/div><\/div>\n\n<div class=\"gb-container gb-container-c28da3e8\"><div class=\"gb-inside-container\">\n<div class=\"gb-container gb-container-da1e4acb\"><div class=\"gb-inside-container\">\n<div class=\"gb-container gb-container-1bfeafb4\"><div class=\"gb-inside-container\">\n\n<h2 class=\"gb-headline gb-headline-e3ec17b8\"><span class=\"gb-icon\"><svg class=\"feather feather-minus\" stroke-linejoin=\"round\" stroke-linecap=\"round\" stroke-width=\"2\" stroke=\"currentColor\" fill=\"none\" viewBox=\"0 0 24 24\" height=\"48\" width=\"48\" xmlns=\"http:\/\/www.w3.org\/2000\/svg\"><path d=\"M5 12h14\"><\/path><\/svg><\/span><span class=\"gb-headline-text\"><strong>schritte zum eigenen hochseilgarten<\/strong><\/span><\/h2>\n\n\n<div class=\"gb-grid-wrapper gb-grid-wrapper-2ed704f1\">\n<div class=\"gb-grid-column gb-grid-column-470bd268\"><div class=\"gb-container gb-container-470bd268\"><div class=\"gb-inside-container\">\n\n<h2 class=\"gb-headline gb-headline-29fcba31 gb-headline-text\"><strong>1<\/strong><\/h2>\n\n\n\n<p class=\"has-text-align-center\"><strong><strong>Rahmenbedingungen und Analyse des Einzugsbereichs<\/strong><\/strong> <\/p>\n\n\n\n<p class=\"has-text-align-center\">Als Erstes sollten die Rahmenbedingungen zum Bau eines Hochseilgartens vor Ort abgekl\u00e4rt werden. Dazu geh\u00f6rt auch die Absch\u00e4tzung des Einzugskreises, um die Gr\u00f6\u00dfe der Kletteranlage ermitteln zu k\u00f6nnen. Hierbei unterst\u00fctzen und beraten wir Sie gerne auf Basis unserer langj\u00e4hrigen&nbsp;Erfahrung.<\/p>\n\n\n\n<p class=\"has-text-align-center\">Ein weiterer wichtiger Punkt ist die Finanzierung, die im Vorfeld abgekl\u00e4rt werden sollte. Hierbei stehen wir Ihnen ebenfalls mit Rat und Tat zur Seite und zeigen Ihnen verschiedene Finanzierungs- und F\u00f6rderm\u00f6glichkeiten auf. Des Weiteren bieten wir Unterst\u00fctzung bei der Suche nach den richtigen Finanzierungspartnern.<\/p>\n\n\n\n<p class=\"has-text-align-center\">Anschlie\u00dfend stellen wir Ihnen alle Unterlagen und Informationen wie Pl\u00e4ne, Visualisierungen und Zeichnungen des Hochseilgartens zur Verf\u00fcgung, die Sie f\u00fcr das Genehmigungsverfahren ben\u00f6tigen.<\/p>\n\n<\/div><\/div><\/div>\n\n<div class=\"gb-grid-column gb-grid-column-0c88e75f\"><div class=\"gb-container gb-container-0c88e75f\"><div class=\"gb-inside-container\">\n\n<h2 class=\"gb-headline gb-headline-6c0be73b gb-headline-text\"><strong>2<\/strong><\/h2>\n\n\n\n<p class=\"has-text-align-center\"><strong>Planung und Produktion<\/strong><\/p>\n\n\n\n<p class=\"has-text-align-center\">Verraten Sie uns Ihre W\u00fcnsche und wir machen Ihren Traum vom Kletterpark wahr! Wir k\u00fcmmern uns um die Planung, Konzeption und Konstruktion Ihres individuellen Hochseilgartens nach Ihren Vorlieben. Sie haben zahlreiche M\u00f6glichkeiten mit verschiedenen Kletterelementen, Anbauteilen, Farben und Thematisierungen einen echten Abenteuerpark zu schaffen. In Ihrer individuellen Kletteranlage k\u00f6nnen auch ganz gezielt erlebnisp\u00e4dagogische Konzepte aufgegriffen werden. <\/p>\n\n\n\n<p class=\"has-text-align-center\">Am Ende erhalten Sie Ihren einzigartigen Hochseilgarten, der alle Alters- und K\u00f6nnensgruppen zum Klettern einl\u00e4dt, ganz nach Ihren Vorstellungen. Bei der Konzeption achten wir auf einen hohen Sicherheitsstandard mit einem durchg\u00e4ngigen Sicherungssystem, wie auch modernster Sicherheitsausr\u00fcstung.<\/p>\n\n\n\n<p class=\"has-text-align-center\">Im n\u00e4chsten Schritt k\u00f6nnen Sie sich getrost zur\u00fccklehnen. Wir produzieren Ihren Hochseilgarten in unseren hauseigenen Werkst\u00e4tten. Hier wird penibel auf Qualit\u00e4t und Pr\u00e4zision geachtet. Die fertigen Einzelteile des Hochseilgartens, werden anschlie\u00dfend an den finalen Standort verschifft.<\/p>\n\n<\/div><\/div><\/div>\n\n<div class=\"gb-grid-column gb-grid-column-95873bc8\"><div class=\"gb-container gb-container-95873bc8\"><div class=\"gb-inside-container\">\n\n<h2 class=\"gb-headline gb-headline-0fe9922e gb-headline-text\"><strong>3<\/strong><\/h2>\n\n\n\n<p class=\"has-text-align-center\"><strong>Logistik und Montage<\/strong><\/p>\n\n\n\n<p class=\"has-text-align-center\">Auch beim Transport und dem Aufbau der fertigen Einzelteile m\u00fcssen Sie sich um nichts k\u00fcmmern. Die Teile werden passgenau verladen und per LKW und \/ oder Schiff an Ihren Zielort gebracht.<\/p>\n\n\n\n<p class=\"has-text-align-center\">Am Zielort wird der Hochseilgarten durch ein von uns bereitgestelltes Montageteam errichtet. Auch die sicherheitstechnische Erstabnahme organisieren wir f\u00fcr Sie, sodass Sie am Ende eine betriebsfertige Anlage nach den geltenden Sicherheitsstandards erhalten.<\/p>\n\n<\/div><\/div><\/div>\n\n<div class=\"gb-grid-column gb-grid-column-bfd3bade\"><div class=\"gb-container gb-container-bfd3bade\"><div class=\"gb-inside-container\">\n\n<h2 class=\"gb-headline gb-headline-62bd27ac gb-headline-text\"><strong>4<\/strong><\/h2>\n\n\n\n<p class=\"has-text-align-center\"><strong>Training und Personal<\/strong><\/p>\n\n\n\n<p class=\"has-text-align-center\">Bei der Suche nach Betreiber und Personal kommen Sie wieder ins Spiel. Sobald diese feststehen, \u00fcbernehmen wir die Schulung und das Training in Ihrem neuen Hochseilgarten. Hier werden die Guides f\u00fcr den Betrieb des Hochseilgartens ausgebildet, damit Sie Ihre Anlage nach h\u00f6chsten Sicherheitsstandards effizient betreiben k\u00f6nnen. <\/p>\n\n<\/div><\/div><\/div>\n\n<div class=\"gb-grid-column gb-grid-column-29533199\"><div class=\"gb-container gb-container-29533199\"><div class=\"gb-inside-container\">\n\n<h2 class=\"gb-headline gb-headline-4b20f454 gb-headline-text\"><strong>5<\/strong><\/h2>\n\n\n\n<p class=\"has-text-align-center\"><strong>Er\u00f6ffnung und Inbetriebnahme<\/strong><\/p>\n\n\n\n<p class=\"has-text-align-center\">Der Er\u00f6ffnung steht also nichts mehr im Weg, legen Sie Ihren Er\u00f6ffnungstermin fest und los geht\u2019s. Auch hier k\u00f6nnen wir Sie auf Wunsch mit Ideen f\u00fcr den Betrieb und das Marketing Ihres Hochseilgartens unterst\u00fctzen. Auch bei Fragen zu Erfahrungswerten, \u201eBest Practices\u201c und individuellen Betriebskonzepten im Hochseilgartenbetrieb stehen wir gerne zur Verf\u00fcgung. Werfen Sie doch einen Blick auf unsere Erfolgsgeschichten, um einen ersten Eindruck zu&nbsp;bekommen<a href=\"https:\/\/www.kristallturm.com\/de\/hochseilgaerten\/hochseilgaerten-bauen\/#_msocom_1\">.<\/a><\/p>\n\n\n\n<div style=\"height:20px\" aria-hidden=\"true\" class=\"wp-block-spacer\"><\/div>\n\n\n<div class=\"gb-button-wrapper gb-button-wrapper-5dfe41aa\">\n\n<a class=\"gb-button gb-button-a2d73e47 gb-button-text\" href=\"https:\/\/www.kristallturm.com\/de\/erfolgsgeschichten\/\"><strong>jetzt unsere Kristallturm erfolgsstories entdecken!<\/strong><\/a>\n\n<\/div>\n\n\n<div style=\"height:20px\" aria-hidden=\"true\" class=\"wp-block-spacer\"><\/div>\n\n<\/div><\/div><\/div>\n\n<div class=\"gb-grid-column gb-grid-column-2d9b1285\"><div class=\"gb-container gb-container-2d9b1285\"><div class=\"gb-inside-container\">\n\n<h2 class=\"gb-headline gb-headline-34b49202 gb-headline-text\"><strong>6<\/strong><\/h2>\n\n\n\n<p class=\"has-text-align-center\"><strong>After Sales Betreuung<\/strong><\/p>\n\n\n\n<p class=\"has-text-align-center\">Nat\u00fcrlich darf auch die Betreuung im Nachgang nicht fehlen, sei es bei der Erweiterung des Hochseilgartens, dem Austausch von Kletterstationen, weiterer Sicherheitsausr\u00fcstung oder der Inspektion und Instandhaltung. Die Erste der j\u00e4hrlichen Inspektionen \u00fcbernehmen wir kostenfrei f\u00fcr Sie. Im Anschluss bieten wir auch Wartungsvertr\u00e4ge f\u00fcr die l\u00e4ngerfristige Betreuung und Inspektion an. Des Weiteren k\u00f6nnen im fortlaufenden Betrieb individuell zus\u00e4tzliche Trainings f\u00fcr neues Personal, Auffrischungskurse oder Sonderschulungen in Anspruch genommen werden.<\/p>\n\n\n\n<p><\/p>\n\n<\/div><\/div><\/div>\n<\/div>\n<\/div><\/div>\n<\/div><\/div>\n<\/div><\/div>","protected":false},"excerpt":{"rendered":"<p>schritte zum eigenen hochseilgarten schritte zum eigenen hochseilgarten<\/p>\n","protected":false},"author":1,"featured_media":0,"parent":1306,"menu_order":0,"comment_status":"closed","ping_status":"closed","template":"","meta":{"_acf_changed":false,"_coblocks_attr":"","_coblocks_dimensions":"","_coblocks_responsive_height":"","_coblocks_accordion_ie_support":"","footnotes":""},"class_list":["post-1631","page","type-page","status-publish"],"acf":[],"yoast_head":"<!-- This site is optimized with the Yoast SEO plugin v27.3 - https:\/\/yoast.com\/product\/yoast-seo-wordpress\/ -->\n<title>Hochseilgarten bauen | KristallTurm\u00ae als kompetenter Partner<\/title>\n<meta name=\"description\" content=\"Unterst\u00fctzung von Anfang bis Ende bei Ihrem Hochseilgartenbau \u27a4 Langj\u00e4hrige Erfahrung \u27a4 Individuelle Projekte \u27a4 Professionelle Umsetzung\" \/>\n<meta name=\"robots\" content=\"index, follow, max-snippet:-1, max-image-preview:large, max-video-preview:-1\" \/>\n<link rel=\"canonical\" href=\"https:\/\/www.kristallturm.com\/de\/hochseilgaerten\/hochseilgarten-bauen\/\" \/>\n<meta property=\"og:locale\" content=\"de_DE\" \/>\n<meta property=\"og:type\" content=\"article\" \/>\n<meta property=\"og:title\" content=\"Hochseilgarten bauen | KristallTurm\u00ae als kompetenter Partner\" \/>\n<meta property=\"og:description\" content=\"Unterst\u00fctzung von Anfang bis Ende bei Ihrem Hochseilgartenbau \u27a4 Langj\u00e4hrige Erfahrung \u27a4 Individuelle Projekte \u27a4 Professionelle Umsetzung\" \/>\n<meta property=\"og:url\" content=\"https:\/\/www.kristallturm.com\/de\/hochseilgaerten\/hochseilgarten-bauen\/\" \/>\n<meta property=\"og:site_name\" content=\"Kristallturm\" \/>\n<meta property=\"article:modified_time\" content=\"2026-02-03T12:49:26+00:00\" \/>\n<meta property=\"og:image\" content=\"https:\/\/www.kristallturm.com\/wp-content\/uploads\/2020\/11\/Web-1-3-e1605615652781.jpg\" \/>\n\t<meta property=\"og:image:width\" content=\"507\" \/>\n\t<meta property=\"og:image:height\" content=\"393\" \/>\n\t<meta property=\"og:image:type\" content=\"image\/jpeg\" \/>\n<meta name=\"twitter:card\" content=\"summary_large_image\" \/>\n<meta name=\"twitter:label1\" content=\"Gesch\u00e4tzte Lesezeit\" \/>\n\t<meta name=\"twitter:data1\" content=\"4\u00a0Minuten\" \/>\n<script type=\"application\/ld+json\" class=\"yoast-schema-graph\">{\"@context\":\"https:\\\/\\\/schema.org\",\"@graph\":[{\"@type\":\"WebPage\",\"@id\":\"https:\\\/\\\/www.kristallturm.com\\\/de\\\/hochseilgaerten\\\/hochseilgarten-bauen\\\/\",\"url\":\"https:\\\/\\\/www.kristallturm.com\\\/de\\\/hochseilgaerten\\\/hochseilgarten-bauen\\\/\",\"name\":\"Hochseilgarten bauen | KristallTurm\u00ae als kompetenter Partner\",\"isPartOf\":{\"@id\":\"https:\\\/\\\/www.kristallturm.com\\\/de\\\/#website\"},\"primaryImageOfPage\":{\"@id\":\"https:\\\/\\\/www.kristallturm.com\\\/de\\\/hochseilgaerten\\\/hochseilgarten-bauen\\\/#primaryimage\"},\"image\":{\"@id\":\"https:\\\/\\\/www.kristallturm.com\\\/de\\\/hochseilgaerten\\\/hochseilgarten-bauen\\\/#primaryimage\"},\"thumbnailUrl\":\"https:\\\/\\\/www.kristallturm.com\\\/wp-content\\\/uploads\\\/2020\\\/11\\\/Web-1-3-e1605615652781.jpg\",\"datePublished\":\"2020-10-19T14:00:32+00:00\",\"dateModified\":\"2026-02-03T12:49:26+00:00\",\"description\":\"Unterst\u00fctzung von Anfang bis Ende bei Ihrem Hochseilgartenbau \u27a4 Langj\u00e4hrige Erfahrung \u27a4 Individuelle Projekte \u27a4 Professionelle Umsetzung\",\"breadcrumb\":{\"@id\":\"https:\\\/\\\/www.kristallturm.com\\\/de\\\/hochseilgaerten\\\/hochseilgarten-bauen\\\/#breadcrumb\"},\"inLanguage\":\"de\",\"potentialAction\":[{\"@type\":\"ReadAction\",\"target\":[\"https:\\\/\\\/www.kristallturm.com\\\/de\\\/hochseilgaerten\\\/hochseilgarten-bauen\\\/\"]}]},{\"@type\":\"ImageObject\",\"inLanguage\":\"de\",\"@id\":\"https:\\\/\\\/www.kristallturm.com\\\/de\\\/hochseilgaerten\\\/hochseilgarten-bauen\\\/#primaryimage\",\"url\":\"https:\\\/\\\/www.kristallturm.com\\\/wp-content\\\/uploads\\\/2020\\\/11\\\/Web-1-3-e1605615652781.jpg\",\"contentUrl\":\"https:\\\/\\\/www.kristallturm.com\\\/wp-content\\\/uploads\\\/2020\\\/11\\\/Web-1-3-e1605615652781.jpg\"},{\"@type\":\"BreadcrumbList\",\"@id\":\"https:\\\/\\\/www.kristallturm.com\\\/de\\\/hochseilgaerten\\\/hochseilgarten-bauen\\\/#breadcrumb\",\"itemListElement\":[{\"@type\":\"ListItem\",\"position\":1,\"name\":\"Home\",\"item\":\"https:\\\/\\\/www.kristallturm.com\\\/de\\\/\"},{\"@type\":\"ListItem\",\"position\":2,\"name\":\"Unsere Hochseilg\u00e4rten\",\"item\":\"https:\\\/\\\/www.kristallturm.com\\\/de\\\/hochseilgaerten\\\/\"},{\"@type\":\"ListItem\",\"position\":3,\"name\":\"Hochseilg\u00e4rten bauen\"}]},{\"@type\":\"WebSite\",\"@id\":\"https:\\\/\\\/www.kristallturm.com\\\/de\\\/#website\",\"url\":\"https:\\\/\\\/www.kristallturm.com\\\/de\\\/\",\"name\":\"Kristallturm\",\"description\":\"THE HIGH ROPES COURSE\",\"potentialAction\":[{\"@type\":\"SearchAction\",\"target\":{\"@type\":\"EntryPoint\",\"urlTemplate\":\"https:\\\/\\\/www.kristallturm.com\\\/de\\\/?s={search_term_string}\"},\"query-input\":{\"@type\":\"PropertyValueSpecification\",\"valueRequired\":true,\"valueName\":\"search_term_string\"}}],\"inLanguage\":\"de\"}]}<\/script>\n<!-- \/ Yoast SEO plugin. -->","yoast_head_json":{"title":"Hochseilgarten bauen | KristallTurm\u00ae als kompetenter Partner","description":"Unterst\u00fctzung von Anfang bis Ende bei Ihrem Hochseilgartenbau \u27a4 Langj\u00e4hrige Erfahrung \u27a4 Individuelle Projekte \u27a4 Professionelle Umsetzung","robots":{"index":"index","follow":"follow","max-snippet":"max-snippet:-1","max-image-preview":"max-image-preview:large","max-video-preview":"max-video-preview:-1"},"canonical":"https:\/\/www.kristallturm.com\/de\/hochseilgaerten\/hochseilgarten-bauen\/","og_locale":"de_DE","og_type":"article","og_title":"Hochseilgarten bauen | KristallTurm\u00ae als kompetenter Partner","og_description":"Unterst\u00fctzung von Anfang bis Ende bei Ihrem Hochseilgartenbau \u27a4 Langj\u00e4hrige Erfahrung \u27a4 Individuelle Projekte \u27a4 Professionelle Umsetzung","og_url":"https:\/\/www.kristallturm.com\/de\/hochseilgaerten\/hochseilgarten-bauen\/","og_site_name":"Kristallturm","article_modified_time":"2026-02-03T12:49:26+00:00","og_image":[{"width":507,"height":393,"url":"https:\/\/www.kristallturm.com\/wp-content\/uploads\/2020\/11\/Web-1-3-e1605615652781.jpg","type":"image\/jpeg"}],"twitter_card":"summary_large_image","twitter_misc":{"Gesch\u00e4tzte Lesezeit":"4\u00a0Minuten"},"schema":{"@context":"https:\/\/schema.org","@graph":[{"@type":"WebPage","@id":"https:\/\/www.kristallturm.com\/de\/hochseilgaerten\/hochseilgarten-bauen\/","url":"https:\/\/www.kristallturm.com\/de\/hochseilgaerten\/hochseilgarten-bauen\/","name":"Hochseilgarten bauen | KristallTurm\u00ae als kompetenter Partner","isPartOf":{"@id":"https:\/\/www.kristallturm.com\/de\/#website"},"primaryImageOfPage":{"@id":"https:\/\/www.kristallturm.com\/de\/hochseilgaerten\/hochseilgarten-bauen\/#primaryimage"},"image":{"@id":"https:\/\/www.kristallturm.com\/de\/hochseilgaerten\/hochseilgarten-bauen\/#primaryimage"},"thumbnailUrl":"https:\/\/www.kristallturm.com\/wp-content\/uploads\/2020\/11\/Web-1-3-e1605615652781.jpg","datePublished":"2020-10-19T14:00:32+00:00","dateModified":"2026-02-03T12:49:26+00:00","description":"Unterst\u00fctzung von Anfang bis Ende bei Ihrem Hochseilgartenbau \u27a4 Langj\u00e4hrige Erfahrung \u27a4 Individuelle Projekte \u27a4 Professionelle Umsetzung","breadcrumb":{"@id":"https:\/\/www.kristallturm.com\/de\/hochseilgaerten\/hochseilgarten-bauen\/#breadcrumb"},"inLanguage":"de","potentialAction":[{"@type":"ReadAction","target":["https:\/\/www.kristallturm.com\/de\/hochseilgaerten\/hochseilgarten-bauen\/"]}]},{"@type":"ImageObject","inLanguage":"de","@id":"https:\/\/www.kristallturm.com\/de\/hochseilgaerten\/hochseilgarten-bauen\/#primaryimage","url":"https:\/\/www.kristallturm.com\/wp-content\/uploads\/2020\/11\/Web-1-3-e1605615652781.jpg","contentUrl":"https:\/\/www.kristallturm.com\/wp-content\/uploads\/2020\/11\/Web-1-3-e1605615652781.jpg"},{"@type":"BreadcrumbList","@id":"https:\/\/www.kristallturm.com\/de\/hochseilgaerten\/hochseilgarten-bauen\/#breadcrumb","itemListElement":[{"@type":"ListItem","position":1,"name":"Home","item":"https:\/\/www.kristallturm.com\/de\/"},{"@type":"ListItem","position":2,"name":"Unsere Hochseilg\u00e4rten","item":"https:\/\/www.kristallturm.com\/de\/hochseilgaerten\/"},{"@type":"ListItem","position":3,"name":"Hochseilg\u00e4rten bauen"}]},{"@type":"WebSite","@id":"https:\/\/www.kristallturm.com\/de\/#website","url":"https:\/\/www.kristallturm.com\/de\/","name":"Kristallturm","description":"THE HIGH ROPES COURSE","potentialAction":[{"@type":"SearchAction","target":{"@type":"EntryPoint","urlTemplate":"https:\/\/www.kristallturm.com\/de\/?s={search_term_string}"},"query-input":{"@type":"PropertyValueSpecification","valueRequired":true,"valueName":"search_term_string"}}],"inLanguage":"de"}]}},"_links":{"self":[{"href":"https:\/\/www.kristallturm.com\/de\/wp-json\/wp\/v2\/pages\/1631","targetHints":{"allow":["GET"]}}],"collection":[{"href":"https:\/\/www.kristallturm.com\/de\/wp-json\/wp\/v2\/pages"}],"about":[{"href":"https:\/\/www.kristallturm.com\/de\/wp-json\/wp\/v2\/types\/page"}],"author":[{"embeddable":true,"href":"https:\/\/www.kristallturm.com\/de\/wp-json\/wp\/v2\/users\/1"}],"replies":[{"embeddable":true,"href":"https:\/\/www.kristallturm.com\/de\/wp-json\/wp\/v2\/comments?post=1631"}],"version-history":[{"count":54,"href":"https:\/\/www.kristallturm.com\/de\/wp-json\/wp\/v2\/pages\/1631\/revisions"}],"predecessor-version":[{"id":15764,"href":"https:\/\/www.kristallturm.com\/de\/wp-json\/wp\/v2\/pages\/1631\/revisions\/15764"}],"up":[{"embeddable":true,"href":"https:\/\/www.kristallturm.com\/de\/wp-json\/wp\/v2\/pages\/1306"}],"wp:attachment":[{"href":"https:\/\/www.kristallturm.com\/de\/wp-json\/wp\/v2\/media?parent=1631"}],"curies":[{"name":"wp","href":"https:\/\/api.w.org\/{rel}","templated":true}]}}