{"id":15506,"date":"2026-01-28T13:05:24","date_gmt":"2026-01-28T12:05:24","guid":{"rendered":"https:\/\/www.kristallturm.com\/?page_id=15506"},"modified":"2026-02-09T15:13:42","modified_gmt":"2026-02-09T14:13:42","slug":"metallbearbeitung","status":"publish","type":"page","link":"https:\/\/www.kristallturm.com\/de\/holz-metallbearbeitung\/metallbearbeitung\/","title":{"rendered":"Metallbearbeitung"},"content":{"rendered":"<div class=\"gb-container gb-container-388c45f2 small-header\"><div class=\"gb-inside-container\"><\/div><\/div>\n\n<div class=\"gb-container gb-container-73fd8e73 spielplatz\"><div class=\"gb-inside-container\">\n\n<h1 class=\"gb-headline gb-headline-eb53bc1a\"><span class=\"gb-icon\"><svg xmlns=\"http:\/\/www.w3.org\/2000\/svg\" width=\"48\" height=\"48\" viewBox=\"0 0 24 24\" fill=\"none\" stroke=\"currentColor\" stroke-width=\"2\" stroke-linecap=\"round\" stroke-linejoin=\"round\" class=\"feather feather-minus\"><path d=\"M5 12h14\"><\/path><\/svg><\/span><span class=\"gb-headline-text\"><strong>KRISTALLTURM<sup>\u00ae<\/sup> METALLbearbeitung<\/strong><\/span><\/h1>\n\n\n\n<p>Laserschneiden, Abkanten und Schwei\u00dfen \u2013 an unserem Standort in Achenkirch unterst\u00fctzen wir Sie mit unserem gro\u00dfen Maschinenpark und jahrelanger Erfahrung in der Metallbearbeitung bei der Umsetzung Ihrer Projekte. Von der ersten Schnittkontur bis zur verschwei\u00dften Baugruppe, immer unter Gew\u00e4hrleistung h\u00f6chster Qualit\u00e4t.<\/p>\n\n<\/div><\/div>\n\n<div class=\"gb-container gb-container-ec851807 alignfull\">\n<div class=\"gb-container gb-container-09f79a84 spielplatz\"><div class=\"gb-inside-container\">\n\n<h2 class=\"gb-headline gb-headline-74a0fad7\"><span class=\"gb-icon\"><svg class=\"feather feather-minus\" stroke-linejoin=\"round\" stroke-linecap=\"round\" stroke-width=\"2\" stroke=\"currentColor\" fill=\"none\" viewBox=\"0 0 24 24\" height=\"48\" width=\"48\" xmlns=\"http:\/\/www.w3.org\/2000\/svg\"><path d=\"M5 12h14\"><\/path><\/svg><\/span><span class=\"gb-headline-text\"><strong>Laserschneiden<\/strong><\/span><\/h2>\n\n\n<div class=\"gb-container gb-container-a928b0d7\">\n<div class=\"gb-grid-wrapper gb-grid-wrapper-b899dc66\">\n<div class=\"gb-grid-column gb-grid-column-e31a01aa\"><div class=\"gb-container gb-container-e31a01aa\">\n\n<p>Unser Laser verf\u00fcgt \u00fcber modernste Fiber-Technologie, wodurch wir Ihnen ein hohes Ma\u00df an Flexibilit\u00e4t und Produktivit\u00e4t bieten k\u00f6nnen. Dank der automatisierten Schneid\u00fcberwachungsfunktionen garantieren wir einen gleichbleibend hohen Qualit\u00e4tsstandard.<\/p>\n\n\n\n<details class=\"wp-block-details is-layout-flow wp-block-details-is-layout-flow\"><summary><strong>MATERIALIEN<\/strong><\/summary>\n<ul class=\"wp-block-list\">\n<li><strong>Stahlblech:<\/strong>&nbsp;S235 I S355 I RAEX I Cortenstahl&nbsp;<br>Materialdicke von 0,5 mm bis 20,0 mm&nbsp;<\/li>\n\n\n\n<li><strong>Edelstahl:<\/strong>&nbsp;1.4301 I 1.4828 I 1.4571 I 1.4404 I 1.4509 I 1.4310&nbsp;<br>Materialdicke von 0,5 mm bis 10,0 mm&nbsp;<\/li>\n\n\n\n<li><strong>Aluminium:&nbsp;<\/strong>AlMg3 I AlMg4.5Mn I AL99.5&nbsp;<br>Materialdicke von 0,5 mm bis 8,0 mm&nbsp;<\/li>\n\n\n\n<li><strong>Vorverzinkte Stahlbleche:&nbsp;<\/strong>DX51 I DC01Zn&nbsp;<br>Materialdicke von 1,0 mm bis 3,0 mm<\/li>\n\n\n\n<li><strong>Buntmetalle:&nbsp;<\/strong>Kupfer, Messing, Bronze<br>Materialdicke von 0,5 mm bis 6,00 mm<\/li>\n<\/ul>\n<\/details>\n\n\n\n<details class=\"wp-block-details is-layout-flow wp-block-details-is-layout-flow\"><summary><strong>FUNKTION<\/strong><\/summary>\n<p>Mit der 4-Achsen Simultansteuerung in Verbindung mit hochwertigen, dynamischen Antriebssystemen erhalten Sie bei uns pr\u00e4zise Schneideergebnisse auf h\u00f6chsten Qualit\u00e4tsniveau.<\/p>\n<\/details>\n\n\n\n<details class=\"wp-block-details is-layout-flow wp-block-details-is-layout-flow\"><summary><strong>TECHNISCH ERZIELBARE TOLERANZEN<\/strong><\/summary>\n<p>Blechdicke bis 4 mm: +\/- 0,1 mm&nbsp;<br>Blechdicke bis 10 mm: +\/- 0,3 mm<\/p>\n<\/details>\n\n<\/div><\/div>\n\n<div class=\"gb-grid-column gb-grid-column-a95e323c\"><div class=\"gb-container gb-container-a95e323c\">\n\n<figure class=\"gb-block-image gb-block-image-47ff8a38\"><img loading=\"lazy\" decoding=\"async\" width=\"1280\" height=\"853\" class=\"gb-image gb-image-47ff8a38\" src=\"https:\/\/www.kristallturm.com\/wp-content\/uploads\/2026\/01\/KristallTurm-Lohnfertigung-Metallbearbeitung-Laserschneiden.jpg\" alt=\"KristallTurm Lohnfertigung Metallbearbeitung Laserschneiden\" title=\"KristallTurm-Lohnfertigung-Metallbearbeitung-Laserschneiden\" srcset=\"https:\/\/www.kristallturm.com\/wp-content\/uploads\/2026\/01\/KristallTurm-Lohnfertigung-Metallbearbeitung-Laserschneiden.jpg 1280w, https:\/\/www.kristallturm.com\/wp-content\/uploads\/2026\/01\/KristallTurm-Lohnfertigung-Metallbearbeitung-Laserschneiden-300x200.jpg 300w, https:\/\/www.kristallturm.com\/wp-content\/uploads\/2026\/01\/KristallTurm-Lohnfertigung-Metallbearbeitung-Laserschneiden-1024x682.jpg 1024w, https:\/\/www.kristallturm.com\/wp-content\/uploads\/2026\/01\/KristallTurm-Lohnfertigung-Metallbearbeitung-Laserschneiden-768x512.jpg 768w\" sizes=\"auto, (max-width: 1280px) 100vw, 1280px\" \/><\/figure>\n\n<\/div><\/div>\n<\/div>\n<\/div>\n<\/div><\/div>\n\n<div class=\"gb-container gb-container-ab1c2bda spielplatz\"><div class=\"gb-inside-container\">\n\n<h2 class=\"gb-headline gb-headline-01bd23ce\"><span class=\"gb-icon\"><svg class=\"feather feather-minus\" stroke-linejoin=\"round\" stroke-linecap=\"round\" stroke-width=\"2\" stroke=\"currentColor\" fill=\"none\" viewBox=\"0 0 24 24\" height=\"48\" width=\"48\" xmlns=\"http:\/\/www.w3.org\/2000\/svg\"><path d=\"M5 12h14\"><\/path><\/svg><\/span><span class=\"gb-headline-text\"><strong>ABKANTEN<\/strong><\/span><\/h2>\n\n\n<div class=\"gb-container gb-container-c813be56\">\n<div class=\"gb-container gb-container-ed038143\">\n<div class=\"gb-grid-wrapper gb-grid-wrapper-a84c8cc8\">\n<div class=\"gb-grid-column gb-grid-column-4e570c61\"><div class=\"gb-container gb-container-4e570c61\">\n\n<p>Zum Abkanten arbeiten wir mit unserer pr\u00e4zisen, hydraulischen <strong>Gesenkbiegepresse HQPB M4<\/strong> mit automatisierten, CNC gesteuerten 5-Achsensystem und integrierter Bombiervorrichtung. Mit einer Presskraft von 125 Tonnen k\u00f6nnen bis zu 2800 mm L\u00e4nge bearbeitet werden.<\/p>\n\n\n\n<p><strong>TECHNISCH ERZIELBARE TOLERANZEN<\/strong><br>Blechdicke bis 4 mm: +\/- 0,1 mm&nbsp;<br>Blechdicke bis 10 mm: +\/- 0,3 mm<\/p>\n\n<\/div><\/div>\n\n<div class=\"gb-grid-column gb-grid-column-cb95bd0f\"><div class=\"gb-container gb-container-cb95bd0f\">\n\n<figure class=\"gb-block-image gb-block-image-a9ee4eef\"><img loading=\"lazy\" decoding=\"async\" width=\"1280\" height=\"853\" class=\"gb-image gb-image-a9ee4eef\" src=\"https:\/\/www.kristallturm.com\/wp-content\/uploads\/2026\/01\/KristallTurm-Lohnfertigung-Metallbearbeitung-Abkanten.jpg\" alt=\"KristallTurm Lohnfertigung Metallbearbeitung Abkanten\" title=\"KristallTurm-Lohnfertigung-Metallbearbeitung-Abkanten\" srcset=\"https:\/\/www.kristallturm.com\/wp-content\/uploads\/2026\/01\/KristallTurm-Lohnfertigung-Metallbearbeitung-Abkanten.jpg 1280w, https:\/\/www.kristallturm.com\/wp-content\/uploads\/2026\/01\/KristallTurm-Lohnfertigung-Metallbearbeitung-Abkanten-300x200.jpg 300w, https:\/\/www.kristallturm.com\/wp-content\/uploads\/2026\/01\/KristallTurm-Lohnfertigung-Metallbearbeitung-Abkanten-1024x682.jpg 1024w, https:\/\/www.kristallturm.com\/wp-content\/uploads\/2026\/01\/KristallTurm-Lohnfertigung-Metallbearbeitung-Abkanten-768x512.jpg 768w\" sizes=\"auto, (max-width: 1280px) 100vw, 1280px\" \/><\/figure>\n\n<\/div><\/div>\n<\/div>\n<\/div>\n<\/div>\n<\/div><\/div>\n\n<div class=\"gb-container gb-container-3363374e spielplatz\"><div class=\"gb-inside-container\">\n\n<h2 class=\"gb-headline gb-headline-febe14cd\"><span class=\"gb-icon\"><svg class=\"feather feather-minus\" stroke-linejoin=\"round\" stroke-linecap=\"round\" stroke-width=\"2\" stroke=\"currentColor\" fill=\"none\" viewBox=\"0 0 24 24\" height=\"48\" width=\"48\" xmlns=\"http:\/\/www.w3.org\/2000\/svg\"><path d=\"M5 12h14\"><\/path><\/svg><\/span><span class=\"gb-headline-text\"><strong>SchwEI\u00dfen<\/strong><\/span><\/h2>\n\n\n<div class=\"gb-container gb-container-01577a34\">\n<div class=\"gb-grid-wrapper gb-grid-wrapper-d388f454\">\n<div class=\"gb-grid-column gb-grid-column-8bed76f0\"><div class=\"gb-container gb-container-8bed76f0\">\n\n<p>Wir bieten je nach Material mit MIG-MAG (Metallschutzgasschwei\u00dfen) oder WIG (Wolfram- Inertgasschwei\u00dfen) an.&nbsp;<\/p>\n\n\n\n<p><strong>MATERIALIEN:<\/strong><\/p>\n\n\n\n<ul class=\"wp-block-list\">\n<li>Stahl<\/li>\n\n\n\n<li>Edelstahl<\/li>\n\n\n\n<li>Aluminium<\/li>\n<\/ul>\n\n<\/div><\/div>\n\n<div class=\"gb-grid-column gb-grid-column-62ffb27c\"><div class=\"gb-container gb-container-62ffb27c\">\n\n<figure class=\"gb-block-image gb-block-image-f17b75d6\"><img loading=\"lazy\" decoding=\"async\" width=\"1280\" height=\"853\" class=\"gb-image gb-image-f17b75d6\" src=\"https:\/\/www.kristallturm.com\/wp-content\/uploads\/2025\/12\/KristallTurm-Metallarbeit-c-DASKRAFTBILD.jpg\" alt=\"KristallTurm Lohnfertigung Metallbearbeitung\" title=\"KristallTurm-Metallarbeit-c-DASKRAFTBILD\" srcset=\"https:\/\/www.kristallturm.com\/wp-content\/uploads\/2025\/12\/KristallTurm-Metallarbeit-c-DASKRAFTBILD.jpg 1280w, https:\/\/www.kristallturm.com\/wp-content\/uploads\/2025\/12\/KristallTurm-Metallarbeit-c-DASKRAFTBILD-300x200.jpg 300w, https:\/\/www.kristallturm.com\/wp-content\/uploads\/2025\/12\/KristallTurm-Metallarbeit-c-DASKRAFTBILD-1024x682.jpg 1024w, https:\/\/www.kristallturm.com\/wp-content\/uploads\/2025\/12\/KristallTurm-Metallarbeit-c-DASKRAFTBILD-768x512.jpg 768w\" sizes=\"auto, (max-width: 1280px) 100vw, 1280px\" \/><\/figure>\n\n<\/div><\/div>\n<\/div>\n<\/div>\n<\/div><\/div>\n<\/div>\n\n<div class=\"gb-container gb-container-6d5a1554 alignfull\">\n<div class=\"gb-container gb-container-e307f3c2 filter_spielplatz alignfull\"><div class=\"gb-inside-container\">\n\n<h2 class=\"gb-headline gb-headline-badf4b2b\"><span class=\"gb-icon\"><svg class=\"feather feather-minus\" stroke-linejoin=\"round\" stroke-linecap=\"round\" stroke-width=\"2\" stroke=\"currentColor\" fill=\"none\" viewBox=\"0 0 24 24\" height=\"48\" width=\"48\" xmlns=\"http:\/\/www.w3.org\/2000\/svg\"><path d=\"M5 12h14\"><\/path><\/svg><\/span><span class=\"gb-headline-text\"><strong>Weitere SERVICES<\/strong><\/span><\/h2>\n\n\n<div class=\"gb-grid-wrapper gb-grid-wrapper-d7d486c0\">\n<div class=\"gb-grid-column gb-grid-column-ca4fe488\"><div class=\"gb-container gb-container-ca4fe488\">\n\n<div class=\"wp-block-cover wp-duotone-unset-1\"><img loading=\"lazy\" decoding=\"async\" width=\"1280\" height=\"853\" class=\"wp-block-cover__image-background wp-image-15217 size-full\" alt=\"KristallTurm Lohnfertigung Holzbearbeitung\" src=\"https:\/\/www.kristallturm.com\/wp-content\/uploads\/2025\/12\/KristallTurm-Lohnfertigung-Holzbearbietung-c-DASKRAFTBILD.jpg\" style=\"object-position:44% 45%\" data-object-fit=\"cover\" data-object-position=\"44% 45%\" srcset=\"https:\/\/www.kristallturm.com\/wp-content\/uploads\/2025\/12\/KristallTurm-Lohnfertigung-Holzbearbietung-c-DASKRAFTBILD.jpg 1280w, https:\/\/www.kristallturm.com\/wp-content\/uploads\/2025\/12\/KristallTurm-Lohnfertigung-Holzbearbietung-c-DASKRAFTBILD-300x200.jpg 300w, https:\/\/www.kristallturm.com\/wp-content\/uploads\/2025\/12\/KristallTurm-Lohnfertigung-Holzbearbietung-c-DASKRAFTBILD-1024x682.jpg 1024w, https:\/\/www.kristallturm.com\/wp-content\/uploads\/2025\/12\/KristallTurm-Lohnfertigung-Holzbearbietung-c-DASKRAFTBILD-768x512.jpg 768w\" sizes=\"auto, (max-width: 1280px) 100vw, 1280px\" \/><span aria-hidden=\"true\" class=\"wp-block-cover__background has-background-dim\" style=\"background-color:#827867\"><\/span><div class=\"wp-block-cover__inner-container is-layout-constrained wp-block-cover-is-layout-constrained\">\n<h3 class=\"gb-headline gb-headline-f4416b8d gb-headline-text\"><strong><a href=\"https:\/\/www.kristallturm.com\/de\/lohnfertigung\/holzbearbeitung\/\" type=\"page\" id=\"15616\">Holzbearbeitung<\/a><\/strong><\/h3>\n\n\n\n<p class=\"has-text-align-center\">Holzabbund<br>CNC Fr\u00e4sen<br>Impr\u00e4gnieren<br>Hobeln \/ Abrichten<\/p>\n<\/div><\/div>\n\n<\/div><\/div>\n\n<div class=\"gb-grid-column gb-grid-column-c5c4621c\"><div class=\"gb-container gb-container-c5c4621c\">\n\n<div class=\"wp-block-cover\"><img loading=\"lazy\" decoding=\"async\" width=\"1280\" height=\"854\" class=\"wp-block-cover__image-background wp-image-15612 size-large\" alt=\"KristallTurm Lohnfertigung Konstruktion\" src=\"https:\/\/www.kristallturm.com\/wp-content\/uploads\/2026\/01\/crop-0-0-1280-854-0-KristallTurm-Lohnfertigung-Konstruktion.jpg\" style=\"object-position:18% 29%\" data-object-fit=\"cover\" data-object-position=\"18% 29%\" srcset=\"https:\/\/www.kristallturm.com\/wp-content\/uploads\/2026\/01\/crop-0-0-1280-854-0-KristallTurm-Lohnfertigung-Konstruktion.jpg 1280w, https:\/\/www.kristallturm.com\/wp-content\/uploads\/2026\/01\/crop-0-0-1280-854-0-KristallTurm-Lohnfertigung-Konstruktion-300x200.jpg 300w, https:\/\/www.kristallturm.com\/wp-content\/uploads\/2026\/01\/crop-0-0-1280-854-0-KristallTurm-Lohnfertigung-Konstruktion-1024x683.jpg 1024w, https:\/\/www.kristallturm.com\/wp-content\/uploads\/2026\/01\/crop-0-0-1280-854-0-KristallTurm-Lohnfertigung-Konstruktion-768x512.jpg 768w\" sizes=\"auto, (max-width: 1280px) 100vw, 1280px\" \/><span aria-hidden=\"true\" class=\"wp-block-cover__background has-contrast-2-background-color has-background-dim\"><\/span><div class=\"wp-block-cover__inner-container is-layout-constrained wp-block-cover-is-layout-constrained\">\n<h3 class=\"gb-headline gb-headline-1f7402dd gb-headline-text\"><strong>KOnstruktion<\/strong><\/h3>\n\n\n\n<p class=\"has-text-align-center\">CAD Bearbeitung Ihrer Dateien<br>Digitalisierung von Handskizzen<\/p>\n<\/div><\/div>\n\n<\/div><\/div>\n\n<div class=\"gb-grid-column gb-grid-column-544ac7c4\"><div class=\"gb-container gb-container-544ac7c4\">\n\n<h3 class=\"gb-headline gb-headline-f7de1d22 gb-headline-text\"><strong>Sie haben Fragen? <\/strong><br><\/h3>\n\n\n\n<p><strong>Dann wenden Sie sich gerne an uns:<\/strong><\/p>\n\n\n\n<p><a href=\"phone:\" type=\"link\" id=\"phone:\">+49 (0) 8042 912530<\/a><\/p>\n\n\n<div class=\"gb-container gb-container-c0004608\">\n\n<a class=\"gb-button gb-button-d9549b3f gb-button-text\" href=\"mailto:office@kristallturm.at\"><strong>office@kristallturm.at<\/strong><\/a>\n\n<\/div>\n\n<div class=\"gb-container gb-container-fa84d644\">\n\n<p><strong>KristallTurm<sup>\u00ae<\/sup> GmbH &amp; Co. KG<\/strong><br>Achenseestra\u00dfe 583<br>6215 Achenkirch<\/p>\n\n<\/div>\n<\/div><\/div>\n<\/div>\n<\/div><\/div>\n<\/div>\n\n\n<p><\/p>\n","protected":false},"excerpt":{"rendered":"<p>KRISTALLTURM\u00ae METALLbearbeitung Laserschneiden, Abkanten und Schwei\u00dfen \u2013 an unserem Standort in Achenkirch unterst\u00fctzen wir Sie mit unserem gro\u00dfen Maschinenpark und jahrelanger Erfahrung in der Metallbearbeitung bei der Umsetzung Ihrer Projekte. Von der ersten Schnittkontur bis zur verschwei\u00dften Baugruppe, immer unter Gew\u00e4hrleistung h\u00f6chster Qualit\u00e4t. Laserschneiden ABKANTEN SchwEI\u00dfen Weitere SERVICES<\/p>\n","protected":false},"author":15,"featured_media":15211,"parent":15205,"menu_order":0,"comment_status":"closed","ping_status":"closed","template":"","meta":{"_acf_changed":false,"_coblocks_attr":"","_coblocks_dimensions":"","_coblocks_responsive_height":"","_coblocks_accordion_ie_support":"","footnotes":""},"class_list":["post-15506","page","type-page","status-publish","has-post-thumbnail"],"acf":[],"yoast_head":"<!-- This site is optimized with the Yoast SEO plugin v27.3 - https:\/\/yoast.com\/product\/yoast-seo-wordpress\/ -->\n<title>KristallTurm\u00ae Lohnfertigung | Metallbearbeitung<\/title>\n<meta name=\"description\" content=\"KristallTurm\u00ae in Achenkirch \u27a4 Metallbearbeitung \u27a4 Plasmaschneiden \u27a4 Laserschneiden \u27a4 Abkanten \u27a4 Schwei\u00dfen \u27a4 weitere Services\" \/>\n<meta name=\"robots\" content=\"index, follow, max-snippet:-1, max-image-preview:large, max-video-preview:-1\" \/>\n<link rel=\"canonical\" href=\"https:\/\/www.kristallturm.com\/de\/holz-metallbearbeitung\/metallbearbeitung\/\" \/>\n<meta property=\"og:locale\" content=\"de_DE\" \/>\n<meta property=\"og:type\" content=\"article\" \/>\n<meta property=\"og:title\" content=\"KristallTurm\u00ae Lohnfertigung | Metallbearbeitung\" \/>\n<meta property=\"og:description\" content=\"KristallTurm\u00ae in Achenkirch \u27a4 Metallbearbeitung \u27a4 Plasmaschneiden \u27a4 Laserschneiden \u27a4 Abkanten \u27a4 Schwei\u00dfen \u27a4 weitere Services\" \/>\n<meta property=\"og:url\" content=\"https:\/\/www.kristallturm.com\/de\/holz-metallbearbeitung\/metallbearbeitung\/\" \/>\n<meta property=\"og:site_name\" content=\"Kristallturm\" \/>\n<meta property=\"article:modified_time\" content=\"2026-02-09T14:13:42+00:00\" \/>\n<meta property=\"og:image\" content=\"https:\/\/www.kristallturm.com\/wp-content\/uploads\/2025\/12\/KristallTurm-Metallarbeit-c-DASKRAFTBILD.jpg\" \/>\n\t<meta property=\"og:image:width\" content=\"1280\" \/>\n\t<meta property=\"og:image:height\" content=\"853\" \/>\n\t<meta property=\"og:image:type\" content=\"image\/jpeg\" \/>\n<meta name=\"twitter:card\" content=\"summary_large_image\" \/>\n<meta name=\"twitter:label1\" content=\"Gesch\u00e4tzte Lesezeit\" \/>\n\t<meta name=\"twitter:data1\" content=\"3\u00a0Minuten\" \/>\n<script type=\"application\/ld+json\" class=\"yoast-schema-graph\">{\"@context\":\"https:\\\/\\\/schema.org\",\"@graph\":[{\"@type\":\"WebPage\",\"@id\":\"https:\\\/\\\/www.kristallturm.com\\\/de\\\/holz-metallbearbeitung\\\/metallbearbeitung\\\/\",\"url\":\"https:\\\/\\\/www.kristallturm.com\\\/de\\\/holz-metallbearbeitung\\\/metallbearbeitung\\\/\",\"name\":\"KristallTurm\u00ae Lohnfertigung | Metallbearbeitung\",\"isPartOf\":{\"@id\":\"https:\\\/\\\/www.kristallturm.com\\\/de\\\/#website\"},\"primaryImageOfPage\":{\"@id\":\"https:\\\/\\\/www.kristallturm.com\\\/de\\\/holz-metallbearbeitung\\\/metallbearbeitung\\\/#primaryimage\"},\"image\":{\"@id\":\"https:\\\/\\\/www.kristallturm.com\\\/de\\\/holz-metallbearbeitung\\\/metallbearbeitung\\\/#primaryimage\"},\"thumbnailUrl\":\"https:\\\/\\\/www.kristallturm.com\\\/wp-content\\\/uploads\\\/2025\\\/12\\\/KristallTurm-Metallarbeit-c-DASKRAFTBILD.jpg\",\"datePublished\":\"2026-01-28T12:05:24+00:00\",\"dateModified\":\"2026-02-09T14:13:42+00:00\",\"description\":\"KristallTurm\u00ae in Achenkirch \u27a4 Metallbearbeitung \u27a4 Plasmaschneiden \u27a4 Laserschneiden \u27a4 Abkanten \u27a4 Schwei\u00dfen \u27a4 weitere Services\",\"breadcrumb\":{\"@id\":\"https:\\\/\\\/www.kristallturm.com\\\/de\\\/holz-metallbearbeitung\\\/metallbearbeitung\\\/#breadcrumb\"},\"inLanguage\":\"de\",\"potentialAction\":[{\"@type\":\"ReadAction\",\"target\":[\"https:\\\/\\\/www.kristallturm.com\\\/de\\\/holz-metallbearbeitung\\\/metallbearbeitung\\\/\"]}]},{\"@type\":\"ImageObject\",\"inLanguage\":\"de\",\"@id\":\"https:\\\/\\\/www.kristallturm.com\\\/de\\\/holz-metallbearbeitung\\\/metallbearbeitung\\\/#primaryimage\",\"url\":\"https:\\\/\\\/www.kristallturm.com\\\/wp-content\\\/uploads\\\/2025\\\/12\\\/KristallTurm-Metallarbeit-c-DASKRAFTBILD.jpg\",\"contentUrl\":\"https:\\\/\\\/www.kristallturm.com\\\/wp-content\\\/uploads\\\/2025\\\/12\\\/KristallTurm-Metallarbeit-c-DASKRAFTBILD.jpg\",\"width\":1280,\"height\":853,\"caption\":\"KristallTurm Lohnfertigung Metallbearbeitung\"},{\"@type\":\"BreadcrumbList\",\"@id\":\"https:\\\/\\\/www.kristallturm.com\\\/de\\\/holz-metallbearbeitung\\\/metallbearbeitung\\\/#breadcrumb\",\"itemListElement\":[{\"@type\":\"ListItem\",\"position\":1,\"name\":\"Home\",\"item\":\"https:\\\/\\\/www.kristallturm.com\\\/de\\\/\"},{\"@type\":\"ListItem\",\"position\":2,\"name\":\"Holz- und Metallbearbeitung\",\"item\":\"https:\\\/\\\/www.kristallturm.com\\\/de\\\/holz-metallbearbeitung\\\/\"},{\"@type\":\"ListItem\",\"position\":3,\"name\":\"Metallbearbeitung\"}]},{\"@type\":\"WebSite\",\"@id\":\"https:\\\/\\\/www.kristallturm.com\\\/de\\\/#website\",\"url\":\"https:\\\/\\\/www.kristallturm.com\\\/de\\\/\",\"name\":\"Kristallturm\",\"description\":\"THE HIGH ROPES COURSE\",\"potentialAction\":[{\"@type\":\"SearchAction\",\"target\":{\"@type\":\"EntryPoint\",\"urlTemplate\":\"https:\\\/\\\/www.kristallturm.com\\\/de\\\/?s={search_term_string}\"},\"query-input\":{\"@type\":\"PropertyValueSpecification\",\"valueRequired\":true,\"valueName\":\"search_term_string\"}}],\"inLanguage\":\"de\"}]}<\/script>\n<!-- \/ Yoast SEO plugin. -->","yoast_head_json":{"title":"KristallTurm\u00ae Lohnfertigung | Metallbearbeitung","description":"KristallTurm\u00ae in Achenkirch \u27a4 Metallbearbeitung \u27a4 Plasmaschneiden \u27a4 Laserschneiden \u27a4 Abkanten \u27a4 Schwei\u00dfen \u27a4 weitere Services","robots":{"index":"index","follow":"follow","max-snippet":"max-snippet:-1","max-image-preview":"max-image-preview:large","max-video-preview":"max-video-preview:-1"},"canonical":"https:\/\/www.kristallturm.com\/de\/holz-metallbearbeitung\/metallbearbeitung\/","og_locale":"de_DE","og_type":"article","og_title":"KristallTurm\u00ae Lohnfertigung | Metallbearbeitung","og_description":"KristallTurm\u00ae in Achenkirch \u27a4 Metallbearbeitung \u27a4 Plasmaschneiden \u27a4 Laserschneiden \u27a4 Abkanten \u27a4 Schwei\u00dfen \u27a4 weitere Services","og_url":"https:\/\/www.kristallturm.com\/de\/holz-metallbearbeitung\/metallbearbeitung\/","og_site_name":"Kristallturm","article_modified_time":"2026-02-09T14:13:42+00:00","og_image":[{"width":1280,"height":853,"url":"https:\/\/www.kristallturm.com\/wp-content\/uploads\/2025\/12\/KristallTurm-Metallarbeit-c-DASKRAFTBILD.jpg","type":"image\/jpeg"}],"twitter_card":"summary_large_image","twitter_misc":{"Gesch\u00e4tzte Lesezeit":"3\u00a0Minuten"},"schema":{"@context":"https:\/\/schema.org","@graph":[{"@type":"WebPage","@id":"https:\/\/www.kristallturm.com\/de\/holz-metallbearbeitung\/metallbearbeitung\/","url":"https:\/\/www.kristallturm.com\/de\/holz-metallbearbeitung\/metallbearbeitung\/","name":"KristallTurm\u00ae Lohnfertigung | Metallbearbeitung","isPartOf":{"@id":"https:\/\/www.kristallturm.com\/de\/#website"},"primaryImageOfPage":{"@id":"https:\/\/www.kristallturm.com\/de\/holz-metallbearbeitung\/metallbearbeitung\/#primaryimage"},"image":{"@id":"https:\/\/www.kristallturm.com\/de\/holz-metallbearbeitung\/metallbearbeitung\/#primaryimage"},"thumbnailUrl":"https:\/\/www.kristallturm.com\/wp-content\/uploads\/2025\/12\/KristallTurm-Metallarbeit-c-DASKRAFTBILD.jpg","datePublished":"2026-01-28T12:05:24+00:00","dateModified":"2026-02-09T14:13:42+00:00","description":"KristallTurm\u00ae in Achenkirch \u27a4 Metallbearbeitung \u27a4 Plasmaschneiden \u27a4 Laserschneiden \u27a4 Abkanten \u27a4 Schwei\u00dfen \u27a4 weitere Services","breadcrumb":{"@id":"https:\/\/www.kristallturm.com\/de\/holz-metallbearbeitung\/metallbearbeitung\/#breadcrumb"},"inLanguage":"de","potentialAction":[{"@type":"ReadAction","target":["https:\/\/www.kristallturm.com\/de\/holz-metallbearbeitung\/metallbearbeitung\/"]}]},{"@type":"ImageObject","inLanguage":"de","@id":"https:\/\/www.kristallturm.com\/de\/holz-metallbearbeitung\/metallbearbeitung\/#primaryimage","url":"https:\/\/www.kristallturm.com\/wp-content\/uploads\/2025\/12\/KristallTurm-Metallarbeit-c-DASKRAFTBILD.jpg","contentUrl":"https:\/\/www.kristallturm.com\/wp-content\/uploads\/2025\/12\/KristallTurm-Metallarbeit-c-DASKRAFTBILD.jpg","width":1280,"height":853,"caption":"KristallTurm Lohnfertigung Metallbearbeitung"},{"@type":"BreadcrumbList","@id":"https:\/\/www.kristallturm.com\/de\/holz-metallbearbeitung\/metallbearbeitung\/#breadcrumb","itemListElement":[{"@type":"ListItem","position":1,"name":"Home","item":"https:\/\/www.kristallturm.com\/de\/"},{"@type":"ListItem","position":2,"name":"Holz- und Metallbearbeitung","item":"https:\/\/www.kristallturm.com\/de\/holz-metallbearbeitung\/"},{"@type":"ListItem","position":3,"name":"Metallbearbeitung"}]},{"@type":"WebSite","@id":"https:\/\/www.kristallturm.com\/de\/#website","url":"https:\/\/www.kristallturm.com\/de\/","name":"Kristallturm","description":"THE HIGH ROPES COURSE","potentialAction":[{"@type":"SearchAction","target":{"@type":"EntryPoint","urlTemplate":"https:\/\/www.kristallturm.com\/de\/?s={search_term_string}"},"query-input":{"@type":"PropertyValueSpecification","valueRequired":true,"valueName":"search_term_string"}}],"inLanguage":"de"}]}},"_links":{"self":[{"href":"https:\/\/www.kristallturm.com\/de\/wp-json\/wp\/v2\/pages\/15506","targetHints":{"allow":["GET"]}}],"collection":[{"href":"https:\/\/www.kristallturm.com\/de\/wp-json\/wp\/v2\/pages"}],"about":[{"href":"https:\/\/www.kristallturm.com\/de\/wp-json\/wp\/v2\/types\/page"}],"author":[{"embeddable":true,"href":"https:\/\/www.kristallturm.com\/de\/wp-json\/wp\/v2\/users\/15"}],"replies":[{"embeddable":true,"href":"https:\/\/www.kristallturm.com\/de\/wp-json\/wp\/v2\/comments?post=15506"}],"version-history":[{"count":31,"href":"https:\/\/www.kristallturm.com\/de\/wp-json\/wp\/v2\/pages\/15506\/revisions"}],"predecessor-version":[{"id":15984,"href":"https:\/\/www.kristallturm.com\/de\/wp-json\/wp\/v2\/pages\/15506\/revisions\/15984"}],"up":[{"embeddable":true,"href":"https:\/\/www.kristallturm.com\/de\/wp-json\/wp\/v2\/pages\/15205"}],"wp:featuredmedia":[{"embeddable":true,"href":"https:\/\/www.kristallturm.com\/de\/wp-json\/wp\/v2\/media\/15211"}],"wp:attachment":[{"href":"https:\/\/www.kristallturm.com\/de\/wp-json\/wp\/v2\/media?parent=15506"}],"curies":[{"name":"wp","href":"https:\/\/api.w.org\/{rel}","templated":true}]}}