{"id":15205,"date":"2026-01-28T13:01:34","date_gmt":"2026-01-28T12:01:34","guid":{"rendered":"https:\/\/www.kristallturm.com\/?page_id=15205"},"modified":"2026-02-09T15:02:31","modified_gmt":"2026-02-09T14:02:31","slug":"holz-metallbearbeitung","status":"publish","type":"page","link":"https:\/\/www.kristallturm.com\/de\/holz-metallbearbeitung\/","title":{"rendered":"Holz- und Metallbearbeitung"},"content":{"rendered":"<div class=\"gb-container gb-container-388c45f2 small-header\"><div class=\"gb-inside-container\"><\/div><\/div>\n\n<div class=\"gb-container gb-container-73fd8e73 spielplatz\"><div class=\"gb-inside-container\">\n\n<h1 class=\"gb-headline gb-headline-eb53bc1a\"><span class=\"gb-icon\"><svg xmlns=\"http:\/\/www.w3.org\/2000\/svg\" width=\"48\" height=\"48\" viewBox=\"0 0 24 24\" fill=\"none\" stroke=\"currentColor\" stroke-width=\"2\" stroke-linecap=\"round\" stroke-linejoin=\"round\" class=\"feather feather-minus\"><path d=\"M5 12h14\"><\/path><\/svg><\/span><span class=\"gb-headline-text\"><strong>KRISTALLTURM<sup>\u00ae<\/sup> HOLZ- und Metallbearbeitung<\/strong><\/span><\/h1>\n\n\n\n<p>Am zweiten <strong>Standort in Achenkirch<\/strong> bietet KristallTurm<sup>\u00ae<\/sup> professionelle <strong>Auftragsfertigung im Holz- und Metallbereich<\/strong>. Hier stehen moderne Maschinen zur Verf\u00fcgung, die bei freier Kapazit\u00e4t auch f\u00fcr eigene Projekte genutzt werden k\u00f6nnen. Neben der reinen Maschinenleistung profitieren unsere Partner von weiteren Services wie der <strong>CAD Bearbeitung von Dateien<\/strong>, der <strong>Digitalisierung von Handskizzen<\/strong> oder der <strong>Beschaffung von Materialien<\/strong> (viele Materialien auch auf Lager).<\/p>\n\n\n\n<h2 class=\"gb-headline gb-headline-74a0fad7\"><span class=\"gb-icon\"><svg class=\"feather feather-minus\" stroke-linejoin=\"round\" stroke-linecap=\"round\" stroke-width=\"2\" stroke=\"currentColor\" fill=\"none\" viewBox=\"0 0 24 24\" height=\"48\" width=\"48\" xmlns=\"http:\/\/www.w3.org\/2000\/svg\"><path d=\"M5 12h14\"><\/path><\/svg><\/span><span class=\"gb-headline-text\"><strong>LIEFERSERVICE<\/strong><\/span><\/h2>\n\n\n\n<p>Gerne liefern wir im Umkreis von 50 km. Die Lieferkosten liegen je nach Entfernung zwischen 30\u20ac und 60\u20ac. Preise sind auf Anfrage erh\u00e4ltlich. Selbstabholung ist nat\u00fcrlich jederzeit an unserem Standort in Achenkirch, aber auch in Lenggries m\u00f6glich.<\/p>\n\n<\/div><\/div>\n\n<div class=\"gb-container gb-container-e307f3c2 filter_spielplatz alignfull\"><div class=\"gb-inside-container\">\n\n<h2 class=\"gb-headline gb-headline-badf4b2b\"><span class=\"gb-icon\"><svg class=\"feather feather-minus\" stroke-linejoin=\"round\" stroke-linecap=\"round\" stroke-width=\"2\" stroke=\"currentColor\" fill=\"none\" viewBox=\"0 0 24 24\" height=\"48\" width=\"48\" xmlns=\"http:\/\/www.w3.org\/2000\/svg\"><path d=\"M5 12h14\"><\/path><\/svg><\/span><span class=\"gb-headline-text\"><strong>SERVICES<\/strong><\/span><\/h2>\n\n\n<div class=\"gb-grid-wrapper gb-grid-wrapper-d7d486c0\">\n<div class=\"gb-grid-column gb-grid-column-ca4fe488\"><div class=\"gb-container gb-container-ca4fe488\">\n\n<div class=\"wp-block-cover wp-duotone-unset-1\"><img loading=\"lazy\" decoding=\"async\" width=\"1280\" height=\"853\" class=\"wp-block-cover__image-background wp-image-15214 size-full\" alt=\"KristallTurm Metallbearbeitung\" src=\"https:\/\/www.kristallturm.com\/wp-content\/uploads\/2025\/12\/crop-0-0-1280-853-0-KristallTurm-Metallarbeit-c-DASKRAFTBILD.jpg\" style=\"object-position:16% 42%\" data-object-fit=\"cover\" data-object-position=\"16% 42%\" srcset=\"https:\/\/www.kristallturm.com\/wp-content\/uploads\/2025\/12\/crop-0-0-1280-853-0-KristallTurm-Metallarbeit-c-DASKRAFTBILD.jpg 1280w, https:\/\/www.kristallturm.com\/wp-content\/uploads\/2025\/12\/crop-0-0-1280-853-0-KristallTurm-Metallarbeit-c-DASKRAFTBILD-300x200.jpg 300w, https:\/\/www.kristallturm.com\/wp-content\/uploads\/2025\/12\/crop-0-0-1280-853-0-KristallTurm-Metallarbeit-c-DASKRAFTBILD-1024x682.jpg 1024w, https:\/\/www.kristallturm.com\/wp-content\/uploads\/2025\/12\/crop-0-0-1280-853-0-KristallTurm-Metallarbeit-c-DASKRAFTBILD-768x512.jpg 768w\" sizes=\"auto, (max-width: 1280px) 100vw, 1280px\" \/><span aria-hidden=\"true\" class=\"wp-block-cover__background has-background-dim\" style=\"background-color:#4a4f55\"><\/span><div class=\"wp-block-cover__inner-container is-layout-constrained wp-block-cover-is-layout-constrained\">\n<h3 class=\"gb-headline gb-headline-f4416b8d gb-headline-text\"><strong><a href=\"https:\/\/www.kristallturm.com\/de\/lohnfertigung\/metallbearbeitung\/\" type=\"page\" id=\"15506\">Metallbearbeitung<\/a><\/strong><\/h3>\n\n\n\n<p class=\"has-text-align-center\">Laserschneiden<br>Abkanten<br>Schwei\u00dfen<\/p>\n<\/div><\/div>\n\n<\/div><\/div>\n\n<div class=\"gb-grid-column gb-grid-column-c5c4621c\"><div class=\"gb-container gb-container-c5c4621c\">\n\n<div class=\"wp-block-cover\"><img loading=\"lazy\" decoding=\"async\" width=\"1024\" height=\"682\" class=\"wp-block-cover__image-background wp-image-15217 size-large\" alt=\"\" src=\"https:\/\/www.kristallturm.com\/wp-content\/uploads\/2025\/12\/KristallTurm-Lohnfertigung-Holzbearbietung-c-DASKRAFTBILD-1024x682.jpg\" data-object-fit=\"cover\" srcset=\"https:\/\/www.kristallturm.com\/wp-content\/uploads\/2025\/12\/KristallTurm-Lohnfertigung-Holzbearbietung-c-DASKRAFTBILD-1024x682.jpg 1024w, https:\/\/www.kristallturm.com\/wp-content\/uploads\/2025\/12\/KristallTurm-Lohnfertigung-Holzbearbietung-c-DASKRAFTBILD-300x200.jpg 300w, https:\/\/www.kristallturm.com\/wp-content\/uploads\/2025\/12\/KristallTurm-Lohnfertigung-Holzbearbietung-c-DASKRAFTBILD-768x512.jpg 768w, https:\/\/www.kristallturm.com\/wp-content\/uploads\/2025\/12\/KristallTurm-Lohnfertigung-Holzbearbietung-c-DASKRAFTBILD.jpg 1280w\" sizes=\"auto, (max-width: 1024px) 100vw, 1024px\" \/><span aria-hidden=\"true\" class=\"wp-block-cover__background has-background-dim\" style=\"background-color:#827867\"><\/span><div class=\"wp-block-cover__inner-container is-layout-constrained wp-block-cover-is-layout-constrained\">\n<h3 class=\"gb-headline gb-headline-1f7402dd gb-headline-text\"><strong><a href=\"https:\/\/www.kristallturm.com\/de\/lohnfertigung\/holzbearbeitung\/\" type=\"page\" id=\"15616\">Holzbearbeitung<\/a><\/strong><\/h3>\n\n\n\n<p class=\"has-text-align-center\">Holzabbund<br>CNC Fr\u00e4sen<br>Impr\u00e4gnieren<br>Hobeln \/ Abrichten<\/p>\n<\/div><\/div>\n\n<\/div><\/div>\n\n<div class=\"gb-grid-column gb-grid-column-04ad2879\"><div class=\"gb-container gb-container-04ad2879\">\n\n<div class=\"wp-block-cover\"><img loading=\"lazy\" decoding=\"async\" width=\"1024\" height=\"683\" class=\"wp-block-cover__image-background wp-image-15596 size-large\" alt=\"KristallTurm Lohnfertigung Konstruktion\" src=\"https:\/\/www.kristallturm.com\/wp-content\/uploads\/2026\/01\/KristallTurm-Lohnfertigung-Konstruktion-1024x683.jpg\" style=\"object-position:6% 47%\" data-object-fit=\"cover\" data-object-position=\"6% 47%\" srcset=\"https:\/\/www.kristallturm.com\/wp-content\/uploads\/2026\/01\/KristallTurm-Lohnfertigung-Konstruktion-1024x683.jpg 1024w, https:\/\/www.kristallturm.com\/wp-content\/uploads\/2026\/01\/KristallTurm-Lohnfertigung-Konstruktion-300x200.jpg 300w, https:\/\/www.kristallturm.com\/wp-content\/uploads\/2026\/01\/KristallTurm-Lohnfertigung-Konstruktion-768x512.jpg 768w, https:\/\/www.kristallturm.com\/wp-content\/uploads\/2026\/01\/KristallTurm-Lohnfertigung-Konstruktion.jpg 1280w\" sizes=\"auto, (max-width: 1024px) 100vw, 1024px\" \/><span aria-hidden=\"true\" class=\"wp-block-cover__background has-contrast-2-background-color has-background-dim\"><\/span><div class=\"wp-block-cover__inner-container is-layout-constrained wp-block-cover-is-layout-constrained\">\n<h3 class=\"gb-headline gb-headline-544e05c3 gb-headline-text\"><strong>KONSTRUKTION<\/strong><\/h3>\n\n\n\n<p class=\"has-text-align-center\">CAD Bearbeitung Ihrer Dateien <br>(alle g\u00e4ngigen Formate)<br>Digitalisierung von Handskizzen <br>(SEMA &amp; cadwork im Holzbau, INVENTOR im Metallbereich)<\/p>\n<\/div><\/div>\n\n<\/div><\/div>\n<\/div>\n<\/div><\/div>\n\n<div class=\"gb-container gb-container-0d6d4860 filter_spielplatz alignfull\"><div class=\"gb-inside-container\">\n\n<h2 class=\"gb-headline gb-headline-e7348952\"><span class=\"gb-icon\"><svg xmlns=\"http:\/\/www.w3.org\/2000\/svg\" width=\"48\" height=\"48\" viewBox=\"0 0 24 24\" fill=\"none\" stroke=\"currentColor\" stroke-width=\"2\" stroke-linecap=\"round\" stroke-linejoin=\"round\" class=\"feather feather-minus\"><path d=\"M5 12h14\"><\/path><\/svg><\/span><span class=\"gb-headline-text\"><strong>KONTAKT &amp; ANFAHRT<\/strong><\/span><\/h2>\n\n\n<div class=\"gb-grid-wrapper gb-grid-wrapper-7cf4276c\">\n<div class=\"gb-grid-column gb-grid-column-66498a50\"><div class=\"gb-container gb-container-66498a50\">\n\n<div style=\"min-height:400px\" data-map-attr=\"\/qaddress\/q:\/qKristallTurm\u00aeGmbH &amp; Co. KG Achenseestra\u00dfe 583 6215 Achenkirch\/q||\/qlat\/q:\/qundefined\/q||\/qlng\/q:\/qundefined\/q||\/qskin\/q:\/qstandard\/q||\/qzoom\/q:\/q12\/q||\/qiconSize\/q:\/q36\/q||\/qmapTypeControl\/q:\/qtrue\/q||\/qzoomControl\/q:\/qtrue\/q||\/qstreetViewControl\/q:\/qtrue\/q||\/qfullscreenControl\/q:\/qtrue\/q\" class=\"wp-block-coblocks-map\"> <div class=\"brlbs-cmpnt-container brlbs-cmpnt-content-blocker brlbs-cmpnt-with-individual-styles\" data-borlabs-cookie-content-blocker-id=\"google-maps\" data-borlabs-cookie-content=\"PGlmcmFtZSB0aXRsZT0iR29vZ2xlIE1hcCIgZnJhbWVib3JkZXI9IjAiIHN0eWxlPSJ3aWR0aDoxMDAlO21pbi1oZWlnaHQ6NDAwcHgiIHNyYz0iaHR0cHM6Ly93d3cuZ29vZ2xlLmNvbS9tYXBzP3E9S3Jpc3RhbGxUdXJtJUMyJUFFR21iSCUyMCUyNiUyMENvLiUyMEtHJTIwQWNoZW5zZWVzdHJhJUMzJTlGZSUyMDU4MyUyMDYyMTUlMjBBY2hlbmtpcmNoJmFtcDtvdXRwdXQ9ZW1iZWQmYW1wO2hsPWRlLURFJmFtcDt6PTEyIj48L2lmcmFtZT4=\"><div class=\"brlbs-cmpnt-cb-preset-b brlbs-cmpnt-cb-google-maps\"> <div class=\"brlbs-cmpnt-cb-thumbnail\" style=\"background-image: url('https:\/\/www.kristallturm.com\/wp-content\/uploads\/borlabs-cookie\/1\/brlbs-cb-google-maps-main.png')\"><\/div> <div class=\"brlbs-cmpnt-cb-main\"> <div class=\"brlbs-cmpnt-cb-content\"> <p class=\"brlbs-cmpnt-cb-description\">Sie sehen gerade einen Platzhalterinhalt von <strong>Google Maps<\/strong>. Um auf den eigentlichen Inhalt zuzugreifen, klicken Sie auf die Schaltfl\u00e4che unten. Bitte beachten Sie, dass dabei Daten an Drittanbieter weitergegeben werden.<\/p> <a class=\"brlbs-cmpnt-cb-provider-toggle\" href=\"#\" data-borlabs-cookie-show-provider-information role=\"button\">Mehr Informationen<\/a> <\/div> <div class=\"brlbs-cmpnt-cb-buttons\"> <a class=\"brlbs-cmpnt-cb-btn\" href=\"#\" data-borlabs-cookie-unblock role=\"button\">Inhalt entsperren<\/a> <a class=\"brlbs-cmpnt-cb-btn\" href=\"#\" data-borlabs-cookie-accept-service role=\"button\" style=\"display: inherit\">Erforderlichen Service akzeptieren und Inhalte entsperren<\/a> <\/div> <\/div> <\/div><\/div><\/div>\n\n<\/div><\/div>\n\n<div class=\"gb-grid-column gb-grid-column-13f4a184\"><div class=\"gb-container gb-container-13f4a184\">\n<div class=\"gb-container gb-container-f5cad6d9\">\n\n<h3 class=\"gb-headline gb-headline-b1ed1aea gb-headline-text\"><strong>Sie haben Fragen? <\/strong><\/h3>\n\n\n\n<p><strong>Dann wenden Sie sich gerne an uns:<\/strong><\/p>\n\n\n<div class=\"gb-container gb-container-7b06e335\">\n\n<a class=\"gb-button gb-button-7a1397c4 gb-button-text\" href=\"tel:+4367764891790\">+49 (0) 8042 912530<\/a>\n\n<\/div>\n\n<div class=\"gb-container gb-container-c0004608\">\n\n<a class=\"gb-button gb-button-d9549b3f gb-button-text\" href=\"mailto:office@kristallturm.at\">office@kristallturm.at<\/a>\n\n<\/div>\n\n<div class=\"gb-container gb-container-fa84d644\">\n\n<p><strong>KristallTurm<sup>\u00ae<\/sup>GmbH &amp; Co. KG<\/strong><br>Achenseestra\u00dfe 583<br>6215 Achenkirch<\/p>\n\n<\/div>\n<\/div>\n<\/div><\/div>\n<\/div>\n<\/div><\/div>\n\n\n<p><\/p>\n","protected":false},"excerpt":{"rendered":"<p>KRISTALLTURM\u00ae HOLZ- und Metallbearbeitung Am zweiten Standort in Achenkirch bietet KristallTurm\u00ae professionelle Auftragsfertigung im Holz- und Metallbereich. Hier stehen moderne Maschinen zur Verf\u00fcgung, die bei freier Kapazit\u00e4t auch f\u00fcr eigene Projekte genutzt werden k\u00f6nnen. Neben der reinen Maschinenleistung profitieren unsere Partner von weiteren Services wie der CAD Bearbeitung von Dateien, der Digitalisierung von Handskizzen oder &#8230; <a title=\"Holz- und Metallbearbeitung\" class=\"read-more\" href=\"https:\/\/www.kristallturm.com\/de\/holz-metallbearbeitung\/\" aria-label=\"Mehr Informationen \u00fcber Holz- und Metallbearbeitung\">Weiterlesen<\/a><\/p>\n","protected":false},"author":15,"featured_media":15635,"parent":0,"menu_order":0,"comment_status":"closed","ping_status":"closed","template":"","meta":{"_acf_changed":false,"_coblocks_attr":"","_coblocks_dimensions":"","_coblocks_responsive_height":"","_coblocks_accordion_ie_support":"","footnotes":""},"class_list":["post-15205","page","type-page","status-publish","has-post-thumbnail"],"acf":[],"yoast_head":"<!-- This site is optimized with the Yoast SEO plugin v27.3 - https:\/\/yoast.com\/product\/yoast-seo-wordpress\/ -->\n<title>KristallTurm\u00ae Holz- &amp; Metallarbeiten<\/title>\n<meta name=\"description\" content=\"KristallTurm\u00ae in Achenkirch \u27a4 Auftragsfertigung im Holz- und Metallbereich \u27a4 gro\u00dfer Maschinenpark \u27a4 Materialbeschaffung \u27a4 weitere Services\" \/>\n<meta name=\"robots\" content=\"index, follow, max-snippet:-1, max-image-preview:large, max-video-preview:-1\" \/>\n<link rel=\"canonical\" href=\"https:\/\/www.kristallturm.com\/de\/holz-metallbearbeitung\/\" \/>\n<meta property=\"og:locale\" content=\"de_DE\" \/>\n<meta property=\"og:type\" content=\"article\" \/>\n<meta property=\"og:title\" content=\"KristallTurm\u00ae Holz- &amp; Metallarbeiten\" \/>\n<meta property=\"og:description\" content=\"KristallTurm\u00ae in Achenkirch \u27a4 Auftragsfertigung im Holz- und Metallbereich \u27a4 gro\u00dfer Maschinenpark \u27a4 Materialbeschaffung \u27a4 weitere Services\" \/>\n<meta property=\"og:url\" content=\"https:\/\/www.kristallturm.com\/de\/holz-metallbearbeitung\/\" \/>\n<meta property=\"og:site_name\" content=\"Kristallturm\" \/>\n<meta property=\"article:modified_time\" content=\"2026-02-09T14:02:31+00:00\" \/>\n<meta property=\"og:image\" content=\"https:\/\/www.kristallturm.com\/wp-content\/uploads\/2026\/01\/220825_Aussenansicht-Halle.jpg\" \/>\n\t<meta property=\"og:image:width\" content=\"1200\" \/>\n\t<meta property=\"og:image:height\" content=\"400\" \/>\n\t<meta property=\"og:image:type\" content=\"image\/jpeg\" \/>\n<meta name=\"twitter:card\" content=\"summary_large_image\" \/>\n<meta name=\"twitter:label1\" content=\"Gesch\u00e4tzte Lesezeit\" \/>\n\t<meta name=\"twitter:data1\" content=\"2\u00a0Minuten\" \/>\n<script type=\"application\/ld+json\" class=\"yoast-schema-graph\">{\"@context\":\"https:\\\/\\\/schema.org\",\"@graph\":[{\"@type\":\"WebPage\",\"@id\":\"https:\\\/\\\/www.kristallturm.com\\\/de\\\/holz-metallbearbeitung\\\/\",\"url\":\"https:\\\/\\\/www.kristallturm.com\\\/de\\\/holz-metallbearbeitung\\\/\",\"name\":\"KristallTurm\u00ae Holz- & Metallarbeiten\",\"isPartOf\":{\"@id\":\"https:\\\/\\\/www.kristallturm.com\\\/de\\\/#website\"},\"primaryImageOfPage\":{\"@id\":\"https:\\\/\\\/www.kristallturm.com\\\/de\\\/holz-metallbearbeitung\\\/#primaryimage\"},\"image\":{\"@id\":\"https:\\\/\\\/www.kristallturm.com\\\/de\\\/holz-metallbearbeitung\\\/#primaryimage\"},\"thumbnailUrl\":\"https:\\\/\\\/www.kristallturm.com\\\/wp-content\\\/uploads\\\/2026\\\/01\\\/220825_Aussenansicht-Halle.jpg\",\"datePublished\":\"2026-01-28T12:01:34+00:00\",\"dateModified\":\"2026-02-09T14:02:31+00:00\",\"description\":\"KristallTurm\u00ae in Achenkirch \u27a4 Auftragsfertigung im Holz- und Metallbereich \u27a4 gro\u00dfer Maschinenpark \u27a4 Materialbeschaffung \u27a4 weitere Services\",\"breadcrumb\":{\"@id\":\"https:\\\/\\\/www.kristallturm.com\\\/de\\\/holz-metallbearbeitung\\\/#breadcrumb\"},\"inLanguage\":\"de\",\"potentialAction\":[{\"@type\":\"ReadAction\",\"target\":[\"https:\\\/\\\/www.kristallturm.com\\\/de\\\/holz-metallbearbeitung\\\/\"]}]},{\"@type\":\"ImageObject\",\"inLanguage\":\"de\",\"@id\":\"https:\\\/\\\/www.kristallturm.com\\\/de\\\/holz-metallbearbeitung\\\/#primaryimage\",\"url\":\"https:\\\/\\\/www.kristallturm.com\\\/wp-content\\\/uploads\\\/2026\\\/01\\\/220825_Aussenansicht-Halle.jpg\",\"contentUrl\":\"https:\\\/\\\/www.kristallturm.com\\\/wp-content\\\/uploads\\\/2026\\\/01\\\/220825_Aussenansicht-Halle.jpg\",\"width\":1200,\"height\":400},{\"@type\":\"BreadcrumbList\",\"@id\":\"https:\\\/\\\/www.kristallturm.com\\\/de\\\/holz-metallbearbeitung\\\/#breadcrumb\",\"itemListElement\":[{\"@type\":\"ListItem\",\"position\":1,\"name\":\"Home\",\"item\":\"https:\\\/\\\/www.kristallturm.com\\\/de\\\/\"},{\"@type\":\"ListItem\",\"position\":2,\"name\":\"Holz- und Metallbearbeitung\"}]},{\"@type\":\"WebSite\",\"@id\":\"https:\\\/\\\/www.kristallturm.com\\\/de\\\/#website\",\"url\":\"https:\\\/\\\/www.kristallturm.com\\\/de\\\/\",\"name\":\"Kristallturm\",\"description\":\"THE HIGH ROPES COURSE\",\"potentialAction\":[{\"@type\":\"SearchAction\",\"target\":{\"@type\":\"EntryPoint\",\"urlTemplate\":\"https:\\\/\\\/www.kristallturm.com\\\/de\\\/?s={search_term_string}\"},\"query-input\":{\"@type\":\"PropertyValueSpecification\",\"valueRequired\":true,\"valueName\":\"search_term_string\"}}],\"inLanguage\":\"de\"}]}<\/script>\n<!-- \/ Yoast SEO plugin. -->","yoast_head_json":{"title":"KristallTurm\u00ae Holz- & Metallarbeiten","description":"KristallTurm\u00ae in Achenkirch \u27a4 Auftragsfertigung im Holz- und Metallbereich \u27a4 gro\u00dfer Maschinenpark \u27a4 Materialbeschaffung \u27a4 weitere Services","robots":{"index":"index","follow":"follow","max-snippet":"max-snippet:-1","max-image-preview":"max-image-preview:large","max-video-preview":"max-video-preview:-1"},"canonical":"https:\/\/www.kristallturm.com\/de\/holz-metallbearbeitung\/","og_locale":"de_DE","og_type":"article","og_title":"KristallTurm\u00ae Holz- & Metallarbeiten","og_description":"KristallTurm\u00ae in Achenkirch \u27a4 Auftragsfertigung im Holz- und Metallbereich \u27a4 gro\u00dfer Maschinenpark \u27a4 Materialbeschaffung \u27a4 weitere Services","og_url":"https:\/\/www.kristallturm.com\/de\/holz-metallbearbeitung\/","og_site_name":"Kristallturm","article_modified_time":"2026-02-09T14:02:31+00:00","og_image":[{"width":1200,"height":400,"url":"https:\/\/www.kristallturm.com\/wp-content\/uploads\/2026\/01\/220825_Aussenansicht-Halle.jpg","type":"image\/jpeg"}],"twitter_card":"summary_large_image","twitter_misc":{"Gesch\u00e4tzte Lesezeit":"2\u00a0Minuten"},"schema":{"@context":"https:\/\/schema.org","@graph":[{"@type":"WebPage","@id":"https:\/\/www.kristallturm.com\/de\/holz-metallbearbeitung\/","url":"https:\/\/www.kristallturm.com\/de\/holz-metallbearbeitung\/","name":"KristallTurm\u00ae Holz- & Metallarbeiten","isPartOf":{"@id":"https:\/\/www.kristallturm.com\/de\/#website"},"primaryImageOfPage":{"@id":"https:\/\/www.kristallturm.com\/de\/holz-metallbearbeitung\/#primaryimage"},"image":{"@id":"https:\/\/www.kristallturm.com\/de\/holz-metallbearbeitung\/#primaryimage"},"thumbnailUrl":"https:\/\/www.kristallturm.com\/wp-content\/uploads\/2026\/01\/220825_Aussenansicht-Halle.jpg","datePublished":"2026-01-28T12:01:34+00:00","dateModified":"2026-02-09T14:02:31+00:00","description":"KristallTurm\u00ae in Achenkirch \u27a4 Auftragsfertigung im Holz- und Metallbereich \u27a4 gro\u00dfer Maschinenpark \u27a4 Materialbeschaffung \u27a4 weitere Services","breadcrumb":{"@id":"https:\/\/www.kristallturm.com\/de\/holz-metallbearbeitung\/#breadcrumb"},"inLanguage":"de","potentialAction":[{"@type":"ReadAction","target":["https:\/\/www.kristallturm.com\/de\/holz-metallbearbeitung\/"]}]},{"@type":"ImageObject","inLanguage":"de","@id":"https:\/\/www.kristallturm.com\/de\/holz-metallbearbeitung\/#primaryimage","url":"https:\/\/www.kristallturm.com\/wp-content\/uploads\/2026\/01\/220825_Aussenansicht-Halle.jpg","contentUrl":"https:\/\/www.kristallturm.com\/wp-content\/uploads\/2026\/01\/220825_Aussenansicht-Halle.jpg","width":1200,"height":400},{"@type":"BreadcrumbList","@id":"https:\/\/www.kristallturm.com\/de\/holz-metallbearbeitung\/#breadcrumb","itemListElement":[{"@type":"ListItem","position":1,"name":"Home","item":"https:\/\/www.kristallturm.com\/de\/"},{"@type":"ListItem","position":2,"name":"Holz- und Metallbearbeitung"}]},{"@type":"WebSite","@id":"https:\/\/www.kristallturm.com\/de\/#website","url":"https:\/\/www.kristallturm.com\/de\/","name":"Kristallturm","description":"THE HIGH ROPES COURSE","potentialAction":[{"@type":"SearchAction","target":{"@type":"EntryPoint","urlTemplate":"https:\/\/www.kristallturm.com\/de\/?s={search_term_string}"},"query-input":{"@type":"PropertyValueSpecification","valueRequired":true,"valueName":"search_term_string"}}],"inLanguage":"de"}]}},"_links":{"self":[{"href":"https:\/\/www.kristallturm.com\/de\/wp-json\/wp\/v2\/pages\/15205","targetHints":{"allow":["GET"]}}],"collection":[{"href":"https:\/\/www.kristallturm.com\/de\/wp-json\/wp\/v2\/pages"}],"about":[{"href":"https:\/\/www.kristallturm.com\/de\/wp-json\/wp\/v2\/types\/page"}],"author":[{"embeddable":true,"href":"https:\/\/www.kristallturm.com\/de\/wp-json\/wp\/v2\/users\/15"}],"replies":[{"embeddable":true,"href":"https:\/\/www.kristallturm.com\/de\/wp-json\/wp\/v2\/comments?post=15205"}],"version-history":[{"count":42,"href":"https:\/\/www.kristallturm.com\/de\/wp-json\/wp\/v2\/pages\/15205\/revisions"}],"predecessor-version":[{"id":15980,"href":"https:\/\/www.kristallturm.com\/de\/wp-json\/wp\/v2\/pages\/15205\/revisions\/15980"}],"wp:featuredmedia":[{"embeddable":true,"href":"https:\/\/www.kristallturm.com\/de\/wp-json\/wp\/v2\/media\/15635"}],"wp:attachment":[{"href":"https:\/\/www.kristallturm.com\/de\/wp-json\/wp\/v2\/media?parent=15205"}],"curies":[{"name":"wp","href":"https:\/\/api.w.org\/{rel}","templated":true}]}}