{"id":1329,"date":"2020-10-01T17:20:15","date_gmt":"2020-10-01T15:20:15","guid":{"rendered":"https:\/\/www.kristallturm.com\/?page_id=1329"},"modified":"2021-03-31T16:59:26","modified_gmt":"2021-03-31T14:59:26","slug":"event-attraktionen","status":"publish","type":"page","link":"https:\/\/www.kristallturm.com\/de\/sport-spiel\/event-attraktionen\/","title":{"rendered":"Event Attraktionen"},"content":{"rendered":"<div class=\"gb-container gb-container-a1ff35e9 event\"><div class=\"gb-inside-container\">\n\n<h1 class=\"gb-headline gb-headline-03dd16d7\"><span class=\"gb-icon\"><svg class=\"feather feather-minus\" stroke-linejoin=\"round\" stroke-linecap=\"round\" stroke-width=\"2\" stroke=\"currentColor\" fill=\"none\" viewBox=\"0 0 24 24\" height=\"48\" width=\"48\" xmlns=\"http:\/\/www.w3.org\/2000\/svg\"><path d=\"M5 12h14\"><\/path><\/svg><\/span><span class=\"gb-headline-text\"><strong>Event ATTRAKTIONEN<\/strong><\/span><\/h1>\n\n\n<div class=\"gb-container gb-container-3579d284\"><div class=\"gb-inside-container\">\n\n<p class=\"has-text-align-left\">KristallTurm<sup>\u00ae<\/sup> bietet verschiedene mobile Attraktionen, mit denen Sie Ihr Event erweitern k\u00f6nnen. Jede unserer Attraktionen bietet Spa\u00df und Abwechslung f\u00fcr Kinder und Erwachsene.&nbsp;Wir erstellen Ihnen gerne ein individuelles Angebot f\u00fcr Ihr Event.<\/p>\n\n<\/div><\/div>\n\n\n<h2 class=\"gb-headline gb-headline-4991269c\"><span class=\"gb-icon\"><svg class=\"feather feather-minus\" stroke-linejoin=\"round\" stroke-linecap=\"round\" stroke-width=\"2\" stroke=\"currentColor\" fill=\"none\" viewBox=\"0 0 24 24\" height=\"48\" width=\"48\" xmlns=\"http:\/\/www.w3.org\/2000\/svg\"><path d=\"M5 12h14\"><\/path><\/svg><\/span><span class=\"gb-headline-text\"><strong>schiffschAUKEL<\/strong><\/span><\/h2>\n\n\n<div class=\"gb-grid-wrapper gb-grid-wrapper-d85f7b8b\">\n<div class=\"gb-grid-column gb-grid-column-77d46416\"><div class=\"gb-container gb-container-77d46416\"><div class=\"gb-inside-container\">\n\n<figure class=\"wp-block-image size-large is-resized\"><img loading=\"lazy\" decoding=\"async\" src=\"https:\/\/www.kristallturm.com\/wp-content\/uploads\/2020\/11\/IMG_1338.jpg\" alt=\"\" class=\"wp-image-2131\" width=\"608\" height=\"405\" srcset=\"https:\/\/www.kristallturm.com\/wp-content\/uploads\/2020\/11\/IMG_1338.jpg 500w, https:\/\/www.kristallturm.com\/wp-content\/uploads\/2020\/11\/IMG_1338-300x200.jpg 300w\" sizes=\"auto, (max-width: 608px) 100vw, 608px\" \/><\/figure>\n\n<\/div><\/div><\/div>\n\n<div class=\"gb-grid-column gb-grid-column-0f5e8186\"><div class=\"gb-container gb-container-0f5e8186\"><div class=\"gb-inside-container\">\n\n<div style=\"height:46px\" aria-hidden=\"true\" class=\"wp-block-spacer\"><\/div>\n\n\n\n<blockquote class=\"wp-block-quote is-layout-flow wp-block-quote-is-layout-flow\"><p>&#8222;<em>Eine altbekannte Attraktion, die schon vielen Volksfestbesuchern eine Menge Spa\u00df eingebracht hat.<\/em>&#8222;<\/p><\/blockquote>\n\n\n\n<div style=\"height:20px\" aria-hidden=\"true\" class=\"wp-block-spacer\"><\/div>\n\n\n\n<p>Die Schiffschaukel ist unser Highlight f\u00fcr jedes Event. Diese wird dementsprechend sowohl von Kindern als auch Erwachsenen gerne genutzt. Die Fahrg\u00e4ste sind dabei mit einem Gurt gesichert und k\u00f6nnen sich zus\u00e4tzlich in Fu\u00dfschlaufen einh\u00e4ngen. Die drei Schaukelgondeln k\u00f6nnen obendrein gleichzeitig besetzt werden. Eine der Gondeln kann sich dabei sogar \u00fcberschlagen, was gerade bei Zuschauern gro\u00dfen Spa\u00df und Freude ausl\u00f6st.&nbsp;<\/p>\n\n<\/div><\/div><\/div>\n<\/div>\n\n\n<div style=\"height:45px\" aria-hidden=\"true\" class=\"wp-block-spacer\"><\/div>\n\n\n\n<h2 class=\"gb-headline gb-headline-4c1658fa\"><span class=\"gb-icon\"><svg class=\"feather feather-minus\" stroke-linejoin=\"round\" stroke-linecap=\"round\" stroke-width=\"2\" stroke=\"currentColor\" fill=\"none\" viewBox=\"0 0 24 24\" height=\"48\" width=\"48\" xmlns=\"http:\/\/www.w3.org\/2000\/svg\"><path d=\"M5 12h14\"><\/path><\/svg><\/span><span class=\"gb-headline-text\"><strong>KLETTERBAUM<\/strong><\/span><\/h2>\n\n\n<div class=\"gb-grid-wrapper gb-grid-wrapper-5af8f81a\">\n<div class=\"gb-grid-column gb-grid-column-6e588054\"><div class=\"gb-container gb-container-6e588054\"><div class=\"gb-inside-container\">\n\n<figure class=\"wp-block-image size-large is-resized\"><img loading=\"lazy\" decoding=\"async\" src=\"https:\/\/www.kristallturm.com\/wp-content\/uploads\/2020\/11\/Attrk.-f.-Events_Kraxlbaum.jpg\" alt=\"\" class=\"wp-image-2133\" width=\"607\" height=\"469\" srcset=\"https:\/\/www.kristallturm.com\/wp-content\/uploads\/2020\/11\/Attrk.-f.-Events_Kraxlbaum.jpg 450w, https:\/\/www.kristallturm.com\/wp-content\/uploads\/2020\/11\/Attrk.-f.-Events_Kraxlbaum-300x232.jpg 300w\" sizes=\"auto, (max-width: 607px) 100vw, 607px\" \/><\/figure>\n\n<\/div><\/div><\/div>\n\n<div class=\"gb-grid-column gb-grid-column-d5fc3f73\"><div class=\"gb-container gb-container-d5fc3f73\"><div class=\"gb-inside-container\">\n\n<p>Unser Special im Bereich Attraktionen f\u00fcr Events ist der Kletterbaum.<\/p>\n\n\n\n<p>Der Kletterbaum ist vor allem bei den Kleinsten beliebt und kann daher auch als Einzelattraktion genutzt werden. Au\u00dferdem eignet er sich prima f\u00fcr Wettbewerbe wie &#8222;Wer erreicht die Spitze schneller&#8220; und ist au\u00dferdem auf Festen ein leicht zu betreuendes Highlight f\u00fcr alle Kinder.<\/p>\n\n\n\n<p>Der Kletterbaum ist ein ca. 10 m hoher, nat\u00fcrlich gewachsener Baumstamm. Dabei dienen auf einer Seite die vorhandenen \u00c4ste als Griffe und Tritte, wohingegen auf der anderen Seite k\u00fcnstliche Klettergriffe angebracht sind. Zus\u00e4tzlich sind die Kletterer \u00fcber den Sicherungsautomaten TOPPAS gesichert. Dar\u00fcber hinaus ist der Kletterbaum durch seine einfache Konstruktion mobil einsetzbar. Das hei\u00dft, er l\u00e4sst sich schnell auf- und abbauen und kann aber auch fest verankert und station\u00e4r betrieben werden.<\/p>\n\n<\/div><\/div><\/div>\n<\/div>\n\n<div class=\"gb-grid-wrapper gb-grid-wrapper-b5db72d9\"><\/div>\n\n\n<div style=\"height:31px\" aria-hidden=\"true\" class=\"wp-block-spacer\"><\/div>\n\n\n<div class=\"gb-button-wrapper gb-button-wrapper-b78bc867\">\n\n<a class=\"gb-button gb-button-2cb4cf4e gb-button-text\" href=\"https:\/\/www.kristallturm.com\/de\/kontakt\/\"><strong>jetzt individuelles angebot f\u00fcr ihr projekt anfordern<\/strong><\/a>\n\n<\/div>\n\n\n<div style=\"height:31px\" aria-hidden=\"true\" class=\"wp-block-spacer\"><\/div>\n\n<\/div><\/div>\n\n\n<p><\/p>\n","protected":false},"excerpt":{"rendered":"<p>Event ATTRAKTIONEN KristallTurm\u00ae bietet verschiedene mobile Attraktionen, mit denen Sie Ihr Event erweitern k\u00f6nnen. Jede unserer Attraktionen bietet Spa\u00df und Abwechslung f\u00fcr Kinder und Erwachsene.&nbsp;Wir erstellen Ihnen gerne ein individuelles Angebot f\u00fcr Ihr Event. schiffschAUKEL KLETTERBAUM<\/p>\n","protected":false},"author":1,"featured_media":0,"parent":1308,"menu_order":0,"comment_status":"closed","ping_status":"closed","template":"","meta":{"_acf_changed":false,"_coblocks_attr":"","_coblocks_dimensions":"","_coblocks_responsive_height":"","_coblocks_accordion_ie_support":"","footnotes":""},"class_list":["post-1329","page","type-page","status-publish"],"acf":[],"yoast_head":"<!-- This site is optimized with the Yoast SEO plugin v27.5 - https:\/\/yoast.com\/product\/yoast-seo-wordpress\/ -->\n<title>KristallTurm\u00ae | Attraktive Event Attraktionen f\u00fcr Ihre Veranstaltung<\/title>\n<meta name=\"description\" content=\"Wir bieten viele Event Attraktionen f\u00fcr Ihre Veranstaltung \u27a4 Schiffschaukel \u27a4 Kletterbaum \u27a4 Jetzt informieren!\" \/>\n<meta name=\"robots\" content=\"index, follow, max-snippet:-1, max-image-preview:large, max-video-preview:-1\" \/>\n<link rel=\"canonical\" href=\"https:\/\/www.kristallturm.com\/de\/sport-spiel\/event-attraktionen\/\" \/>\n<meta property=\"og:locale\" content=\"de_DE\" \/>\n<meta property=\"og:type\" content=\"article\" \/>\n<meta property=\"og:title\" content=\"KristallTurm\u00ae | Attraktive Event Attraktionen f\u00fcr Ihre Veranstaltung\" \/>\n<meta property=\"og:description\" content=\"Wir bieten viele Event Attraktionen f\u00fcr Ihre Veranstaltung \u27a4 Schiffschaukel \u27a4 Kletterbaum \u27a4 Jetzt informieren!\" \/>\n<meta property=\"og:url\" content=\"https:\/\/www.kristallturm.com\/de\/sport-spiel\/event-attraktionen\/\" \/>\n<meta property=\"og:site_name\" content=\"Kristallturm\" \/>\n<meta property=\"article:publisher\" content=\"https:\/\/www.facebook.com\/Kristallturm\/\" \/>\n<meta property=\"article:modified_time\" content=\"2021-03-31T14:59:26+00:00\" \/>\n<meta property=\"og:image\" content=\"https:\/\/www.kristallturm.com\/wp-content\/uploads\/2020\/11\/IMG_1338.jpg\" \/>\n<meta name=\"twitter:card\" content=\"summary_large_image\" \/>\n<meta name=\"twitter:label1\" content=\"Gesch\u00e4tzte Lesezeit\" \/>\n\t<meta name=\"twitter:data1\" content=\"2\u00a0Minuten\" \/>\n<script type=\"application\/ld+json\" class=\"yoast-schema-graph\">{\"@context\":\"https:\\\/\\\/schema.org\",\"@graph\":[{\"@type\":\"WebPage\",\"@id\":\"https:\\\/\\\/www.kristallturm.com\\\/de\\\/sport-spiel\\\/event-attraktionen\\\/\",\"url\":\"https:\\\/\\\/www.kristallturm.com\\\/de\\\/sport-spiel\\\/event-attraktionen\\\/\",\"name\":\"KristallTurm\u00ae | Attraktive Event Attraktionen f\u00fcr Ihre Veranstaltung\",\"isPartOf\":{\"@id\":\"https:\\\/\\\/www.kristallturm.com\\\/de\\\/#website\"},\"primaryImageOfPage\":{\"@id\":\"https:\\\/\\\/www.kristallturm.com\\\/de\\\/sport-spiel\\\/event-attraktionen\\\/#primaryimage\"},\"image\":{\"@id\":\"https:\\\/\\\/www.kristallturm.com\\\/de\\\/sport-spiel\\\/event-attraktionen\\\/#primaryimage\"},\"thumbnailUrl\":\"https:\\\/\\\/www.kristallturm.com\\\/wp-content\\\/uploads\\\/2020\\\/11\\\/IMG_1338.jpg\",\"datePublished\":\"2020-10-01T15:20:15+00:00\",\"dateModified\":\"2021-03-31T14:59:26+00:00\",\"description\":\"Wir bieten viele Event Attraktionen f\u00fcr Ihre Veranstaltung \u27a4 Schiffschaukel \u27a4 Kletterbaum \u27a4 Jetzt informieren!\",\"breadcrumb\":{\"@id\":\"https:\\\/\\\/www.kristallturm.com\\\/de\\\/sport-spiel\\\/event-attraktionen\\\/#breadcrumb\"},\"inLanguage\":\"de\",\"potentialAction\":[{\"@type\":\"ReadAction\",\"target\":[\"https:\\\/\\\/www.kristallturm.com\\\/de\\\/sport-spiel\\\/event-attraktionen\\\/\"]}]},{\"@type\":\"ImageObject\",\"inLanguage\":\"de\",\"@id\":\"https:\\\/\\\/www.kristallturm.com\\\/de\\\/sport-spiel\\\/event-attraktionen\\\/#primaryimage\",\"url\":\"https:\\\/\\\/www.kristallturm.com\\\/wp-content\\\/uploads\\\/2020\\\/11\\\/IMG_1338.jpg\",\"contentUrl\":\"https:\\\/\\\/www.kristallturm.com\\\/wp-content\\\/uploads\\\/2020\\\/11\\\/IMG_1338.jpg\"},{\"@type\":\"BreadcrumbList\",\"@id\":\"https:\\\/\\\/www.kristallturm.com\\\/de\\\/sport-spiel\\\/event-attraktionen\\\/#breadcrumb\",\"itemListElement\":[{\"@type\":\"ListItem\",\"position\":1,\"name\":\"Home\",\"item\":\"https:\\\/\\\/www.kristallturm.com\\\/de\\\/\"},{\"@type\":\"ListItem\",\"position\":2,\"name\":\"Sport &#038; Spiel\",\"item\":\"https:\\\/\\\/www.kristallturm.com\\\/de\\\/sport-spiel\\\/\"},{\"@type\":\"ListItem\",\"position\":3,\"name\":\"Event Attraktionen\"}]},{\"@type\":\"WebSite\",\"@id\":\"https:\\\/\\\/www.kristallturm.com\\\/de\\\/#website\",\"url\":\"https:\\\/\\\/www.kristallturm.com\\\/de\\\/\",\"name\":\"Kristallturm\",\"description\":\"THE HIGH ROPES COURSE\",\"publisher\":{\"@id\":\"https:\\\/\\\/www.kristallturm.com\\\/de\\\/#organization\"},\"potentialAction\":[{\"@type\":\"SearchAction\",\"target\":{\"@type\":\"EntryPoint\",\"urlTemplate\":\"https:\\\/\\\/www.kristallturm.com\\\/de\\\/?s={search_term_string}\"},\"query-input\":{\"@type\":\"PropertyValueSpecification\",\"valueRequired\":true,\"valueName\":\"search_term_string\"}}],\"inLanguage\":\"de\"},{\"@type\":\"Organization\",\"@id\":\"https:\\\/\\\/www.kristallturm.com\\\/de\\\/#organization\",\"name\":\"Kristallturm\",\"url\":\"https:\\\/\\\/www.kristallturm.com\\\/de\\\/\",\"logo\":{\"@type\":\"ImageObject\",\"inLanguage\":\"de\",\"@id\":\"https:\\\/\\\/www.kristallturm.com\\\/de\\\/#\\\/schema\\\/logo\\\/image\\\/\",\"url\":\"https:\\\/\\\/www.kristallturm.com\\\/wp-content\\\/uploads\\\/2020\\\/11\\\/KT_Logo-Zusa_ab-2020_en.png\",\"contentUrl\":\"https:\\\/\\\/www.kristallturm.com\\\/wp-content\\\/uploads\\\/2020\\\/11\\\/KT_Logo-Zusa_ab-2020_en.png\",\"width\":1523,\"height\":806,\"caption\":\"Kristallturm\"},\"image\":{\"@id\":\"https:\\\/\\\/www.kristallturm.com\\\/de\\\/#\\\/schema\\\/logo\\\/image\\\/\"},\"sameAs\":[\"https:\\\/\\\/www.facebook.com\\\/Kristallturm\\\/\",\"https:\\\/\\\/www.instagram.com\\\/kristallturm_germany\\\/\"]}]}<\/script>\n<!-- \/ Yoast SEO plugin. -->","yoast_head_json":{"title":"KristallTurm\u00ae | Attraktive Event Attraktionen f\u00fcr Ihre Veranstaltung","description":"Wir bieten viele Event Attraktionen f\u00fcr Ihre Veranstaltung \u27a4 Schiffschaukel \u27a4 Kletterbaum \u27a4 Jetzt informieren!","robots":{"index":"index","follow":"follow","max-snippet":"max-snippet:-1","max-image-preview":"max-image-preview:large","max-video-preview":"max-video-preview:-1"},"canonical":"https:\/\/www.kristallturm.com\/de\/sport-spiel\/event-attraktionen\/","og_locale":"de_DE","og_type":"article","og_title":"KristallTurm\u00ae | Attraktive Event Attraktionen f\u00fcr Ihre Veranstaltung","og_description":"Wir bieten viele Event Attraktionen f\u00fcr Ihre Veranstaltung \u27a4 Schiffschaukel \u27a4 Kletterbaum \u27a4 Jetzt informieren!","og_url":"https:\/\/www.kristallturm.com\/de\/sport-spiel\/event-attraktionen\/","og_site_name":"Kristallturm","article_publisher":"https:\/\/www.facebook.com\/Kristallturm\/","article_modified_time":"2021-03-31T14:59:26+00:00","og_image":[{"url":"https:\/\/www.kristallturm.com\/wp-content\/uploads\/2020\/11\/IMG_1338.jpg","type":"","width":"","height":""}],"twitter_card":"summary_large_image","twitter_misc":{"Gesch\u00e4tzte Lesezeit":"2\u00a0Minuten"},"schema":{"@context":"https:\/\/schema.org","@graph":[{"@type":"WebPage","@id":"https:\/\/www.kristallturm.com\/de\/sport-spiel\/event-attraktionen\/","url":"https:\/\/www.kristallturm.com\/de\/sport-spiel\/event-attraktionen\/","name":"KristallTurm\u00ae | Attraktive Event Attraktionen f\u00fcr Ihre Veranstaltung","isPartOf":{"@id":"https:\/\/www.kristallturm.com\/de\/#website"},"primaryImageOfPage":{"@id":"https:\/\/www.kristallturm.com\/de\/sport-spiel\/event-attraktionen\/#primaryimage"},"image":{"@id":"https:\/\/www.kristallturm.com\/de\/sport-spiel\/event-attraktionen\/#primaryimage"},"thumbnailUrl":"https:\/\/www.kristallturm.com\/wp-content\/uploads\/2020\/11\/IMG_1338.jpg","datePublished":"2020-10-01T15:20:15+00:00","dateModified":"2021-03-31T14:59:26+00:00","description":"Wir bieten viele Event Attraktionen f\u00fcr Ihre Veranstaltung \u27a4 Schiffschaukel \u27a4 Kletterbaum \u27a4 Jetzt informieren!","breadcrumb":{"@id":"https:\/\/www.kristallturm.com\/de\/sport-spiel\/event-attraktionen\/#breadcrumb"},"inLanguage":"de","potentialAction":[{"@type":"ReadAction","target":["https:\/\/www.kristallturm.com\/de\/sport-spiel\/event-attraktionen\/"]}]},{"@type":"ImageObject","inLanguage":"de","@id":"https:\/\/www.kristallturm.com\/de\/sport-spiel\/event-attraktionen\/#primaryimage","url":"https:\/\/www.kristallturm.com\/wp-content\/uploads\/2020\/11\/IMG_1338.jpg","contentUrl":"https:\/\/www.kristallturm.com\/wp-content\/uploads\/2020\/11\/IMG_1338.jpg"},{"@type":"BreadcrumbList","@id":"https:\/\/www.kristallturm.com\/de\/sport-spiel\/event-attraktionen\/#breadcrumb","itemListElement":[{"@type":"ListItem","position":1,"name":"Home","item":"https:\/\/www.kristallturm.com\/de\/"},{"@type":"ListItem","position":2,"name":"Sport &#038; Spiel","item":"https:\/\/www.kristallturm.com\/de\/sport-spiel\/"},{"@type":"ListItem","position":3,"name":"Event Attraktionen"}]},{"@type":"WebSite","@id":"https:\/\/www.kristallturm.com\/de\/#website","url":"https:\/\/www.kristallturm.com\/de\/","name":"Kristallturm","description":"THE HIGH ROPES COURSE","publisher":{"@id":"https:\/\/www.kristallturm.com\/de\/#organization"},"potentialAction":[{"@type":"SearchAction","target":{"@type":"EntryPoint","urlTemplate":"https:\/\/www.kristallturm.com\/de\/?s={search_term_string}"},"query-input":{"@type":"PropertyValueSpecification","valueRequired":true,"valueName":"search_term_string"}}],"inLanguage":"de"},{"@type":"Organization","@id":"https:\/\/www.kristallturm.com\/de\/#organization","name":"Kristallturm","url":"https:\/\/www.kristallturm.com\/de\/","logo":{"@type":"ImageObject","inLanguage":"de","@id":"https:\/\/www.kristallturm.com\/de\/#\/schema\/logo\/image\/","url":"https:\/\/www.kristallturm.com\/wp-content\/uploads\/2020\/11\/KT_Logo-Zusa_ab-2020_en.png","contentUrl":"https:\/\/www.kristallturm.com\/wp-content\/uploads\/2020\/11\/KT_Logo-Zusa_ab-2020_en.png","width":1523,"height":806,"caption":"Kristallturm"},"image":{"@id":"https:\/\/www.kristallturm.com\/de\/#\/schema\/logo\/image\/"},"sameAs":["https:\/\/www.facebook.com\/Kristallturm\/","https:\/\/www.instagram.com\/kristallturm_germany\/"]}]}},"_links":{"self":[{"href":"https:\/\/www.kristallturm.com\/de\/wp-json\/wp\/v2\/pages\/1329","targetHints":{"allow":["GET"]}}],"collection":[{"href":"https:\/\/www.kristallturm.com\/de\/wp-json\/wp\/v2\/pages"}],"about":[{"href":"https:\/\/www.kristallturm.com\/de\/wp-json\/wp\/v2\/types\/page"}],"author":[{"embeddable":true,"href":"https:\/\/www.kristallturm.com\/de\/wp-json\/wp\/v2\/users\/1"}],"replies":[{"embeddable":true,"href":"https:\/\/www.kristallturm.com\/de\/wp-json\/wp\/v2\/comments?post=1329"}],"version-history":[{"count":53,"href":"https:\/\/www.kristallturm.com\/de\/wp-json\/wp\/v2\/pages\/1329\/revisions"}],"predecessor-version":[{"id":6501,"href":"https:\/\/www.kristallturm.com\/de\/wp-json\/wp\/v2\/pages\/1329\/revisions\/6501"}],"up":[{"embeddable":true,"href":"https:\/\/www.kristallturm.com\/de\/wp-json\/wp\/v2\/pages\/1308"}],"wp:attachment":[{"href":"https:\/\/www.kristallturm.com\/de\/wp-json\/wp\/v2\/media?parent=1329"}],"curies":[{"name":"wp","href":"https:\/\/api.w.org\/{rel}","templated":true}]}}