{"id":1325,"date":"2020-10-01T17:19:29","date_gmt":"2020-10-01T15:19:29","guid":{"rendered":"https:\/\/www.kristallturm.com\/?page_id=1325"},"modified":"2020-12-04T13:57:41","modified_gmt":"2020-12-04T12:57:41","slug":"teambuilding","status":"publish","type":"page","link":"https:\/\/www.kristallturm.com\/de\/sport-spiel\/teambuilding\/","title":{"rendered":"Teambuilding"},"content":{"rendered":"\n<div class=\"gb-container gb-container-41110e95 teambuilding\"><div class=\"gb-inside-container\">\n<div class=\"gb-headline-wrapper gb-headline-wrapper-902a7c8a\"><span class=\"gb-icon\"><svg class=\"feather feather-minus\" stroke-linejoin=\"round\" stroke-linecap=\"round\" stroke-width=\"2\" stroke=\"currentColor\" fill=\"none\" viewBox=\"0 0 24 24\" height=\"48\" width=\"48\" xmlns=\"http:\/\/www.w3.org\/2000\/svg\"><path d=\"M5 12h14\"><\/path><\/svg><\/span><h1 class=\"gb-headline gb-headline-902a7c8a\"><strong>Teambuilding<\/strong><\/h1><\/div>\n\n\n\n<p>Die Teamstationen umfassen verschiedene Elemente, die Zusammenarbeit, Kommunikation und Vertrauen innerhalb eines Teams aufbauen. Die Stationen k\u00f6nnen durch die Zusammenarbeit und durch gegenseitiges Helfen der Teilnehmer \u00fcberwunden werden. Hier wird der Zusammenhalt au\u00dferhalb der gewohnten Umgebung gest\u00e4rkt. Klassische Rollen werden aufgebrochen. Die Teamstationen sprechen vor allem Firmen und Schulen an, die ihren Mitarbeitern bzw. Sch\u00fclern ein besonderes Erlebnis bieten wollen. Schulklassen, Jugend- oder Erwachsenengruppen erlernen durch gezielte Teambuilding Aufgaben, die nur gemeinsam zu bew\u00e4ltigen sind, wichtige Kompetenzen im Umgang mit zum Beispiel Klassenkameraden oder Arbeitskollegen.<\/p>\n\n\n\n<figure class=\"wp-block-gallery aligncenter columns-2 is-cropped wp-block-gallery-1 is-layout-flex wp-block-gallery-is-layout-flex\"><ul class=\"blocks-gallery-grid\"><li class=\"blocks-gallery-item\"><figure><img loading=\"lazy\" decoding=\"async\" width=\"680\" height=\"453\" src=\"https:\/\/www.kristallturm.com\/wp-content\/uploads\/2020\/11\/IMG_0919.jpg\" alt=\"\" data-id=\"3729\" data-full-url=\"https:\/\/www.kristallturm.com\/wp-content\/uploads\/2020\/11\/IMG_0919.jpg\" data-link=\"https:\/\/www.kristallturm.com\/sport-spiel\/teambuilding\/hochseilgarten-lenggries\/#main\" class=\"wp-image-3729\" srcset=\"https:\/\/www.kristallturm.com\/wp-content\/uploads\/2020\/11\/IMG_0919.jpg 680w, https:\/\/www.kristallturm.com\/wp-content\/uploads\/2020\/11\/IMG_0919-300x200.jpg 300w\" sizes=\"auto, (max-width: 680px) 100vw, 680px\" \/><\/figure><\/li><li class=\"blocks-gallery-item\"><figure><img loading=\"lazy\" decoding=\"async\" width=\"600\" height=\"399\" src=\"https:\/\/www.kristallturm.com\/wp-content\/uploads\/2020\/11\/KristallTurm_Bu\u0308kfu\u0308rdo\u0308_Teamspiele_07.jpg\" alt=\"\" data-id=\"2630\" data-full-url=\"https:\/\/www.kristallturm.com\/wp-content\/uploads\/2020\/11\/KristallTurm_Bu\u0308kfu\u0308rdo\u0308_Teamspiele_07.jpg\" data-link=\"https:\/\/www.kristallturm.com\/de\/sport-spiel\/teambuilding\/kristallturm_bu%cc%88kfu%cc%88rdo%cc%88_teamspiele_07\/#main\" class=\"wp-image-2630\" srcset=\"https:\/\/www.kristallturm.com\/wp-content\/uploads\/2020\/11\/KristallTurm_Bu\u0308kfu\u0308rdo\u0308_Teamspiele_07.jpg 600w, https:\/\/www.kristallturm.com\/wp-content\/uploads\/2020\/11\/KristallTurm_Bu\u0308kfu\u0308rdo\u0308_Teamspiele_07-300x200.jpg 300w\" sizes=\"auto, (max-width: 600px) 100vw, 600px\" \/><\/figure><\/li><\/ul><\/figure>\n\n\n\n<div style=\"height:50px\" aria-hidden=\"true\" class=\"wp-block-spacer\"><\/div>\n\n\n\n<div class=\"gb-headline-wrapper gb-headline-wrapper-7264d354\"><span class=\"gb-icon\"><svg class=\"feather feather-minus\" stroke-linejoin=\"round\" stroke-linecap=\"round\" stroke-width=\"2\" stroke=\"currentColor\" fill=\"none\" viewBox=\"0 0 24 24\" height=\"48\" width=\"48\" xmlns=\"http:\/\/www.w3.org\/2000\/svg\"><path d=\"M5 12h14\"><\/path><\/svg><\/span><h2 class=\"gb-headline gb-headline-7264d354\"><strong>Teambuilding &#8211; elemente<\/strong><\/h2><\/div>\n\n\n\n<p class=\"has-text-align-left\">Beim Bau unserer Teambuilding-Elemente verwenden wir hochwertiges und extrem haltbares L\u00e4rchen- und Robinienholz. Neben Standardelementen k\u00f6nnen wir f\u00fcr Sie auch weitere und individuelle Teamstationen planen und umsetzen. Beim Bau sind der Kreativit\u00e4t keine Grenzen gesetzt. Zus\u00e4tzlich bieten wir eine Auswahl an kleinen und einfachen Teambuildingspielen, f\u00fcr die keine festen Aufbauten n\u00f6tig sind. Mit den Materialien lassen sich bekannte Teamspiele wie zum Beispiel Codeknacker, Zauberstab, S\u00e4ureteich, Teamknoten und vieles mehr spielen. <\/p>\n\n\n\n<p>Eine detaillierte Anleitung und Beschreibung zur Ausf\u00fchrung, zum Hintergrund und zum Zweck der jeweiligen Teambuilding-Ma\u00dfnahme wird zu jedem Element bereitgestellt.<\/p>\n\n\n\n<figure class=\"wp-block-image size-large is-resized\"><img loading=\"lazy\" decoding=\"async\" src=\"https:\/\/www.kristallturm.com\/wp-content\/uploads\/2020\/11\/skytown_f1-083.jpg\" alt=\"\" class=\"wp-image-3067\" width=\"1247\" height=\"499\" srcset=\"https:\/\/www.kristallturm.com\/wp-content\/uploads\/2020\/11\/skytown_f1-083.jpg 1024w, https:\/\/www.kristallturm.com\/wp-content\/uploads\/2020\/11\/skytown_f1-083-300x120.jpg 300w, https:\/\/www.kristallturm.com\/wp-content\/uploads\/2020\/11\/skytown_f1-083-768x308.jpg 768w\" sizes=\"auto, (max-width: 1247px) 100vw, 1247px\" \/><\/figure>\n\n\n\n<div style=\"height:29px\" aria-hidden=\"true\" class=\"wp-block-spacer\"><\/div>\n\n\n\n<div class=\"gb-button-wrapper gb-button-wrapper-a4484988\">\n<a class=\"gb-button gb-button-9134bf08\" href=\"https:\/\/www.kristallturm.com\/de\/kontakt\/\"><span class=\"button-text\"><strong>jetzt individuelles Angebot anfragen<\/strong><\/span><\/a>\n<\/div>\n<\/div><\/div>\n","protected":false},"excerpt":{"rendered":"<p>Teambuilding Die Teamstationen umfassen verschiedene Elemente, die Zusammenarbeit, Kommunikation und Vertrauen innerhalb eines Teams aufbauen. Die Stationen k\u00f6nnen durch die Zusammenarbeit und durch gegenseitiges Helfen der Teilnehmer \u00fcberwunden werden. Hier wird der Zusammenhalt au\u00dferhalb der gewohnten Umgebung gest\u00e4rkt. Klassische Rollen werden aufgebrochen. Die Teamstationen sprechen vor allem Firmen und Schulen an, die ihren Mitarbeitern bzw. &#8230; <a title=\"Teambuilding\" class=\"read-more\" href=\"https:\/\/www.kristallturm.com\/de\/sport-spiel\/teambuilding\/\" aria-label=\"Mehr Informationen \u00fcber Teambuilding\">Weiterlesen<\/a><\/p>\n","protected":false},"author":1,"featured_media":0,"parent":1308,"menu_order":0,"comment_status":"closed","ping_status":"closed","template":"","meta":{"_acf_changed":false,"_coblocks_attr":"","_coblocks_dimensions":"","_coblocks_responsive_height":"","_coblocks_accordion_ie_support":"","footnotes":""},"class_list":["post-1325","page","type-page","status-publish"],"acf":[],"yoast_head":"<!-- This site is optimized with the Yoast SEO plugin v27.4 - https:\/\/yoast.com\/product\/yoast-seo-wordpress\/ -->\n<title>KristallTurm\u00ae | Teambuilding<\/title>\n<meta name=\"description\" content=\"Wir bieten viele Teambuilding Elemente und Ideen \u27a4 S\u00e4ureteich \u27a4 Teamknoten \u27a4 Jetzt informieren!\" \/>\n<meta name=\"robots\" content=\"index, follow, max-snippet:-1, max-image-preview:large, max-video-preview:-1\" \/>\n<link rel=\"canonical\" href=\"https:\/\/www.kristallturm.com\/de\/sport-spiel\/teambuilding\/\" \/>\n<meta property=\"og:locale\" content=\"de_DE\" \/>\n<meta property=\"og:type\" content=\"article\" \/>\n<meta property=\"og:title\" content=\"KristallTurm\u00ae | Teambuilding\" \/>\n<meta property=\"og:description\" content=\"Wir bieten viele Teambuilding Elemente und Ideen \u27a4 S\u00e4ureteich \u27a4 Teamknoten \u27a4 Jetzt informieren!\" \/>\n<meta property=\"og:url\" content=\"https:\/\/www.kristallturm.com\/de\/sport-spiel\/teambuilding\/\" \/>\n<meta property=\"og:site_name\" content=\"Kristallturm\" \/>\n<meta property=\"article:modified_time\" content=\"2020-12-04T12:57:41+00:00\" \/>\n<meta property=\"og:image\" content=\"https:\/\/www.kristallturm.com\/wp-content\/uploads\/2020\/11\/IMG_0919.jpg\" \/>\n<meta name=\"twitter:card\" content=\"summary_large_image\" \/>\n<meta name=\"twitter:label1\" content=\"Gesch\u00e4tzte Lesezeit\" \/>\n\t<meta name=\"twitter:data1\" content=\"1\u00a0Minute\" \/>\n<script type=\"application\/ld+json\" class=\"yoast-schema-graph\">{\"@context\":\"https:\\\/\\\/schema.org\",\"@graph\":[{\"@type\":\"WebPage\",\"@id\":\"https:\\\/\\\/www.kristallturm.com\\\/de\\\/sport-spiel\\\/teambuilding\\\/\",\"url\":\"https:\\\/\\\/www.kristallturm.com\\\/de\\\/sport-spiel\\\/teambuilding\\\/\",\"name\":\"KristallTurm\u00ae | Teambuilding\",\"isPartOf\":{\"@id\":\"https:\\\/\\\/www.kristallturm.com\\\/de\\\/#website\"},\"primaryImageOfPage\":{\"@id\":\"https:\\\/\\\/www.kristallturm.com\\\/de\\\/sport-spiel\\\/teambuilding\\\/#primaryimage\"},\"image\":{\"@id\":\"https:\\\/\\\/www.kristallturm.com\\\/de\\\/sport-spiel\\\/teambuilding\\\/#primaryimage\"},\"thumbnailUrl\":\"https:\\\/\\\/www.kristallturm.com\\\/wp-content\\\/uploads\\\/2020\\\/11\\\/IMG_0919.jpg\",\"datePublished\":\"2020-10-01T15:19:29+00:00\",\"dateModified\":\"2020-12-04T12:57:41+00:00\",\"description\":\"Wir bieten viele Teambuilding Elemente und Ideen \u27a4 S\u00e4ureteich \u27a4 Teamknoten \u27a4 Jetzt informieren!\",\"breadcrumb\":{\"@id\":\"https:\\\/\\\/www.kristallturm.com\\\/de\\\/sport-spiel\\\/teambuilding\\\/#breadcrumb\"},\"inLanguage\":\"de\",\"potentialAction\":[{\"@type\":\"ReadAction\",\"target\":[\"https:\\\/\\\/www.kristallturm.com\\\/de\\\/sport-spiel\\\/teambuilding\\\/\"]}]},{\"@type\":\"ImageObject\",\"inLanguage\":\"de\",\"@id\":\"https:\\\/\\\/www.kristallturm.com\\\/de\\\/sport-spiel\\\/teambuilding\\\/#primaryimage\",\"url\":\"https:\\\/\\\/www.kristallturm.com\\\/wp-content\\\/uploads\\\/2020\\\/11\\\/IMG_0919.jpg\",\"contentUrl\":\"https:\\\/\\\/www.kristallturm.com\\\/wp-content\\\/uploads\\\/2020\\\/11\\\/IMG_0919.jpg\"},{\"@type\":\"BreadcrumbList\",\"@id\":\"https:\\\/\\\/www.kristallturm.com\\\/de\\\/sport-spiel\\\/teambuilding\\\/#breadcrumb\",\"itemListElement\":[{\"@type\":\"ListItem\",\"position\":1,\"name\":\"Home\",\"item\":\"https:\\\/\\\/www.kristallturm.com\\\/de\\\/\"},{\"@type\":\"ListItem\",\"position\":2,\"name\":\"Sport &#038; Spiel\",\"item\":\"https:\\\/\\\/www.kristallturm.com\\\/de\\\/sport-spiel\\\/\"},{\"@type\":\"ListItem\",\"position\":3,\"name\":\"Teambuilding\"}]},{\"@type\":\"WebSite\",\"@id\":\"https:\\\/\\\/www.kristallturm.com\\\/de\\\/#website\",\"url\":\"https:\\\/\\\/www.kristallturm.com\\\/de\\\/\",\"name\":\"Kristallturm\",\"description\":\"THE HIGH ROPES COURSE\",\"potentialAction\":[{\"@type\":\"SearchAction\",\"target\":{\"@type\":\"EntryPoint\",\"urlTemplate\":\"https:\\\/\\\/www.kristallturm.com\\\/de\\\/?s={search_term_string}\"},\"query-input\":{\"@type\":\"PropertyValueSpecification\",\"valueRequired\":true,\"valueName\":\"search_term_string\"}}],\"inLanguage\":\"de\"}]}<\/script>\n<!-- \/ Yoast SEO plugin. -->","yoast_head_json":{"title":"KristallTurm\u00ae | Teambuilding","description":"Wir bieten viele Teambuilding Elemente und Ideen \u27a4 S\u00e4ureteich \u27a4 Teamknoten \u27a4 Jetzt informieren!","robots":{"index":"index","follow":"follow","max-snippet":"max-snippet:-1","max-image-preview":"max-image-preview:large","max-video-preview":"max-video-preview:-1"},"canonical":"https:\/\/www.kristallturm.com\/de\/sport-spiel\/teambuilding\/","og_locale":"de_DE","og_type":"article","og_title":"KristallTurm\u00ae | Teambuilding","og_description":"Wir bieten viele Teambuilding Elemente und Ideen \u27a4 S\u00e4ureteich \u27a4 Teamknoten \u27a4 Jetzt informieren!","og_url":"https:\/\/www.kristallturm.com\/de\/sport-spiel\/teambuilding\/","og_site_name":"Kristallturm","article_modified_time":"2020-12-04T12:57:41+00:00","og_image":[{"url":"https:\/\/www.kristallturm.com\/wp-content\/uploads\/2020\/11\/IMG_0919.jpg","type":"","width":"","height":""}],"twitter_card":"summary_large_image","twitter_misc":{"Gesch\u00e4tzte Lesezeit":"1\u00a0Minute"},"schema":{"@context":"https:\/\/schema.org","@graph":[{"@type":"WebPage","@id":"https:\/\/www.kristallturm.com\/de\/sport-spiel\/teambuilding\/","url":"https:\/\/www.kristallturm.com\/de\/sport-spiel\/teambuilding\/","name":"KristallTurm\u00ae | Teambuilding","isPartOf":{"@id":"https:\/\/www.kristallturm.com\/de\/#website"},"primaryImageOfPage":{"@id":"https:\/\/www.kristallturm.com\/de\/sport-spiel\/teambuilding\/#primaryimage"},"image":{"@id":"https:\/\/www.kristallturm.com\/de\/sport-spiel\/teambuilding\/#primaryimage"},"thumbnailUrl":"https:\/\/www.kristallturm.com\/wp-content\/uploads\/2020\/11\/IMG_0919.jpg","datePublished":"2020-10-01T15:19:29+00:00","dateModified":"2020-12-04T12:57:41+00:00","description":"Wir bieten viele Teambuilding Elemente und Ideen \u27a4 S\u00e4ureteich \u27a4 Teamknoten \u27a4 Jetzt informieren!","breadcrumb":{"@id":"https:\/\/www.kristallturm.com\/de\/sport-spiel\/teambuilding\/#breadcrumb"},"inLanguage":"de","potentialAction":[{"@type":"ReadAction","target":["https:\/\/www.kristallturm.com\/de\/sport-spiel\/teambuilding\/"]}]},{"@type":"ImageObject","inLanguage":"de","@id":"https:\/\/www.kristallturm.com\/de\/sport-spiel\/teambuilding\/#primaryimage","url":"https:\/\/www.kristallturm.com\/wp-content\/uploads\/2020\/11\/IMG_0919.jpg","contentUrl":"https:\/\/www.kristallturm.com\/wp-content\/uploads\/2020\/11\/IMG_0919.jpg"},{"@type":"BreadcrumbList","@id":"https:\/\/www.kristallturm.com\/de\/sport-spiel\/teambuilding\/#breadcrumb","itemListElement":[{"@type":"ListItem","position":1,"name":"Home","item":"https:\/\/www.kristallturm.com\/de\/"},{"@type":"ListItem","position":2,"name":"Sport &#038; Spiel","item":"https:\/\/www.kristallturm.com\/de\/sport-spiel\/"},{"@type":"ListItem","position":3,"name":"Teambuilding"}]},{"@type":"WebSite","@id":"https:\/\/www.kristallturm.com\/de\/#website","url":"https:\/\/www.kristallturm.com\/de\/","name":"Kristallturm","description":"THE HIGH ROPES COURSE","potentialAction":[{"@type":"SearchAction","target":{"@type":"EntryPoint","urlTemplate":"https:\/\/www.kristallturm.com\/de\/?s={search_term_string}"},"query-input":{"@type":"PropertyValueSpecification","valueRequired":true,"valueName":"search_term_string"}}],"inLanguage":"de"}]}},"_links":{"self":[{"href":"https:\/\/www.kristallturm.com\/de\/wp-json\/wp\/v2\/pages\/1325","targetHints":{"allow":["GET"]}}],"collection":[{"href":"https:\/\/www.kristallturm.com\/de\/wp-json\/wp\/v2\/pages"}],"about":[{"href":"https:\/\/www.kristallturm.com\/de\/wp-json\/wp\/v2\/types\/page"}],"author":[{"embeddable":true,"href":"https:\/\/www.kristallturm.com\/de\/wp-json\/wp\/v2\/users\/1"}],"replies":[{"embeddable":true,"href":"https:\/\/www.kristallturm.com\/de\/wp-json\/wp\/v2\/comments?post=1325"}],"version-history":[{"count":25,"href":"https:\/\/www.kristallturm.com\/de\/wp-json\/wp\/v2\/pages\/1325\/revisions"}],"predecessor-version":[{"id":4770,"href":"https:\/\/www.kristallturm.com\/de\/wp-json\/wp\/v2\/pages\/1325\/revisions\/4770"}],"up":[{"embeddable":true,"href":"https:\/\/www.kristallturm.com\/de\/wp-json\/wp\/v2\/pages\/1308"}],"wp:attachment":[{"href":"https:\/\/www.kristallturm.com\/de\/wp-json\/wp\/v2\/media?parent=1325"}],"curies":[{"name":"wp","href":"https:\/\/api.w.org\/{rel}","templated":true}]}}