{"id":1295,"date":"2020-10-01T11:12:43","date_gmt":"2020-10-01T09:12:43","guid":{"rendered":"https:\/\/www.kristallturm.com\/?page_id=1295"},"modified":"2026-04-14T09:22:36","modified_gmt":"2026-04-14T07:22:36","slug":"bergbahnen","status":"publish","type":"page","link":"https:\/\/www.kristallturm.com\/de\/bergbahnen\/","title":{"rendered":"Bergbahnen"},"content":{"rendered":"<div class=\"gb-container gb-container-b394fb29 alignfull\"><div class=\"gb-inside-container\">\n\n<div class=\"wp-block-media-text has-media-on-the-right is-stacked-on-mobile is-style-default has-base-background-color has-background\"><div class=\"wp-block-media-text__content\"><div class=\"gb-container gb-container-e0fdf877\">\n\n<h1 class=\"gb-headline gb-headline-447e5f68\"><span class=\"gb-icon\"><svg viewBox=\"0 0 36.7 3\" xmlns=\"http:\/\/www.w3.org\/2000\/svg\"><path d=\"M0 0h36.7v3H0z\"><\/path><\/svg><\/span><span class=\"gb-headline-text\">DIE PROFITABELSTE FL\u00c4CHE AUF DEINEM BERG<\/span><\/h1>\n\n\n\n<p class=\"gb-headline gb-headline-56089a26 gb-headline-text\"><strong>SO WIRD DER SOMMER ZUR HAUPTSAISON.<\/strong><\/p>\n\n\n\n<p>Ein KristallTurm<sup>\u00ae<\/sup> Hochseilgarten bietet Ski- und Wandergebieten ein einzigartiges Gesch\u00e4ftsmodell, um das Potenzial am Berg in den Sommer- und \u00dcbergangsmonaten voll auszusch\u00f6pfen. F\u00fcr schnellen ROI, mehr Auslastung von Bergbahn und Gastronomie und eine Maximierung der Zielgruppe.<\/p>\n\n<\/div><\/div><figure class=\"wp-block-media-text__media\"><img loading=\"lazy\" decoding=\"async\" width=\"760\" height=\"506\" src=\"https:\/\/www.kristallturm.com\/wp-content\/uploads\/2024\/08\/KristallTurm-KT-18-high-ropes-course-Flumserberg-Switzerland.jpg\" alt=\"\" class=\"wp-image-10648 size-full\" srcset=\"https:\/\/www.kristallturm.com\/wp-content\/uploads\/2024\/08\/KristallTurm-KT-18-high-ropes-course-Flumserberg-Switzerland.jpg 760w, https:\/\/www.kristallturm.com\/wp-content\/uploads\/2024\/08\/KristallTurm-KT-18-high-ropes-course-Flumserberg-Switzerland-300x200.jpg 300w\" sizes=\"auto, (max-width: 760px) 100vw, 760px\" \/><\/figure><\/div>\n\n<\/div><\/div>\n\n<div class=\"gb-container gb-container-4dc043b9\"><div class=\"gb-inside-container\">\n\n<h1 class=\"gb-headline gb-headline-fa5f7a94\"><span class=\"gb-icon\"><svg xmlns=\"http:\/\/www.w3.org\/2000\/svg\" width=\"48\" height=\"48\" viewBox=\"0 0 24 24\" fill=\"none\" stroke=\"currentColor\" stroke-width=\"2\" stroke-linecap=\"round\" stroke-linejoin=\"round\" class=\"feather feather-minus\"><path d=\"M5 12h14\"><\/path><\/svg><\/span><span class=\"gb-headline-text\"><strong>DER HOCHSEILGARTEN-EFFEKT<\/strong><\/span><\/h1>\n\n\n\n<p class=\"gb-headline gb-headline-03494006 gb-headline-text\"><strong>EIN GAST KOMMT SELTEN ALLEIN<\/strong><\/p>\n\n\n<div class=\"gb-grid-wrapper gb-grid-wrapper-25143de8\">\n<div class=\"gb-grid-column gb-grid-column-6d1bf78e\"><div class=\"gb-container gb-container-6d1bf78e\"><div class=\"gb-inside-container\">\n<div class=\"wp-block-image is-resized\">\n<figure class=\"aligncenter size-large\"><img loading=\"lazy\" decoding=\"async\" width=\"195\" height=\"208\" src=\"https:\/\/www.kristallturm.com\/wp-content\/uploads\/2020\/12\/Gondel.png\" alt=\"\" class=\"wp-image-4946\"\/><\/figure><\/div>\n\n\n<div style=\"height:20px\" aria-hidden=\"true\" class=\"wp-block-spacer\"><\/div>\n\n\n\n<p class=\"gb-headline gb-headline-004fa722 gb-headline-text\"><strong>AUSLASTUNG DER BERGBAHN<\/strong><\/p>\n\n\n\n<p class=\"has-text-align-center\">100% der Kletterg\u00e4ste nutzen die Bergbahn. Ein Klettergast bringt im Schnitt 1\u20132 Begleitpersonen mit (Familie oder Freunde), die die Angebote am Berg ebenfalls nutzen.<\/p>\n\n<\/div><\/div><\/div>\n\n<div class=\"gb-grid-column gb-grid-column-092b2e03\"><div class=\"gb-container gb-container-092b2e03\"><div class=\"gb-inside-container\">\n<div class=\"wp-block-image is-resized\">\n<figure class=\"aligncenter size-full\"><img loading=\"lazy\" decoding=\"async\" width=\"332\" height=\"353\" src=\"https:\/\/www.kristallturm.com\/wp-content\/uploads\/2026\/02\/Familie.png\" alt=\"Icon Zielgruppe\" class=\"wp-image-16172\" style=\"width:229px;height:auto\" srcset=\"https:\/\/www.kristallturm.com\/wp-content\/uploads\/2026\/02\/Familie.png 332w, https:\/\/www.kristallturm.com\/wp-content\/uploads\/2026\/02\/Familie-282x300.png 282w\" sizes=\"auto, (max-width: 332px) 100vw, 332px\" \/><\/figure><\/div>\n\n\n<div style=\"height:20px\" aria-hidden=\"true\" class=\"wp-block-spacer\"><\/div>\n\n\n\n<p class=\"has-text-align-center\"><strong>BREITE ZIELGRUPPE &#8211; VOM KLEINKIND BIS ZU DEN GROSSELTERN<\/strong><\/p>\n\n\n\n<p class=\"has-text-align-center\">Ein Hochseilgarten mit Kinderparcours oder in Kombination mit einem Spielplatz spricht diverse Zielgruppen in allen Altersstufen an.<\/p>\n\n<\/div><\/div><\/div>\n\n<div class=\"gb-grid-column gb-grid-column-8683f206\"><div class=\"gb-container gb-container-8683f206\"><div class=\"gb-inside-container\">\n<div class=\"wp-block-image is-resized\">\n<figure class=\"aligncenter size-large\"><img loading=\"lazy\" decoding=\"async\" width=\"195\" height=\"208\" src=\"https:\/\/www.kristallturm.com\/wp-content\/uploads\/2020\/12\/Gastronomie.png\" alt=\"\" class=\"wp-image-4950\"\/><\/figure><\/div>\n\n\n<div style=\"height:20px\" aria-hidden=\"true\" class=\"wp-block-spacer\"><\/div>\n\n\n\n<p class=\"has-text-align-center\"><strong>AUSLASTUNG DER VORHANDENEN INFRASTRUKTUR<\/strong><\/p>\n\n\n\n<p class=\"has-text-align-center\">Die Auslastung der vorhandenen Infrastruktur, insbesondere der Gastronomie, wird erh\u00f6ht.<\/p>\n\n<\/div><\/div><\/div>\n\n<div class=\"gb-grid-column gb-grid-column-643d6991\"><div class=\"gb-container gb-container-643d6991\"><div class=\"gb-inside-container\">\n<div class=\"wp-block-image is-resized\">\n<figure class=\"aligncenter size-large\"><img loading=\"lazy\" decoding=\"async\" width=\"200\" height=\"212\" src=\"https:\/\/www.kristallturm.com\/wp-content\/uploads\/2020\/12\/Besucher.png\" alt=\"\" class=\"wp-image-4952\"\/><\/figure><\/div>\n\n\n<div style=\"height:20px\" aria-hidden=\"true\" class=\"wp-block-spacer\"><\/div>\n\n\n\n<p class=\"has-text-align-center\"><strong>MITARBEITERBINDUNG<\/strong><\/p>\n\n\n\n<p class=\"has-text-align-center\">Besch\u00e4ftige deine Mitarbeiter auch nach dem Winter weiter. Ein Benefit f\u00fcr alle Beteiligten.<\/p>\n\n<\/div><\/div><\/div>\n<\/div>\n\n\n<div style=\"height:80px\" aria-hidden=\"true\" class=\"wp-block-spacer\"><\/div>\n\n\n<div class=\"gb-button-wrapper gb-button-wrapper-4b74cd78\">\n\n<a class=\"gb-button gb-button-e09f8923 gb-button-text\" href=\"https:\/\/www.kristallturm.com\/de\/hochseilgaerten\/\">jetzt WIRTSCHAFTLICHTKEIT BERECHNEN<\/a>\n\n<\/div>\n\n\n<div style=\"height:78px\" aria-hidden=\"true\" class=\"wp-block-spacer\"><\/div>\n\n\n\n<h2 class=\"gb-headline gb-headline-30245dfd\"><span class=\"gb-icon\"><svg xmlns=\"http:\/\/www.w3.org\/2000\/svg\" width=\"48\" height=\"48\" viewBox=\"0 0 24 24\" fill=\"none\" stroke=\"currentColor\" stroke-width=\"2\" stroke-linecap=\"round\" stroke-linejoin=\"round\" class=\"feather feather-minus\"><path d=\"M5 12h14\"><\/path><\/svg><\/span><span class=\"gb-headline-text\"><strong>90% VON Dem, was Du brauchst, ist schon da. <\/strong><\/span><\/h2>\n\n\n\n<p>Ein Hochseilgarten nutzt die vorhandenen Strukturen am Berg: Personal, Marketing, Buchhaltung sowie Infrastruktur wie Bergbahn, Gastronomie und sanit\u00e4re Anlagen. <strong>Wir bauen auf dem auf, was bereits da ist \u2013 und verwandeln es in messbaren Sommer-Profit.<\/strong><br><\/p>\n\n\n\n<div style=\"height:80px\" aria-hidden=\"true\" class=\"wp-block-spacer\"><\/div>\n\n\n\n<h1 class=\"gb-headline gb-headline-97b17c71\"><span class=\"gb-icon\"><svg xmlns=\"http:\/\/www.w3.org\/2000\/svg\" width=\"48\" height=\"48\" viewBox=\"0 0 24 24\" fill=\"none\" stroke=\"currentColor\" stroke-width=\"2\" stroke-linecap=\"round\" stroke-linejoin=\"round\" class=\"feather feather-minus\"><path d=\"M5 12h14\"><\/path><\/svg><\/span><span class=\"gb-headline-text\"><strong>RUTSCHEN-ABENTEUERPFAD<\/strong><\/span><\/h1>\n\n\n\n<p>Neben Hochseilg\u00e4rten bieten wir zusammen mit Wiegand, dem f\u00fchrenden Hersteller von Rutschen und Sommerrodelbahnenf\u00fcr, ein einzigartiges Konzept die Belebung Ihres Wandergebietes. Die&nbsp;Kombination aus Rutschen und <a href=\"https:\/\/www.kristallturm.com\/de\/sport-spiel\/abenteuerpfad\/\">Abenteuerpfad<\/a> wird zum Highlight in Ihrer Region. Schulklassen, Familien mit Kindern, Vereine und Bergenthusiasten erleben gemeinsam in der Natur auf spielerische Weise die Dimensionen von Gleichgewicht, \u00dcberwindung und unvergesslichen Klettererlebnissen. Ob durch die R\u00f6hre, auf der Breitwelle oder nahezu im freien Fall hinab &#8211; der rasante Rutsch ins Tal ist immer ein Spa\u00dfgarant.<\/p>\n\n\n\n<p>Zusammen mit Ihnen planen wir in Kooperation mit Wiegand in Ihrem Wandergebiet aktive Mitmach-Attraktionen f\u00fcr die ganze Familie. Nat\u00fcrlich sch\u00f6n und dezent in die Natur integriert. So werden die Vorz\u00fcge Ihres Wandergebietes besonders hervorgehoben und bringen Spa\u00df f\u00fcr Gro\u00df und Klein.<\/p>\n\n\n\n<figure class=\"wp-block-gallery has-nested-images columns-default is-cropped wp-block-gallery-1 is-layout-flex wp-block-gallery-is-layout-flex\">\n<figure class=\"wp-block-image size-large\"><img loading=\"lazy\" decoding=\"async\" width=\"500\" height=\"333\" data-id=\"4958\" src=\"https:\/\/www.kristallturm.com\/wp-content\/uploads\/2020\/12\/\u00a9Wildkogel-ArenaNeukirchenBramberg-03-Kopie.jpg\" alt=\"\" class=\"wp-image-4958\" srcset=\"https:\/\/www.kristallturm.com\/wp-content\/uploads\/2020\/12\/\u00a9Wildkogel-ArenaNeukirchenBramberg-03-Kopie.jpg 500w, https:\/\/www.kristallturm.com\/wp-content\/uploads\/2020\/12\/\u00a9Wildkogel-ArenaNeukirchenBramberg-03-Kopie-300x200.jpg 300w\" sizes=\"auto, (max-width: 500px) 100vw, 500px\" \/><\/figure>\n\n\n\n<figure class=\"wp-block-image size-large\"><img loading=\"lazy\" decoding=\"async\" width=\"700\" height=\"333\" data-id=\"4960\" src=\"https:\/\/www.kristallturm.com\/wp-content\/uploads\/2020\/12\/7.00.03-Abenteuerpfad-Nautik.jpg\" alt=\"\" class=\"wp-image-4960\" srcset=\"https:\/\/www.kristallturm.com\/wp-content\/uploads\/2020\/12\/7.00.03-Abenteuerpfad-Nautik.jpg 700w, https:\/\/www.kristallturm.com\/wp-content\/uploads\/2020\/12\/7.00.03-Abenteuerpfad-Nautik-300x143.jpg 300w\" sizes=\"auto, (max-width: 700px) 100vw, 700px\" \/><\/figure>\n<\/figure>\n\n\n\n<div style=\"height:33px\" aria-hidden=\"true\" class=\"wp-block-spacer\"><\/div>\n\n<\/div><\/div>\n\n<div class=\"gb-container gb-container-ece8b38f\"><div class=\"gb-inside-container\">\n\n<h3 class=\"gb-headline gb-headline-6a956b1b\"><span class=\"gb-icon\"><svg class=\"feather feather-minus\" stroke-linejoin=\"round\" stroke-linecap=\"round\" stroke-width=\"2\" stroke=\"currentColor\" fill=\"none\" viewBox=\"0 0 24 24\" height=\"48\" width=\"48\" xmlns=\"http:\/\/www.w3.org\/2000\/svg\"><path d=\"M5 12h14\"><\/path><\/svg><\/span><span class=\"gb-headline-text\">projektreferenz<br><strong>CLIIMBER, FLUMSERBERG, SCHWEIZ<\/strong><\/span><\/h3>\n\n\n\n<p>Der KristallTurm<sup>\u00ae<\/sup>&nbsp;Hochseilgarten Cliimber in 1.600 m u. M. auf dem Flumserberg ist DIE Sommerattraktion f\u00fcr Spa\u00df und Nervenkitzel auf der Prodalp. Die 90 Kletterstationen auf drei Ebenen, kombiniert mit einer Eventplattform, einem Flying Fox, einer Kletterwand, einer Riesenschaukel und einem Kinderparcours mit weiteren 19 Elementen bieten jede Menge Abwechslung f\u00fcr Gro\u00df und Klein. Durch ihn wird die Bergbahn auch in den Sommermonaten ausgelastet.<\/p>\n\n\n\n<h2 class=\"gb-headline gb-headline-9775d3e5 gb-headline-text\"><strong>Eckdaten<\/strong><\/h2>\n\n\n\n<figure class=\"wp-block-table eckdaten\"><table><tbody><tr><td><strong>Location<\/strong><\/td><td>Bergstation Flumserberg<\/td><\/tr><tr><td><strong>Er\u00f6ffnung<\/strong><\/td><td>Mai 2012<\/td><\/tr><tr><td><strong>Gr\u00f6\u00dfe<\/strong><\/td><td>18-Mast Hochseilgarten (KT-18), 3 Ebenen, 109 Kletterstationen<\/td><\/tr><tr><td><strong>Anbauteile<\/strong><\/td><td>Eventplattform, 6 Flying Fox-Linien, Kletterwand, Abseilstation, Trust Jump, Kinderparcours<\/td><\/tr><tr><td><strong>Betrieb<\/strong><\/td><td>Juni bis Oktober<\/td><\/tr><\/tbody><\/table><\/figure>\n\n\n\n<figure class=\"wp-block-gallery aligncenter has-nested-images columns-2 is-cropped wp-block-gallery-2 is-layout-flex wp-block-gallery-is-layout-flex\">\n<figure class=\"wp-block-image size-large\"><img loading=\"lazy\" decoding=\"async\" width=\"1024\" height=\"681\" data-id=\"3085\" src=\"https:\/\/www.kristallturm.com\/wp-content\/uploads\/2020\/11\/KristallTurm_Flumserberg_04-1024x681.jpg\" alt=\"\" class=\"wp-image-3085\" srcset=\"https:\/\/www.kristallturm.com\/wp-content\/uploads\/2020\/11\/KristallTurm_Flumserberg_04-1024x681.jpg 1024w, https:\/\/www.kristallturm.com\/wp-content\/uploads\/2020\/11\/KristallTurm_Flumserberg_04-300x200.jpg 300w, https:\/\/www.kristallturm.com\/wp-content\/uploads\/2020\/11\/KristallTurm_Flumserberg_04-768x511.jpg 768w, https:\/\/www.kristallturm.com\/wp-content\/uploads\/2020\/11\/KristallTurm_Flumserberg_04-1536x1022.jpg 1536w, https:\/\/www.kristallturm.com\/wp-content\/uploads\/2020\/11\/KristallTurm_Flumserberg_04-2048x1363.jpg 2048w\" sizes=\"auto, (max-width: 1024px) 100vw, 1024px\" \/><\/figure>\n\n\n\n<figure class=\"wp-block-image size-large\"><img loading=\"lazy\" decoding=\"async\" width=\"1024\" height=\"658\" data-id=\"3087\" src=\"https:\/\/www.kristallturm.com\/wp-content\/uploads\/2020\/11\/KristallTurm_Flumserberg_10-1024x658.jpg\" alt=\"\" class=\"wp-image-3087\" srcset=\"https:\/\/www.kristallturm.com\/wp-content\/uploads\/2020\/11\/KristallTurm_Flumserberg_10-1024x658.jpg 1024w, https:\/\/www.kristallturm.com\/wp-content\/uploads\/2020\/11\/KristallTurm_Flumserberg_10-300x193.jpg 300w, https:\/\/www.kristallturm.com\/wp-content\/uploads\/2020\/11\/KristallTurm_Flumserberg_10-768x493.jpg 768w, https:\/\/www.kristallturm.com\/wp-content\/uploads\/2020\/11\/KristallTurm_Flumserberg_10-1536x987.jpg 1536w, https:\/\/www.kristallturm.com\/wp-content\/uploads\/2020\/11\/KristallTurm_Flumserberg_10-2048x1316.jpg 2048w\" sizes=\"auto, (max-width: 1024px) 100vw, 1024px\" \/><\/figure>\n<\/figure>\n\n\n\n<div style=\"height:20px\" aria-hidden=\"true\" class=\"wp-block-spacer\"><\/div>\n\n<\/div><\/div>\n\n\n<p><\/p>\n","protected":false},"excerpt":{"rendered":"<p>DIE PROFITABELSTE FL\u00c4CHE AUF DEINEM BERG SO WIRD DER SOMMER ZUR HAUPTSAISON. Ein KristallTurm\u00ae Hochseilgarten bietet Ski- und Wandergebieten ein einzigartiges Gesch\u00e4ftsmodell, um das Potenzial am Berg in den Sommer- und \u00dcbergangsmonaten voll auszusch\u00f6pfen. F\u00fcr schnellen ROI, mehr Auslastung von Bergbahn und Gastronomie und eine Maximierung der Zielgruppe. DER HOCHSEILGARTEN-EFFEKT EIN GAST KOMMT SELTEN ALLEIN &#8230; <a title=\"Bergbahnen\" class=\"read-more\" href=\"https:\/\/www.kristallturm.com\/de\/bergbahnen\/\" aria-label=\"Mehr Informationen \u00fcber Bergbahnen\">Weiterlesen<\/a><\/p>\n","protected":false},"author":1,"featured_media":0,"parent":0,"menu_order":0,"comment_status":"closed","ping_status":"closed","template":"","meta":{"_acf_changed":false,"_coblocks_attr":"","_coblocks_dimensions":"","_coblocks_responsive_height":"","_coblocks_accordion_ie_support":"","footnotes":""},"class_list":["post-1295","page","type-page","status-publish"],"acf":[],"yoast_head":"<!-- This site is optimized with the Yoast SEO plugin v27.5 - https:\/\/yoast.com\/product\/yoast-seo-wordpress\/ -->\n<title>Bergbahnen - Kristallturm<\/title>\n<meta name=\"robots\" content=\"index, follow, max-snippet:-1, max-image-preview:large, max-video-preview:-1\" \/>\n<link rel=\"canonical\" href=\"https:\/\/www.kristallturm.com\/de\/bergbahnen\/\" \/>\n<meta property=\"og:locale\" content=\"de_DE\" \/>\n<meta property=\"og:type\" content=\"article\" \/>\n<meta property=\"og:title\" content=\"Bergbahnen - Kristallturm\" \/>\n<meta property=\"og:description\" content=\"DIE PROFITABELSTE FL\u00c4CHE AUF DEINEM BERG SO WIRD DER SOMMER ZUR HAUPTSAISON. Ein KristallTurm\u00ae Hochseilgarten bietet Ski- und Wandergebieten ein einzigartiges Gesch\u00e4ftsmodell, um das Potenzial am Berg in den Sommer- und \u00dcbergangsmonaten voll auszusch\u00f6pfen. F\u00fcr schnellen ROI, mehr Auslastung von Bergbahn und Gastronomie und eine Maximierung der Zielgruppe. DER HOCHSEILGARTEN-EFFEKT EIN GAST KOMMT SELTEN ALLEIN ... Weiterlesen\" \/>\n<meta property=\"og:url\" content=\"https:\/\/www.kristallturm.com\/de\/bergbahnen\/\" \/>\n<meta property=\"og:site_name\" content=\"Kristallturm\" \/>\n<meta property=\"article:publisher\" content=\"https:\/\/www.facebook.com\/Kristallturm\/\" \/>\n<meta property=\"article:modified_time\" content=\"2026-04-14T07:22:36+00:00\" \/>\n<meta property=\"og:image\" content=\"https:\/\/www.kristallturm.com\/wp-content\/uploads\/2024\/08\/KristallTurm-KT-18-high-ropes-course-Flumserberg-Switzerland.jpg\" \/>\n\t<meta property=\"og:image:width\" content=\"760\" \/>\n\t<meta property=\"og:image:height\" content=\"506\" \/>\n\t<meta property=\"og:image:type\" content=\"image\/jpeg\" \/>\n<meta name=\"twitter:card\" content=\"summary_large_image\" \/>\n<meta name=\"twitter:label1\" content=\"Gesch\u00e4tzte Lesezeit\" \/>\n\t<meta name=\"twitter:data1\" content=\"2\u00a0Minuten\" \/>\n<script type=\"application\/ld+json\" class=\"yoast-schema-graph\">{\"@context\":\"https:\\\/\\\/schema.org\",\"@graph\":[{\"@type\":\"WebPage\",\"@id\":\"https:\\\/\\\/www.kristallturm.com\\\/de\\\/bergbahnen\\\/\",\"url\":\"https:\\\/\\\/www.kristallturm.com\\\/de\\\/bergbahnen\\\/\",\"name\":\"Bergbahnen - Kristallturm\",\"isPartOf\":{\"@id\":\"https:\\\/\\\/www.kristallturm.com\\\/de\\\/#website\"},\"primaryImageOfPage\":{\"@id\":\"https:\\\/\\\/www.kristallturm.com\\\/de\\\/bergbahnen\\\/#primaryimage\"},\"image\":{\"@id\":\"https:\\\/\\\/www.kristallturm.com\\\/de\\\/bergbahnen\\\/#primaryimage\"},\"thumbnailUrl\":\"https:\\\/\\\/www.kristallturm.com\\\/wp-content\\\/uploads\\\/2024\\\/08\\\/KristallTurm-KT-18-high-ropes-course-Flumserberg-Switzerland.jpg\",\"datePublished\":\"2020-10-01T09:12:43+00:00\",\"dateModified\":\"2026-04-14T07:22:36+00:00\",\"breadcrumb\":{\"@id\":\"https:\\\/\\\/www.kristallturm.com\\\/de\\\/bergbahnen\\\/#breadcrumb\"},\"inLanguage\":\"de\",\"potentialAction\":[{\"@type\":\"ReadAction\",\"target\":[\"https:\\\/\\\/www.kristallturm.com\\\/de\\\/bergbahnen\\\/\"]}]},{\"@type\":\"ImageObject\",\"inLanguage\":\"de\",\"@id\":\"https:\\\/\\\/www.kristallturm.com\\\/de\\\/bergbahnen\\\/#primaryimage\",\"url\":\"https:\\\/\\\/www.kristallturm.com\\\/wp-content\\\/uploads\\\/2024\\\/08\\\/KristallTurm-KT-18-high-ropes-course-Flumserberg-Switzerland.jpg\",\"contentUrl\":\"https:\\\/\\\/www.kristallturm.com\\\/wp-content\\\/uploads\\\/2024\\\/08\\\/KristallTurm-KT-18-high-ropes-course-Flumserberg-Switzerland.jpg\"},{\"@type\":\"BreadcrumbList\",\"@id\":\"https:\\\/\\\/www.kristallturm.com\\\/de\\\/bergbahnen\\\/#breadcrumb\",\"itemListElement\":[{\"@type\":\"ListItem\",\"position\":1,\"name\":\"Home\",\"item\":\"https:\\\/\\\/www.kristallturm.com\\\/de\\\/\"},{\"@type\":\"ListItem\",\"position\":2,\"name\":\"Bergbahnen\"}]},{\"@type\":\"WebSite\",\"@id\":\"https:\\\/\\\/www.kristallturm.com\\\/de\\\/#website\",\"url\":\"https:\\\/\\\/www.kristallturm.com\\\/de\\\/\",\"name\":\"Kristallturm\",\"description\":\"THE HIGH ROPES COURSE\",\"publisher\":{\"@id\":\"https:\\\/\\\/www.kristallturm.com\\\/de\\\/#organization\"},\"potentialAction\":[{\"@type\":\"SearchAction\",\"target\":{\"@type\":\"EntryPoint\",\"urlTemplate\":\"https:\\\/\\\/www.kristallturm.com\\\/de\\\/?s={search_term_string}\"},\"query-input\":{\"@type\":\"PropertyValueSpecification\",\"valueRequired\":true,\"valueName\":\"search_term_string\"}}],\"inLanguage\":\"de\"},{\"@type\":\"Organization\",\"@id\":\"https:\\\/\\\/www.kristallturm.com\\\/de\\\/#organization\",\"name\":\"Kristallturm\",\"url\":\"https:\\\/\\\/www.kristallturm.com\\\/de\\\/\",\"logo\":{\"@type\":\"ImageObject\",\"inLanguage\":\"de\",\"@id\":\"https:\\\/\\\/www.kristallturm.com\\\/de\\\/#\\\/schema\\\/logo\\\/image\\\/\",\"url\":\"https:\\\/\\\/www.kristallturm.com\\\/wp-content\\\/uploads\\\/2020\\\/11\\\/KT_Logo-Zusa_ab-2020_en.png\",\"contentUrl\":\"https:\\\/\\\/www.kristallturm.com\\\/wp-content\\\/uploads\\\/2020\\\/11\\\/KT_Logo-Zusa_ab-2020_en.png\",\"width\":1523,\"height\":806,\"caption\":\"Kristallturm\"},\"image\":{\"@id\":\"https:\\\/\\\/www.kristallturm.com\\\/de\\\/#\\\/schema\\\/logo\\\/image\\\/\"},\"sameAs\":[\"https:\\\/\\\/www.facebook.com\\\/Kristallturm\\\/\",\"https:\\\/\\\/www.instagram.com\\\/kristallturm_germany\\\/\"]}]}<\/script>\n<!-- \/ Yoast SEO plugin. -->","yoast_head_json":{"title":"Bergbahnen - Kristallturm","robots":{"index":"index","follow":"follow","max-snippet":"max-snippet:-1","max-image-preview":"max-image-preview:large","max-video-preview":"max-video-preview:-1"},"canonical":"https:\/\/www.kristallturm.com\/de\/bergbahnen\/","og_locale":"de_DE","og_type":"article","og_title":"Bergbahnen - Kristallturm","og_description":"DIE PROFITABELSTE FL\u00c4CHE AUF DEINEM BERG SO WIRD DER SOMMER ZUR HAUPTSAISON. Ein KristallTurm\u00ae Hochseilgarten bietet Ski- und Wandergebieten ein einzigartiges Gesch\u00e4ftsmodell, um das Potenzial am Berg in den Sommer- und \u00dcbergangsmonaten voll auszusch\u00f6pfen. F\u00fcr schnellen ROI, mehr Auslastung von Bergbahn und Gastronomie und eine Maximierung der Zielgruppe. DER HOCHSEILGARTEN-EFFEKT EIN GAST KOMMT SELTEN ALLEIN ... Weiterlesen","og_url":"https:\/\/www.kristallturm.com\/de\/bergbahnen\/","og_site_name":"Kristallturm","article_publisher":"https:\/\/www.facebook.com\/Kristallturm\/","article_modified_time":"2026-04-14T07:22:36+00:00","og_image":[{"width":760,"height":506,"url":"https:\/\/www.kristallturm.com\/wp-content\/uploads\/2024\/08\/KristallTurm-KT-18-high-ropes-course-Flumserberg-Switzerland.jpg","type":"image\/jpeg"}],"twitter_card":"summary_large_image","twitter_misc":{"Gesch\u00e4tzte Lesezeit":"2\u00a0Minuten"},"schema":{"@context":"https:\/\/schema.org","@graph":[{"@type":"WebPage","@id":"https:\/\/www.kristallturm.com\/de\/bergbahnen\/","url":"https:\/\/www.kristallturm.com\/de\/bergbahnen\/","name":"Bergbahnen - Kristallturm","isPartOf":{"@id":"https:\/\/www.kristallturm.com\/de\/#website"},"primaryImageOfPage":{"@id":"https:\/\/www.kristallturm.com\/de\/bergbahnen\/#primaryimage"},"image":{"@id":"https:\/\/www.kristallturm.com\/de\/bergbahnen\/#primaryimage"},"thumbnailUrl":"https:\/\/www.kristallturm.com\/wp-content\/uploads\/2024\/08\/KristallTurm-KT-18-high-ropes-course-Flumserberg-Switzerland.jpg","datePublished":"2020-10-01T09:12:43+00:00","dateModified":"2026-04-14T07:22:36+00:00","breadcrumb":{"@id":"https:\/\/www.kristallturm.com\/de\/bergbahnen\/#breadcrumb"},"inLanguage":"de","potentialAction":[{"@type":"ReadAction","target":["https:\/\/www.kristallturm.com\/de\/bergbahnen\/"]}]},{"@type":"ImageObject","inLanguage":"de","@id":"https:\/\/www.kristallturm.com\/de\/bergbahnen\/#primaryimage","url":"https:\/\/www.kristallturm.com\/wp-content\/uploads\/2024\/08\/KristallTurm-KT-18-high-ropes-course-Flumserberg-Switzerland.jpg","contentUrl":"https:\/\/www.kristallturm.com\/wp-content\/uploads\/2024\/08\/KristallTurm-KT-18-high-ropes-course-Flumserberg-Switzerland.jpg"},{"@type":"BreadcrumbList","@id":"https:\/\/www.kristallturm.com\/de\/bergbahnen\/#breadcrumb","itemListElement":[{"@type":"ListItem","position":1,"name":"Home","item":"https:\/\/www.kristallturm.com\/de\/"},{"@type":"ListItem","position":2,"name":"Bergbahnen"}]},{"@type":"WebSite","@id":"https:\/\/www.kristallturm.com\/de\/#website","url":"https:\/\/www.kristallturm.com\/de\/","name":"Kristallturm","description":"THE HIGH ROPES COURSE","publisher":{"@id":"https:\/\/www.kristallturm.com\/de\/#organization"},"potentialAction":[{"@type":"SearchAction","target":{"@type":"EntryPoint","urlTemplate":"https:\/\/www.kristallturm.com\/de\/?s={search_term_string}"},"query-input":{"@type":"PropertyValueSpecification","valueRequired":true,"valueName":"search_term_string"}}],"inLanguage":"de"},{"@type":"Organization","@id":"https:\/\/www.kristallturm.com\/de\/#organization","name":"Kristallturm","url":"https:\/\/www.kristallturm.com\/de\/","logo":{"@type":"ImageObject","inLanguage":"de","@id":"https:\/\/www.kristallturm.com\/de\/#\/schema\/logo\/image\/","url":"https:\/\/www.kristallturm.com\/wp-content\/uploads\/2020\/11\/KT_Logo-Zusa_ab-2020_en.png","contentUrl":"https:\/\/www.kristallturm.com\/wp-content\/uploads\/2020\/11\/KT_Logo-Zusa_ab-2020_en.png","width":1523,"height":806,"caption":"Kristallturm"},"image":{"@id":"https:\/\/www.kristallturm.com\/de\/#\/schema\/logo\/image\/"},"sameAs":["https:\/\/www.facebook.com\/Kristallturm\/","https:\/\/www.instagram.com\/kristallturm_germany\/"]}]}},"_links":{"self":[{"href":"https:\/\/www.kristallturm.com\/de\/wp-json\/wp\/v2\/pages\/1295","targetHints":{"allow":["GET"]}}],"collection":[{"href":"https:\/\/www.kristallturm.com\/de\/wp-json\/wp\/v2\/pages"}],"about":[{"href":"https:\/\/www.kristallturm.com\/de\/wp-json\/wp\/v2\/types\/page"}],"author":[{"embeddable":true,"href":"https:\/\/www.kristallturm.com\/de\/wp-json\/wp\/v2\/users\/1"}],"replies":[{"embeddable":true,"href":"https:\/\/www.kristallturm.com\/de\/wp-json\/wp\/v2\/comments?post=1295"}],"version-history":[{"count":36,"href":"https:\/\/www.kristallturm.com\/de\/wp-json\/wp\/v2\/pages\/1295\/revisions"}],"predecessor-version":[{"id":16822,"href":"https:\/\/www.kristallturm.com\/de\/wp-json\/wp\/v2\/pages\/1295\/revisions\/16822"}],"wp:attachment":[{"href":"https:\/\/www.kristallturm.com\/de\/wp-json\/wp\/v2\/media?parent=1295"}],"curies":[{"name":"wp","href":"https:\/\/api.w.org\/{rel}","templated":true}]}}