{"id":10073,"date":"2023-09-14T15:17:36","date_gmt":"2023-09-14T13:17:36","guid":{"rendered":"https:\/\/www.kristallturm.com\/?page_id=10073"},"modified":"2025-07-07T12:45:19","modified_gmt":"2025-07-07T10:45:19","slug":"kt-evolution","status":"publish","type":"page","link":"https:\/\/www.kristallturm.com\/de\/kt-evolution\/","title":{"rendered":"KT-Evolution"},"content":{"rendered":"\n<div class=\"wp-block-group alignfull has-base-2-background-color has-background\" style=\"padding-top:6vw;padding-right:6vw;padding-bottom:6vw;padding-left:6vw\"><div class=\"wp-block-group__inner-container is-layout-flow wp-block-group-is-layout-flow\">\n<div class=\"wp-block-group is-vertical is-nowrap is-layout-flex wp-container-core-group-is-layout-287ef9cb wp-block-group-is-layout-flex\" style=\"padding-right:0;padding-left:0\">\n<h2 class=\"wp-block-heading has-contrast-2-color has-text-color\" id=\"ecosystem\" style=\"font-size:16px\"><strong>The next level adventure hub.<\/strong><\/h2>\n\n\n\n<h1 class=\"gb-headline gb-headline-fbc395f5 gb-headline-text\">KT-Evolution.<\/h1>\n<\/div>\n\n\n\n<div style=\"height:100px\" aria-hidden=\"true\" class=\"wp-block-spacer\"><\/div>\n\n\n\n<div class=\"wp-block-columns are-vertically-aligned-center is-layout-flex wp-container-core-columns-is-layout-9d6595d7 wp-block-columns-is-layout-flex\">\n<div class=\"wp-block-column is-vertically-aligned-center is-layout-flow wp-block-column-is-layout-flow\" style=\"flex-basis:33.33%\">\n<p class=\"has-contrast-2-color has-text-color\"><strong>Die neue Generation des KristallTurms<sup>\u00ae<\/sup> ist nicht nur ein typischer Hochseilgarten.<\/strong><\/p>\n\n\n\n<p class=\"has-contrast-2-color has-text-color\">Unser KristallTurm<sup>\u00ae<\/sup> Evolution ist das ultimative Abenteuer auf nur 900 m<sup>2<\/sup>. Viele verschiedene Elemente werden zu einem gro\u00dfen Adventure Hub kombiniert und bietet dabei Platz f\u00fcr mehr als 400 Personen gleichzeitig.<\/p>\n\n\n\n<p class=\"has-contrast-2-color has-text-color\">Dies macht die ganzheitliche Attraktion zu einem echten Multitalent, das den Spa\u00df pro Quadratmeter maximiert und Unterhaltung und Action f\u00fcr die ganze Familie bietet.<\/p>\n<\/div>\n\n\n\n<div class=\"wp-block-column is-vertically-aligned-center is-layout-flow wp-block-column-is-layout-flow\" style=\"flex-basis:66.66%\">\n<figure class=\"wp-block-image size-full\"><img loading=\"lazy\" decoding=\"async\" width=\"900\" height=\"599\" src=\"https:\/\/www.kristallturm.com\/wp-content\/uploads\/2023\/09\/KT_evo_quer_1.jpg\" alt=\"\" class=\"wp-image-10056\" srcset=\"https:\/\/www.kristallturm.com\/wp-content\/uploads\/2023\/09\/KT_evo_quer_1.jpg 900w, https:\/\/www.kristallturm.com\/wp-content\/uploads\/2023\/09\/KT_evo_quer_1-300x200.jpg 300w, https:\/\/www.kristallturm.com\/wp-content\/uploads\/2023\/09\/KT_evo_quer_1-768x511.jpg 768w\" sizes=\"auto, (max-width: 900px) 100vw, 900px\" \/><\/figure>\n<\/div>\n<\/div>\n\n\n\n<div class=\"wp-block-group alignwide is-vertical is-nowrap is-layout-flex wp-container-core-group-is-layout-8171334d wp-block-group-is-layout-flex\" style=\"padding-top:0;padding-right:0;padding-bottom:0;padding-left:0\">\n<div class=\"wp-block-columns alignwide is-layout-flex wp-container-core-columns-is-layout-724a882f wp-block-columns-is-layout-flex\">\n<div class=\"wp-block-column is-layout-flow wp-block-column-is-layout-flow\" style=\"flex-basis:69%\">\n<div style=\"height:100px\" aria-hidden=\"true\" class=\"wp-block-spacer\"><\/div>\n\n\n\n<figure class=\"wp-block-image size-full\"><img loading=\"lazy\" decoding=\"async\" width=\"900\" height=\"599\" src=\"https:\/\/www.kristallturm.com\/wp-content\/uploads\/2023\/09\/KT_evo_quer.jpg\" alt=\"\" class=\"wp-image-10053\" srcset=\"https:\/\/www.kristallturm.com\/wp-content\/uploads\/2023\/09\/KT_evo_quer.jpg 900w, https:\/\/www.kristallturm.com\/wp-content\/uploads\/2023\/09\/KT_evo_quer-300x200.jpg 300w, https:\/\/www.kristallturm.com\/wp-content\/uploads\/2023\/09\/KT_evo_quer-768x511.jpg 768w\" sizes=\"auto, (max-width: 900px) 100vw, 900px\" \/><\/figure>\n<\/div>\n\n\n\n<div class=\"wp-block-column is-vertically-aligned-center is-layout-flow wp-block-column-is-layout-flow\" style=\"flex-basis:33%\">\n<div style=\"height:2vw\" aria-hidden=\"true\" class=\"wp-block-spacer\"><\/div>\n\n\n\n<p><strong>Ein Abenteuer Hub, viele M\u00f6glichkeiten.<\/strong><br><br>Einer der gro\u00dfen Vorteile des KristallTurm<sup>\u00ae<\/sup> Evolution ist die M\u00f6glichkeit, die verschiedenen Attraktionen individuell zu nutzen. Nur der Hochseilgarten, die Action Climbing Panels und der Kinderparcours ben\u00f6tigen ein Selbstsicherungssystem. Die anderen Attraktionen wie der Netzparcours, die Riesenschaukel, die R\u00f6hrenrutsche und der Rundweg oben auf k\u00f6nnen auch ohne Sicherungssystem genutzt werden.<\/p>\n<\/div>\n<\/div>\n<\/div>\n\n\n<div class=\"gb-container gb-container-b4fef4c8\">\n\n<h2 class=\"gb-headline gb-headline-da1f5534 gb-headline-text\">Key features.<\/h2>\n\n\n\n<div class=\"wp-block-coblocks-accordion\">\n<div class=\"wp-block-coblocks-accordion-item\"><details><summary class=\"wp-block-coblocks-accordion-item__title\"><strong>Hochseilgarten<\/strong><\/summary><div class=\"wp-block-coblocks-accordion-item__content\">\n<p>Bis zu 4 Ebenen mit 120 Kletterelementen, diagonalen und vertikalen Stationen und vielen Erweiterungen wie Walk the Plank und einer Abseilstation.<\/p>\n<\/div><\/details><\/div>\n\n\n\n<div class=\"wp-block-coblocks-accordion-item\"><details><summary class=\"wp-block-coblocks-accordion-item__title\"><strong>Walkway on top<\/strong><\/summary><div class=\"wp-block-coblocks-accordion-item__content\">\n<p>Rundgang um die gesamte Anlage auf der obersten Ebene. Der Rundgang kann \u00fcber die Treppe ohne Selbstsicherungssytem erreicht werden.<\/p>\n<\/div><\/details><\/div>\n\n\n\n<div class=\"wp-block-coblocks-accordion-item\"><details><summary class=\"wp-block-coblocks-accordion-item__title\"><strong>Netzparcours<\/strong><\/summary><div class=\"wp-block-coblocks-accordion-item__content\">\n<p>3 Netzparcours winden sich in der Mitte der Anlage mit jeweils bis zu 8 Elementen den Turm hinauf. Sie sind mit einem umlaufenden Netz gesichert, sodass ein Selbstsicherungssystem nicht erforderlich ist. Der Abstieg erfolgt entweder rasant \u00fcber die R\u00f6hrenrutsche oder die Treppe.<\/p>\n<\/div><\/details><\/div>\n\n\n\n<div class=\"wp-block-coblocks-accordion-item\"><details><summary class=\"wp-block-coblocks-accordion-item__title\"><strong>Mehrere Treppen<\/strong><\/summary><div class=\"wp-block-coblocks-accordion-item__content\">\n<p>Zwei getrennte Treppen erm\u00f6glichen es, die Attraktionen von zwei Seiten zu betreten und die Plattform zu erreichen. Die Treppe in der Mitte der Anlage macht die R\u00f6hrenrutsche und den Netzparcours leicht zug\u00e4nglich.<\/p>\n<\/div><\/details><\/div>\n\n\n\n<div class=\"wp-block-coblocks-accordion-item\"><details><summary class=\"wp-block-coblocks-accordion-item__title\"><strong>Action Climbing<\/strong><\/summary><div class=\"wp-block-coblocks-accordion-item__content\">\n<p>5 verschiedene Action Climbing Panels, ein Pole Walk und Rope Climbing lassen den Adrenalinspiegel in die H\u00f6he schnellen.<\/p>\n<\/div><\/details><\/div>\n\n\n\n<div class=\"wp-block-coblocks-accordion-item\"><details><summary class=\"wp-block-coblocks-accordion-item__title\"><strong>Kinderparcours<\/strong><\/summary><div class=\"wp-block-coblocks-accordion-item__content\">\n<p>19 bodennahe Kletterelemente mit durchgehendem Sicherungssystem f\u00fcr Kinder von 3 bis 8 Jahren (bis zu einer K\u00f6rpergr\u00f6\u00dfe von 1,40 m).<\/p>\n<\/div><\/details><\/div>\n\n\n\n<div class=\"wp-block-coblocks-accordion-item\"><details><summary class=\"wp-block-coblocks-accordion-item__title\"><strong>R\u00f6hrenrutsche<\/strong><\/summary><div class=\"wp-block-coblocks-accordion-item__content\">\n<p>In der Mitte der Anlage f\u00fchrt eine R\u00f6hrenrutsche aus bis zu 19 m H\u00f6he schnell wieder nach unten.<\/p>\n<\/div><\/details><\/div>\n\n\n\n<div class=\"wp-block-coblocks-accordion-item\"><details><summary class=\"wp-block-coblocks-accordion-item__title\"><strong>Riesenschaukel<\/strong><\/summary><div class=\"wp-block-coblocks-accordion-item__content\">\n<p>Die Riesenschaukel an der Seite der Anlage erg\u00e4nzt das ganzheitliche Abenteuer und kann als separate Attraktion betrieben werden.<\/p>\n<\/div><\/details><\/div>\n\n\n\n<div class=\"wp-block-coblocks-accordion-item\"><\/div>\n<\/div>\n\n<\/div>\n\n<div class=\"gb-container gb-container-00a8fe74\">\n\n<h2 class=\"gb-headline gb-headline-ced3642f gb-headline-text\">Neugierig geworden?<\/h2>\n\n\n\n<p>Ihr habt Interesse an unserem KT-Evolution, m\u00f6chtet mehr Informationen oder ein individuelles Angebot?<\/p>\n\n\n\n<p><a href=\"https:\/\/www.kristallturm.com\/de\/kontakt\/\">Dann meldet euch bei uns!&nbsp;<strong>\u2192<\/strong><\/a><\/p>\n\n<\/div><\/div><\/div>\n","protected":false},"excerpt":{"rendered":"<p>The next level adventure hub. KT-Evolution. Die neue Generation des KristallTurms\u00ae ist nicht nur ein typischer Hochseilgarten. Unser KristallTurm\u00ae Evolution ist das ultimative Abenteuer auf nur 900 m2. Viele verschiedene Elemente werden zu einem gro\u00dfen Adventure Hub kombiniert und bietet dabei Platz f\u00fcr mehr als 400 Personen gleichzeitig. Dies macht die ganzheitliche Attraktion zu einem &#8230; <a title=\"KT-Evolution\" class=\"read-more\" href=\"https:\/\/www.kristallturm.com\/de\/kt-evolution\/\" aria-label=\"Mehr Informationen \u00fcber KT-Evolution\">Weiterlesen<\/a><\/p>\n","protected":false},"author":15,"featured_media":0,"parent":0,"menu_order":0,"comment_status":"closed","ping_status":"closed","template":"","meta":{"_acf_changed":false,"_coblocks_attr":"","_coblocks_dimensions":"","_coblocks_responsive_height":"","_coblocks_accordion_ie_support":"","footnotes":""},"class_list":["post-10073","page","type-page","status-publish"],"acf":[],"yoast_head":"<!-- This site is optimized with the Yoast SEO plugin v27.3 - https:\/\/yoast.com\/product\/yoast-seo-wordpress\/ -->\n<title>KristallTurm\u00ae Evolution | The the next level adventure hub<\/title>\n<meta name=\"description\" content=\"Ultimatives Abenteuer auf nur 900 m2 \u27a4 Viele verschiedene Elemente und M\u00f6glichkeiten \u27a4 Jetzt Kontakt aufnehmen!\" \/>\n<meta name=\"robots\" content=\"index, follow, max-snippet:-1, max-image-preview:large, max-video-preview:-1\" \/>\n<link rel=\"canonical\" href=\"https:\/\/www.kristallturm.com\/de\/kt-evolution\/\" \/>\n<meta property=\"og:locale\" content=\"de_DE\" \/>\n<meta property=\"og:type\" content=\"article\" \/>\n<meta property=\"og:title\" content=\"KristallTurm\u00ae Evolution | The the next level adventure hub\" \/>\n<meta property=\"og:description\" content=\"Ultimatives Abenteuer auf nur 900 m2 \u27a4 Viele verschiedene Elemente und M\u00f6glichkeiten \u27a4 Jetzt Kontakt aufnehmen!\" \/>\n<meta property=\"og:url\" content=\"https:\/\/www.kristallturm.com\/de\/kt-evolution\/\" \/>\n<meta property=\"og:site_name\" content=\"Kristallturm\" \/>\n<meta property=\"article:modified_time\" content=\"2025-07-07T10:45:19+00:00\" \/>\n<meta property=\"og:image\" content=\"https:\/\/www.kristallturm.com\/wp-content\/uploads\/2023\/09\/KT_evo_quer_1.jpg\" \/>\n\t<meta property=\"og:image:width\" content=\"900\" \/>\n\t<meta property=\"og:image:height\" content=\"599\" \/>\n\t<meta property=\"og:image:type\" content=\"image\/jpeg\" \/>\n<meta name=\"twitter:card\" content=\"summary_large_image\" \/>\n<meta name=\"twitter:label1\" content=\"Gesch\u00e4tzte Lesezeit\" \/>\n\t<meta name=\"twitter:data1\" content=\"3\u00a0Minuten\" \/>\n<script type=\"application\/ld+json\" class=\"yoast-schema-graph\">{\"@context\":\"https:\\\/\\\/schema.org\",\"@graph\":[{\"@type\":\"WebPage\",\"@id\":\"https:\\\/\\\/www.kristallturm.com\\\/de\\\/kt-evolution\\\/\",\"url\":\"https:\\\/\\\/www.kristallturm.com\\\/de\\\/kt-evolution\\\/\",\"name\":\"KristallTurm\u00ae Evolution | The the next level adventure hub\",\"isPartOf\":{\"@id\":\"https:\\\/\\\/www.kristallturm.com\\\/de\\\/#website\"},\"primaryImageOfPage\":{\"@id\":\"https:\\\/\\\/www.kristallturm.com\\\/de\\\/kt-evolution\\\/#primaryimage\"},\"image\":{\"@id\":\"https:\\\/\\\/www.kristallturm.com\\\/de\\\/kt-evolution\\\/#primaryimage\"},\"thumbnailUrl\":\"https:\\\/\\\/www.kristallturm.com\\\/wp-content\\\/uploads\\\/2023\\\/09\\\/KT_evo_quer_1.jpg\",\"datePublished\":\"2023-09-14T13:17:36+00:00\",\"dateModified\":\"2025-07-07T10:45:19+00:00\",\"description\":\"Ultimatives Abenteuer auf nur 900 m2 \u27a4 Viele verschiedene Elemente und M\u00f6glichkeiten \u27a4 Jetzt Kontakt aufnehmen!\",\"breadcrumb\":{\"@id\":\"https:\\\/\\\/www.kristallturm.com\\\/de\\\/kt-evolution\\\/#breadcrumb\"},\"inLanguage\":\"de\",\"potentialAction\":[{\"@type\":\"ReadAction\",\"target\":[\"https:\\\/\\\/www.kristallturm.com\\\/de\\\/kt-evolution\\\/\"]}]},{\"@type\":\"ImageObject\",\"inLanguage\":\"de\",\"@id\":\"https:\\\/\\\/www.kristallturm.com\\\/de\\\/kt-evolution\\\/#primaryimage\",\"url\":\"https:\\\/\\\/www.kristallturm.com\\\/wp-content\\\/uploads\\\/2023\\\/09\\\/KT_evo_quer_1.jpg\",\"contentUrl\":\"https:\\\/\\\/www.kristallturm.com\\\/wp-content\\\/uploads\\\/2023\\\/09\\\/KT_evo_quer_1.jpg\"},{\"@type\":\"BreadcrumbList\",\"@id\":\"https:\\\/\\\/www.kristallturm.com\\\/de\\\/kt-evolution\\\/#breadcrumb\",\"itemListElement\":[{\"@type\":\"ListItem\",\"position\":1,\"name\":\"Home\",\"item\":\"https:\\\/\\\/www.kristallturm.com\\\/de\\\/\"},{\"@type\":\"ListItem\",\"position\":2,\"name\":\"KT-Evolution\"}]},{\"@type\":\"WebSite\",\"@id\":\"https:\\\/\\\/www.kristallturm.com\\\/de\\\/#website\",\"url\":\"https:\\\/\\\/www.kristallturm.com\\\/de\\\/\",\"name\":\"Kristallturm\",\"description\":\"THE HIGH ROPES COURSE\",\"potentialAction\":[{\"@type\":\"SearchAction\",\"target\":{\"@type\":\"EntryPoint\",\"urlTemplate\":\"https:\\\/\\\/www.kristallturm.com\\\/de\\\/?s={search_term_string}\"},\"query-input\":{\"@type\":\"PropertyValueSpecification\",\"valueRequired\":true,\"valueName\":\"search_term_string\"}}],\"inLanguage\":\"de\"}]}<\/script>\n<!-- \/ Yoast SEO plugin. -->","yoast_head_json":{"title":"KristallTurm\u00ae Evolution | The the next level adventure hub","description":"Ultimatives Abenteuer auf nur 900 m2 \u27a4 Viele verschiedene Elemente und M\u00f6glichkeiten \u27a4 Jetzt Kontakt aufnehmen!","robots":{"index":"index","follow":"follow","max-snippet":"max-snippet:-1","max-image-preview":"max-image-preview:large","max-video-preview":"max-video-preview:-1"},"canonical":"https:\/\/www.kristallturm.com\/de\/kt-evolution\/","og_locale":"de_DE","og_type":"article","og_title":"KristallTurm\u00ae Evolution | The the next level adventure hub","og_description":"Ultimatives Abenteuer auf nur 900 m2 \u27a4 Viele verschiedene Elemente und M\u00f6glichkeiten \u27a4 Jetzt Kontakt aufnehmen!","og_url":"https:\/\/www.kristallturm.com\/de\/kt-evolution\/","og_site_name":"Kristallturm","article_modified_time":"2025-07-07T10:45:19+00:00","og_image":[{"width":900,"height":599,"url":"https:\/\/www.kristallturm.com\/wp-content\/uploads\/2023\/09\/KT_evo_quer_1.jpg","type":"image\/jpeg"}],"twitter_card":"summary_large_image","twitter_misc":{"Gesch\u00e4tzte Lesezeit":"3\u00a0Minuten"},"schema":{"@context":"https:\/\/schema.org","@graph":[{"@type":"WebPage","@id":"https:\/\/www.kristallturm.com\/de\/kt-evolution\/","url":"https:\/\/www.kristallturm.com\/de\/kt-evolution\/","name":"KristallTurm\u00ae Evolution | The the next level adventure hub","isPartOf":{"@id":"https:\/\/www.kristallturm.com\/de\/#website"},"primaryImageOfPage":{"@id":"https:\/\/www.kristallturm.com\/de\/kt-evolution\/#primaryimage"},"image":{"@id":"https:\/\/www.kristallturm.com\/de\/kt-evolution\/#primaryimage"},"thumbnailUrl":"https:\/\/www.kristallturm.com\/wp-content\/uploads\/2023\/09\/KT_evo_quer_1.jpg","datePublished":"2023-09-14T13:17:36+00:00","dateModified":"2025-07-07T10:45:19+00:00","description":"Ultimatives Abenteuer auf nur 900 m2 \u27a4 Viele verschiedene Elemente und M\u00f6glichkeiten \u27a4 Jetzt Kontakt aufnehmen!","breadcrumb":{"@id":"https:\/\/www.kristallturm.com\/de\/kt-evolution\/#breadcrumb"},"inLanguage":"de","potentialAction":[{"@type":"ReadAction","target":["https:\/\/www.kristallturm.com\/de\/kt-evolution\/"]}]},{"@type":"ImageObject","inLanguage":"de","@id":"https:\/\/www.kristallturm.com\/de\/kt-evolution\/#primaryimage","url":"https:\/\/www.kristallturm.com\/wp-content\/uploads\/2023\/09\/KT_evo_quer_1.jpg","contentUrl":"https:\/\/www.kristallturm.com\/wp-content\/uploads\/2023\/09\/KT_evo_quer_1.jpg"},{"@type":"BreadcrumbList","@id":"https:\/\/www.kristallturm.com\/de\/kt-evolution\/#breadcrumb","itemListElement":[{"@type":"ListItem","position":1,"name":"Home","item":"https:\/\/www.kristallturm.com\/de\/"},{"@type":"ListItem","position":2,"name":"KT-Evolution"}]},{"@type":"WebSite","@id":"https:\/\/www.kristallturm.com\/de\/#website","url":"https:\/\/www.kristallturm.com\/de\/","name":"Kristallturm","description":"THE HIGH ROPES COURSE","potentialAction":[{"@type":"SearchAction","target":{"@type":"EntryPoint","urlTemplate":"https:\/\/www.kristallturm.com\/de\/?s={search_term_string}"},"query-input":{"@type":"PropertyValueSpecification","valueRequired":true,"valueName":"search_term_string"}}],"inLanguage":"de"}]}},"_links":{"self":[{"href":"https:\/\/www.kristallturm.com\/de\/wp-json\/wp\/v2\/pages\/10073","targetHints":{"allow":["GET"]}}],"collection":[{"href":"https:\/\/www.kristallturm.com\/de\/wp-json\/wp\/v2\/pages"}],"about":[{"href":"https:\/\/www.kristallturm.com\/de\/wp-json\/wp\/v2\/types\/page"}],"author":[{"embeddable":true,"href":"https:\/\/www.kristallturm.com\/de\/wp-json\/wp\/v2\/users\/15"}],"replies":[{"embeddable":true,"href":"https:\/\/www.kristallturm.com\/de\/wp-json\/wp\/v2\/comments?post=10073"}],"version-history":[{"count":7,"href":"https:\/\/www.kristallturm.com\/de\/wp-json\/wp\/v2\/pages\/10073\/revisions"}],"predecessor-version":[{"id":13547,"href":"https:\/\/www.kristallturm.com\/de\/wp-json\/wp\/v2\/pages\/10073\/revisions\/13547"}],"wp:attachment":[{"href":"https:\/\/www.kristallturm.com\/de\/wp-json\/wp\/v2\/media?parent=10073"}],"curies":[{"name":"wp","href":"https:\/\/api.w.org\/{rel}","templated":true}]}}